{"id":138158,"date":"2024-02-14T00:00:00","date_gmt":"2024-02-14T05:00:00","guid":{"rendered":"https:\/\/gpl-love.com\/es\/producto\/woocommerce-pricing-y-discounts\/"},"modified":"2026-03-09T08:38:02","modified_gmt":"2026-03-09T13:38:02","slug":"woocommerce-pricing-y-discounts","status":"publish","type":"product","link":"https:\/\/gpl-love.com\/es\/producto\/woocommerce-pricing-y-discounts\/","title":{"rendered":"WooCommerce Pricing y Discounts 15.0"},"content":{"rendered":"<h3>WooCommerce Pricing y Discounts Caracteristicas<\/h3>\n<p>Los precios y los descuentos de WooCommerce es un complemento excepcionalmente poderoso que ofrece una variedad de amplias opciones de precios y descuento dise\u00f1adas espec\u00edficamente para las tiendas de WooCommerce. Este notable complemento le permite otorgar descuentos masivos y descuentos porcentuales, al tiempo que le brinda el lujo de establecer reglas de precios precisas para productos individuales o incluso categor\u00edas de productos. Esta caracter\u00edstica excepcional le otorga la capacidad de crear estructuras de precios altamente personalizadas que coincidan perfectamente con sus objetivos comerciales y se dirigen efectivamente a su base de clientes deseada. Adem\u00e1s, tambi\u00e9n puede crear reglas de precios din\u00e1micas sin esfuerzo que ajusten a la perfecci\u00f3n los precios de acuerdo con el comportamiento del cliente o el contenido de su carrito. Adem\u00e1s, la integraci\u00f3n perfecta de una interfaz notablemente f\u00e1cil de usar solidifica a\u00fan m\u00e1s la facilidad de configurar y administrar sus reglas de precios y descuento. Ya sea que sea el orgulloso propietario de una empresa a peque\u00f1a escala u opere una tienda magn\u00e1nima de nivel empresarial, tenga la seguridad de que los precios y los descuentos de WooCommerce son una herramienta invaluable que garantiza para ayudarlo a mantener una ventaja competitiva formidable y al mismo tiempo impulsar las ventas a alturas sin precedentes a alturas sin precedentes. .<\/p>\n<ul>\n<li>Precios potentes y flexibles y funcionalidad de descuento para su tienda WooCommerce<\/li>\n<li>Crear descuentos masivos seg\u00fan la cantidad o el total de carros<\/li>\n<li>Oferta porcentaje o descuentos de cantidad fija para productos o categor\u00edas espec\u00edficos<\/li>\n<li>Programe descuentos para aplicar autom\u00e1ticamente durante per\u00edodos de tiempo espec\u00edficos o en ciertos d\u00edas de la semana<\/li>\n<li>Configurar estructuras de precios escalonadas para diferentes grupos de clientes o variaciones de productos<\/li>\n<li>Controlar qu\u00e9 productos o categor\u00edas son elegibles para descuentos<\/li>\n<li>Elija mostrar informaci\u00f3n de descuento en p\u00e1ginas de productos o en el carrito<\/li>\n<li>F\u00e1cil de usar y totalmente personalizable a trav\u00e9s del panel de configuraci\u00f3n de WooCommerce<\/li>\n<li>Impulse las ventas incentivando a los clientes con estrategias de precios y descuentos espec\u00edficos<\/li>\n<\/ul>\n","protected":false},"excerpt":{"rendered":"<p>Los precios y los descuentos de WooCommerce, una herramienta incre\u00edblemente robusta, se presenta como un activo invaluable que est\u00e1 orientado a la optimizaci\u00f3n de las estrategias de precios para su tienda en l\u00ednea. Al implementar este complemento, desbloquea una gran cantidad de funcionalidades que permiten la creaci\u00f3n de reglas de precios din\u00e1micos, la provisi\u00f3n de porcentaje o descuentos de cantidad fija, establecimiento de comprar una promoci\u00f3n gratuita e implementaci\u00f3n de descuentos variados basados \u200b\u200ben roles de clientes o historial de compras. Adem\u00e1s, posee la capacidad de dictar el momento de la activaci\u00f3n de descuento, as\u00ed como la opci\u00f3n de mostrarlas prominentemente en las p\u00e1ginas de productos o durante el proceso de pago. Este complemento sirve como la mejor soluci\u00f3n para los propietarios de tiendas que aspiran a impulsar las ventas, fomentar la lealtad del cliente y competir efectivamente en el panorama siempre cambiante del comercio electr\u00f3nico.<\/p>\n","protected":false},"featured_media":168816,"comment_status":"open","ping_status":"open","template":"","meta":[],"product_brand":[2344],"product_cat":[1207,1225,1206],"product_tag":[1423],"class_list":{"0":"post-138158","1":"product","2":"type-product","3":"status-publish","4":"has-post-thumbnail","6":"product_brand-woocommerce","7":"product_cat-comercio-electronico-plugins","8":"product_cat-marketing","9":"product_cat-plugins","10":"product_tag-woocommerce","11":"member-discount","12":"discount-restricted","14":"first","15":"instock","16":"sale","17":"downloadable","18":"virtual","19":"sold-individually","20":"purchasable","21":"product-type-simple"},"_links":{"self":[{"href":"https:\/\/gpl-love.com\/es\/wp-json\/wp\/v2\/product\/138158","targetHints":{"allow":["GET"]}}],"collection":[{"href":"https:\/\/gpl-love.com\/es\/wp-json\/wp\/v2\/product"}],"about":[{"href":"https:\/\/gpl-love.com\/es\/wp-json\/wp\/v2\/types\/product"}],"replies":[{"embeddable":true,"href":"https:\/\/gpl-love.com\/es\/wp-json\/wp\/v2\/comments?post=138158"}],"wp:featuredmedia":[{"embeddable":true,"href":"https:\/\/gpl-love.com\/es\/wp-json\/wp\/v2\/media\/168816"}],"wp:attachment":[{"href":"https:\/\/gpl-love.com\/es\/wp-json\/wp\/v2\/media?parent=138158"}],"wp:term":[{"taxonomy":"product_brand","embeddable":true,"href":"https:\/\/gpl-love.com\/es\/wp-json\/wp\/v2\/product_brand?post=138158"},{"taxonomy":"product_cat","embeddable":true,"href":"https:\/\/gpl-love.com\/es\/wp-json\/wp\/v2\/product_cat?post=138158"},{"taxonomy":"product_tag","embeddable":true,"href":"https:\/\/gpl-love.com\/es\/wp-json\/wp\/v2\/product_tag?post=138158"}],"curies":[{"name":"wp","href":"https:\/\/api.w.org\/{rel}","templated":true}]}}