{"id":138156,"date":"2026-02-06T00:00:00","date_gmt":"2026-02-06T05:00:00","guid":{"rendered":"https:\/\/gpl-love.com\/es\/producto\/woocommerce-firstdata-payment-gateway\/"},"modified":"2026-03-09T08:38:00","modified_gmt":"2026-03-09T13:38:00","slug":"woocommerce-firstdata-payment-gateway","status":"publish","type":"product","link":"https:\/\/gpl-love.com\/es\/producto\/woocommerce-firstdata-payment-gateway\/","title":{"rendered":"WooCommerce FirstData Payment Gateway 5.3.2"},"content":{"rendered":"<h3>WooCommerce FirstData Payment Gateway Caracteristicas<\/h3>\n<p>La pasarela de pago de WooCommerce FirstData es una soluci\u00f3n de pago que ha demostrado ser confiable y segura, atendiendo las necesidades de las empresas en l\u00ednea que buscan realizar transacciones con facilidad y eficiencia. Al integrarse sin problemas con WooCommerce, esta pasarela de pago permite a las empresas aceptar convenientemente varios m\u00e9todos de pago, como tarjetas de cr\u00e9dito, tarjetas de d\u00e9bito y otras alternativas. Asegurando la m\u00e1xima seguridad, esta pasarela de pago incorpora caracter\u00edsticas avanzadas de seguridad, inculcando confianza en las empresas de que sus transacciones seguir\u00e1n protegidas. Adem\u00e1s, la interfaz f\u00e1cil de usar de la pasarela de pago de WooCommerce FirstData facilita la gesti\u00f3n eficiente de las transacciones, lo que permite a las empresas supervisar sin esfuerzo los historiales de pago y generar informes exhaustivos. Teniendo en cuenta sus caracter\u00edsticas y capacidades, esta pasarela de pago es una opci\u00f3n \u00f3ptima para las empresas en l\u00ednea con el objetivo de optimizar sus procesos de pago al tiempo que prioriza la confiabilidad y la seguridad.<\/p>\n<ul>\n<li>Integre perfectamente la pasarela de pago de FirstData en su tienda WooCommerce<\/li>\n<li>Acepte pagos con tarjeta de cr\u00e9dito a trav\u00e9s de FirstData con facilidad<\/li>\n<li>Asegurar transacciones seguras y cifradas para sus clientes<\/li>\n<li>Proporciona procesamiento en tiempo real y protecci\u00f3n de fraude<\/li>\n<li>Configuraci\u00f3n de configuraci\u00f3n f\u00e1cil de usar para una configuraci\u00f3n sin problemas<\/li>\n<li>Reducir las tarifas de abandono del carrito de compras con opciones de pago convenientes<\/li>\n<li>Experiencia de pago totalmente personalizable<\/li>\n<li>Obtenga informaci\u00f3n valiosa con extensas caracter\u00edsticas de informes y seguimiento<\/li>\n<li>Compatible con suscripciones de WooCommerce para empresas basadas en suscripci\u00f3n<\/li>\n<\/ul>\n","protected":false},"excerpt":{"rendered":"<p>La pasarela de pago de WooCommerce FirstData, una soluci\u00f3n excepcional y confiable, presenta un medio altamente confiable e impermeable para acomodar y procesar sin esfuerzo los pagos en l\u00ednea dentro de su estimada tienda de WooCommerce. Sorprendentemente, este complemento extraordinario se fusiona sin problemas con FirstData, una empresa eminente y distinguida especializada en el procesamiento de pagos, para otorgar a su estimada clientela una prueba de pago expedita y sin problemas. Con una funcionalidades de seguridad de vanguardia y la capacidad de realizar transacciones en tiempo real, esta notable e invaluable pasarela de pago garantiza una operaci\u00f3n impecablemente eficiente y perfecta de su estimado negocio, inculcando as\u00ed en sus estimados clientes un profundo sentido de garant\u00eda y certeza en su compras estimadas.<\/p>\n","protected":false},"featured_media":168815,"comment_status":"open","ping_status":"open","template":"","meta":[],"product_brand":[2344],"product_cat":[1208,1207,1206],"product_tag":[1423],"class_list":{"0":"post-138156","1":"product","2":"type-product","3":"status-publish","4":"has-post-thumbnail","6":"product_brand-woocommerce","7":"product_cat-administracion","8":"product_cat-comercio-electronico-plugins","9":"product_cat-plugins","10":"product_tag-woocommerce","11":"member-discount","12":"discount-restricted","14":"first","15":"instock","16":"sale","17":"downloadable","18":"virtual","19":"sold-individually","20":"purchasable","21":"product-type-simple"},"_links":{"self":[{"href":"https:\/\/gpl-love.com\/es\/wp-json\/wp\/v2\/product\/138156","targetHints":{"allow":["GET"]}}],"collection":[{"href":"https:\/\/gpl-love.com\/es\/wp-json\/wp\/v2\/product"}],"about":[{"href":"https:\/\/gpl-love.com\/es\/wp-json\/wp\/v2\/types\/product"}],"replies":[{"embeddable":true,"href":"https:\/\/gpl-love.com\/es\/wp-json\/wp\/v2\/comments?post=138156"}],"wp:featuredmedia":[{"embeddable":true,"href":"https:\/\/gpl-love.com\/es\/wp-json\/wp\/v2\/media\/168815"}],"wp:attachment":[{"href":"https:\/\/gpl-love.com\/es\/wp-json\/wp\/v2\/media?parent=138156"}],"wp:term":[{"taxonomy":"product_brand","embeddable":true,"href":"https:\/\/gpl-love.com\/es\/wp-json\/wp\/v2\/product_brand?post=138156"},{"taxonomy":"product_cat","embeddable":true,"href":"https:\/\/gpl-love.com\/es\/wp-json\/wp\/v2\/product_cat?post=138156"},{"taxonomy":"product_tag","embeddable":true,"href":"https:\/\/gpl-love.com\/es\/wp-json\/wp\/v2\/product_tag?post=138156"}],"curies":[{"name":"wp","href":"https:\/\/api.w.org\/{rel}","templated":true}]}}