{"id":138154,"date":"2025-10-29T00:00:00","date_gmt":"2025-10-29T05:00:00","guid":{"rendered":"https:\/\/gpl-love.com\/es\/producto\/woocommerce-advanced-shipping-packages\/"},"modified":"2026-03-09T08:37:59","modified_gmt":"2026-03-09T13:37:59","slug":"woocommerce-advanced-shipping-packages","status":"publish","type":"product","link":"https:\/\/gpl-love.com\/es\/producto\/woocommerce-advanced-shipping-packages\/","title":{"rendered":"WooCommerce Advanced Shipping Packages 1.2.3"},"content":{"rendered":"<h3>WooCommerce Advanced Shipping Packages Caracteristicas<\/h3>\n<p>WooCommerce Advanced Shipping Packages es una extensi\u00f3n extremadamente formidable que empodera a los propietarios de tiendas en l\u00ednea con la capacidad de fabricar paquetes de env\u00edo personalizados basados \u200b\u200ben una gran cantidad de criterios, que abarca peso, cantidad y destino. Al aprovechar esta extensi\u00f3n innovadora, tiene la capacidad de ofrecer a sus clientes apreciados con opciones de env\u00edo m\u00e1s maleables y precisas, todo el tiempo economizando el tiempo y la mitigaci\u00f3n de errores en su procedimiento de env\u00edo. Ya sea que sus exigencias conllevan las tarifas de env\u00edo personalizadas para productos diversos, zonas o clases de env\u00edo, los paquetes de env\u00edo avanzados de WooCommerce racionalizan la configuraci\u00f3n y administraci\u00f3n de sus par\u00e1metros de env\u00edo, lo que hace que el proceso sea f\u00e1cil. Con su interfaz f\u00e1cil de usar y caracter\u00edsticas de vanguardia, esta extensi\u00f3n es una adquisici\u00f3n indispensable para cualquier tienda en l\u00ednea que se esfuerce por optimizar sus operaciones de env\u00edo y generar una experiencia de cliente m\u00e1s gratificante.<\/p>\n<ul>\n<li>Crear paquetes de env\u00edo personalizables con facilidad<\/li>\n<li>Configurar reglas de env\u00edo complejas espec\u00edficas para su tienda<\/li>\n<li>Integrarse con m\u00faltiples operadores y m\u00e9todos de env\u00edo<\/li>\n<li>Aumentar los ingresos a trav\u00e9s de estrategias de env\u00edo estrat\u00e9gico<\/li>\n<li>Reducir los costos de env\u00edo a trav\u00e9s de c\u00e1lculos avanzados de paquetes<\/li>\n<li>Simplifique la administraci\u00f3n del env\u00edo con interfaz intuitiva<\/li>\n<li>Ofrecer a los clientes m\u00faltiples opciones de entrega basadas en peso, ubicaci\u00f3n y m\u00e1s<\/li>\n<li>Aplicar autom\u00e1ticamente los descuentos y promociones de env\u00edo<\/li>\n<li>Garantizar los c\u00e1lculos de impuestos y impuestos precisos para el env\u00edo internacional<\/li>\n<li>Aumentar la satisfacci\u00f3n del cliente con opciones de env\u00edo transparentes y flexibles<\/li>\n<\/ul>\n","protected":false},"excerpt":{"rendered":"<p>Los paquetes de env\u00edo avanzados de WooCommerce se presenta como una extensi\u00f3n de env\u00edo muy potente, otorgando la capacidad de fabricar y administrar paquetes de env\u00edo a medida dentro de los l\u00edmites de su tienda de WooCommerce. Con su variedad de funcionalidades avanzadas que abarcan el env\u00edo dependiente del peso, los precios escalonados y el env\u00edo dependiente de la zona, deber\u00e1 presentar a su apreciada clientela una variedad ampliada de alternativas de env\u00edo, simplificando y simplificando simult\u00e1neamente su procedimiento general de env\u00edo. Adem\u00e1s, su interfaz f\u00e1cil de usar y su proceso de configuraci\u00f3n directo le permitir\u00e1n comenzar a emplear esta notable herramienta en cuesti\u00f3n de meros momentos. No pierda tiempo y eleve sus capacidades de env\u00edo a alturas sin precedentes al adquirir r\u00e1pidamente los paquetes de env\u00edo avanzados de WooCommerce sin demora.<\/p>\n","protected":false},"featured_media":168814,"comment_status":"open","ping_status":"open","template":"","meta":[],"product_brand":[2344],"product_cat":[1208,1207,1206],"product_tag":[1423],"class_list":{"0":"post-138154","1":"product","2":"type-product","3":"status-publish","4":"has-post-thumbnail","6":"product_brand-woocommerce","7":"product_cat-administracion","8":"product_cat-comercio-electronico-plugins","9":"product_cat-plugins","10":"product_tag-woocommerce","11":"member-discount","12":"discount-restricted","14":"first","15":"instock","16":"sale","17":"downloadable","18":"virtual","19":"sold-individually","20":"purchasable","21":"product-type-simple"},"_links":{"self":[{"href":"https:\/\/gpl-love.com\/es\/wp-json\/wp\/v2\/product\/138154","targetHints":{"allow":["GET"]}}],"collection":[{"href":"https:\/\/gpl-love.com\/es\/wp-json\/wp\/v2\/product"}],"about":[{"href":"https:\/\/gpl-love.com\/es\/wp-json\/wp\/v2\/types\/product"}],"replies":[{"embeddable":true,"href":"https:\/\/gpl-love.com\/es\/wp-json\/wp\/v2\/comments?post=138154"}],"wp:featuredmedia":[{"embeddable":true,"href":"https:\/\/gpl-love.com\/es\/wp-json\/wp\/v2\/media\/168814"}],"wp:attachment":[{"href":"https:\/\/gpl-love.com\/es\/wp-json\/wp\/v2\/media?parent=138154"}],"wp:term":[{"taxonomy":"product_brand","embeddable":true,"href":"https:\/\/gpl-love.com\/es\/wp-json\/wp\/v2\/product_brand?post=138154"},{"taxonomy":"product_cat","embeddable":true,"href":"https:\/\/gpl-love.com\/es\/wp-json\/wp\/v2\/product_cat?post=138154"},{"taxonomy":"product_tag","embeddable":true,"href":"https:\/\/gpl-love.com\/es\/wp-json\/wp\/v2\/product_tag?post=138154"}],"curies":[{"name":"wp","href":"https:\/\/api.w.org\/{rel}","templated":true}]}}