{"id":138049,"date":"2025-11-06T00:00:00","date_gmt":"2025-11-06T05:00:00","guid":{"rendered":"https:\/\/gpl-love.com\/es\/producto\/easy-digital-downloads-free-downloads\/"},"modified":"2026-03-09T08:37:56","modified_gmt":"2026-03-09T13:37:56","slug":"easy-digital-downloads-free-downloads","status":"publish","type":"product","link":"https:\/\/gpl-love.com\/es\/producto\/easy-digital-downloads-free-downloads\/","title":{"rendered":"Easy Digital Downloads Free Downloads 2.4.0"},"content":{"rendered":"<h3>Easy Digital Downloads Free Downloads Caracteristicas<\/h3>\n<p>Easy Digital Descargas Free Descargas es una herramienta incre\u00edblemente potente y altamente eficiente que otorga a los usuarios la capacidad de ofrecer archivos gratuitos sin esfuerzo a su audiencia. Este notable producto es simplemente ideal para las personas que desean proporcionar una muestra complementaria de sus productos digitales excepcionales o para aquellos que anhelan extender una oferta gratuita a sus valiosos clientes. Gracias a las descargas digitales f\u00e1ciles de descargas gratuitas, a los usuarios se les otorga la notable capacidad de establecer sin esfuerzo una p\u00e1gina de descarga que cuenta con una gran cantidad de caracter\u00edsticas personalizables, incluido un bot\u00f3n de descarga muy conveniente, una descripci\u00f3n informativa del producto e incluso un formulario opcional para recopilar direcciones de correo electr\u00f3nico. La belleza innegable de este producto radica en su notable facilidad de uso y su falta completa de requisitos de codificaci\u00f3n, asegurando que las personas de una amplia gama de or\u00edgenes y niveles de habilidad puedan utilizarlo sin esfuerzo. Adem\u00e1s, debe tenerse en cuenta que descargas digitales f\u00e1ciles de descarga gratuita se integra perfectamente con todas las plataformas de marketing de correo electr\u00f3nico m\u00e1s populares, lo que permite a las empresas expandir org\u00e1nicamente sus listas de correo electr\u00f3nico y mantenerse conectado efectivamente con su preciada base de clientes. En esencia, se hace evidente que las descargas gratuitas de descargas digitales f\u00e1ciles son una necesidad absoluta para cualquier empresa que se comprometa a proporcionar a su audiencia productos digitales complementarios mientras se esfuerza simult\u00e1neamente por expandir y solidificar su base de clientes.<\/p>\n<ul>\n<li>Permite a los usuarios ofrecer descargas digitales gratuitas en su sitio web<\/li>\n<li>F\u00e1cil de instalar y configurar<\/li>\n<li>Compatible con una variedad de temas de WordPress<\/li>\n<li>Admite m\u00faltiples idiomas y monedas<\/li>\n<li>Permite la personalizaci\u00f3n de enlaces de descarga y notificaciones por correo electr\u00f3nico<\/li>\n<li>Pistas Descargar an\u00e1lisis y datos de usuario<\/li>\n<li>Se integra con las pasarelas de pago populares para las oportunidades de venta adicional<\/li>\n<li>Ofrece complementos opcionales para a\u00fan m\u00e1s funcionalidad<\/li>\n<li>Ofrece documentaci\u00f3n y soporte integral del equipo f\u00e1cil de descargas digitales.<\/li>\n<\/ul>\n","protected":false},"excerpt":{"rendered":"<p>Easy Digital Descargas Free Descargas es una herramienta incre\u00edblemente robusta y formidable que permite a las empresas ofrecer productos digitales de cortes\u00eda sin esfuerzo a sus valiosos clientes. Al utilizar este complemento notable, tiene la capacidad de generar y supervisar sin esfuerzo productos de cortes\u00eda, todo al tiempo que garantiza que sus estimados clientes disfruten de una experiencia de descarga perfecta y sin problemas. Esta herramienta fenomenal e indispensable es absolutamente perfecta para cualquier negocio que aspira a construir y reforzar su base de clientes, intensificar la participaci\u00f3n del cliente y aumentar significativamente el tr\u00e1fico a su estimado sitio web. \u00bfPor qu\u00e9 no embarcarse en un viaje transformador hoy adoptando esta exquisita herramienta y presenciar que su floreciente negocio alcanza nuevas alturas de prosperidad y \u00e9xito?<\/p>\n","protected":false},"featured_media":168812,"comment_status":"open","ping_status":"open","template":"","meta":[],"product_brand":[2427],"product_cat":[1207,1248,1206],"product_tag":[1280],"class_list":{"0":"post-138049","1":"product","2":"type-product","3":"status-publish","4":"has-post-thumbnail","6":"product_brand-easy-digital-downloads","7":"product_cat-comercio-electronico-plugins","8":"product_cat-personalizacion-comercio-electronico-plugins","9":"product_cat-plugins","10":"product_tag-easy-digital-downloads","11":"member-discount","12":"discount-restricted","14":"first","15":"instock","16":"sale","17":"downloadable","18":"virtual","19":"sold-individually","20":"purchasable","21":"product-type-simple"},"_links":{"self":[{"href":"https:\/\/gpl-love.com\/es\/wp-json\/wp\/v2\/product\/138049","targetHints":{"allow":["GET"]}}],"collection":[{"href":"https:\/\/gpl-love.com\/es\/wp-json\/wp\/v2\/product"}],"about":[{"href":"https:\/\/gpl-love.com\/es\/wp-json\/wp\/v2\/types\/product"}],"replies":[{"embeddable":true,"href":"https:\/\/gpl-love.com\/es\/wp-json\/wp\/v2\/comments?post=138049"}],"wp:featuredmedia":[{"embeddable":true,"href":"https:\/\/gpl-love.com\/es\/wp-json\/wp\/v2\/media\/168812"}],"wp:attachment":[{"href":"https:\/\/gpl-love.com\/es\/wp-json\/wp\/v2\/media?parent=138049"}],"wp:term":[{"taxonomy":"product_brand","embeddable":true,"href":"https:\/\/gpl-love.com\/es\/wp-json\/wp\/v2\/product_brand?post=138049"},{"taxonomy":"product_cat","embeddable":true,"href":"https:\/\/gpl-love.com\/es\/wp-json\/wp\/v2\/product_cat?post=138049"},{"taxonomy":"product_tag","embeddable":true,"href":"https:\/\/gpl-love.com\/es\/wp-json\/wp\/v2\/product_tag?post=138049"}],"curies":[{"name":"wp","href":"https:\/\/api.w.org\/{rel}","templated":true}]}}