{"id":138048,"date":"2026-04-18T00:00:00","date_gmt":"2026-04-18T05:00:00","guid":{"rendered":"https:\/\/gpl-love.com\/es\/producto\/wp-social-ninja-pro\/"},"modified":"2026-04-18T17:17:06","modified_gmt":"2026-04-18T22:17:06","slug":"wp-social-ninja-pro","status":"publish","type":"product","link":"https:\/\/gpl-love.com\/es\/producto\/wp-social-ninja-pro\/","title":{"rendered":"WP Social Ninja Pro 4.2.0"},"content":{"rendered":"<h3>WP Social Ninja Pro Caracteristicas<\/h3>\n<p>WP Social Ninja Pro, un complemento avanzado dise\u00f1ado espec\u00edficamente para WordPress, es una soluci\u00f3n excepcional para las personas que buscan administrar sin esfuerzo sus cuentas de redes sociales. Esta notable herramienta sirve como una potencia de automatizaci\u00f3n, lo que permite a los usuarios ejecutar sin esfuerzo una multitud de tareas de redes sociales, como programar publicaciones, compartir contenido atractivo e interactuar activamente con sus fieles seguidores. Al implementar WP Social Ninja Pro, los usuarios pueden optimizar efectivamente su flujo de trabajo, ahorrando tanto tiempo y energ\u00eda valiosos mediante la automatizaci\u00f3n de tareas mundanas y repetitivas. En consecuencia, esto permite a los usuarios redirigir sus esfuerzos para crear contenido fascinante y de alta calidad que resuene con su p\u00fablico objetivo. Como una ventaja adicional, WP Social Ninja Pro ofrece la m\u00e1xima conveniencia y accesibilidad, lo que permite a los usuarios conectarse sin problemas con varias plataformas de redes sociales, incluidas, entre otras, Facebook, Twitter, LinkedIn e Instagram. En \u00faltima instancia, WP Social Ninja Pro surge como una herramienta indispensable e influyente tanto para empresas como para personas, sirviendo como catalizador para reforzar su presencia en l\u00ednea y maximizar su impacto general dentro del \u00e1mbito digital.<\/p>\n<ul>\n<li>WP Social Ninja Pro es una poderosa herramienta de gesti\u00f3n de redes sociales para sitios web de WordPress.<\/li>\n<li>El complemento le permite publicar, compartir y programar su contenido en plataformas de redes sociales populares como Facebook, Twitter, LinkedIn y Pinterest directamente desde su sitio web.<\/li>\n<li>Con su funci\u00f3n de programaci\u00f3n avanzada, puede configurar publicaciones en las redes sociales por adelantado, ahorrando tiempo y esfuerzo.<\/li>\n<li>WP Social Ninja Pro tambi\u00e9n proporciona an\u00e1lisis e informes sobre su desempe\u00f1o en las redes sociales, lo que le brinda informaci\u00f3n valiosa sobre el compromiso y el comportamiento de su audiencia.<\/li>\n<li>El complemento admite m\u00faltiples cuentas y p\u00e1ginas, lo que facilita la gesti\u00f3n de las redes sociales para diferentes marcas y negocios de una sola plataforma.<\/li>\n<li>WP Social Ninja Pro viene con una interfaz f\u00e1cil de usar que es f\u00e1cil de navegar, lo que lo hace adecuado tanto para principiantes como para usuarios avanzados.<\/li>\n<li>El complemento se actualiza regularmente, asegurando que sea compatible con las \u00faltimas actualizaciones de WordPress Core y los cambios en la plataforma de redes sociales.<\/li>\n<li>WP Social Ninja Pro ofrece un excelente apoyo, brind\u00e1ndole acceso a un equipo de expertos que est\u00e1n disponibles para responder todas sus preguntas y brindar asistencia t\u00e9cnica cuando la necesite.<\/li>\n<li>Con WP Social Ninja Pro, puede mejorar sus estrategias de marketing en redes sociales, aumentar el conocimiento de la marca e impulsar el tr\u00e1fico a su sitio web.<\/li>\n<\/ul>\n","protected":false},"excerpt":{"rendered":"<p>WP Social Ninja Pro es una herramienta incre\u00edblemente robusta para el marketing en redes sociales, que le brinda la capacidad de mejorar su presencia en l\u00ednea e interactuar efectivamente con su audiencia. Equipado con una variedad de caracter\u00edsticas avanzadas como publicaci\u00f3n automatizada, an\u00e1lisis integral de redes sociales y un tablero altamente intuitivo, WP Social Ninja Pro simplifica la gesti\u00f3n de sus cuentas de redes sociales y facilita el crecimiento de su negocio. Independientemente de si usted es propietario de una peque\u00f1a empresa o un profesional de marketing, WP Social Ninja Pro sirve como la mejor soluci\u00f3n para optimizar su estrategia de redes sociales y aumentar sustancialmente el flujo de tr\u00e1fico a su sitio web.<\/p>\n","protected":false},"featured_media":168811,"comment_status":"open","ping_status":"open","template":"","meta":[],"product_brand":[2510],"product_cat":[1206,1257,1211],"product_tag":[1589],"class_list":{"0":"post-138048","1":"product","2":"type-product","3":"status-publish","4":"has-post-thumbnail","6":"product_brand-manage-ninja","7":"product_cat-plugins","8":"product_cat-social","9":"product_cat-wordpress-plugins","10":"product_tag-manage-ninja","11":"member-discount","12":"discount-restricted","14":"first","15":"instock","16":"sale","17":"downloadable","18":"virtual","19":"sold-individually","20":"purchasable","21":"product-type-simple"},"_links":{"self":[{"href":"https:\/\/gpl-love.com\/es\/wp-json\/wp\/v2\/product\/138048","targetHints":{"allow":["GET"]}}],"collection":[{"href":"https:\/\/gpl-love.com\/es\/wp-json\/wp\/v2\/product"}],"about":[{"href":"https:\/\/gpl-love.com\/es\/wp-json\/wp\/v2\/types\/product"}],"replies":[{"embeddable":true,"href":"https:\/\/gpl-love.com\/es\/wp-json\/wp\/v2\/comments?post=138048"}],"wp:featuredmedia":[{"embeddable":true,"href":"https:\/\/gpl-love.com\/es\/wp-json\/wp\/v2\/media\/168811"}],"wp:attachment":[{"href":"https:\/\/gpl-love.com\/es\/wp-json\/wp\/v2\/media?parent=138048"}],"wp:term":[{"taxonomy":"product_brand","embeddable":true,"href":"https:\/\/gpl-love.com\/es\/wp-json\/wp\/v2\/product_brand?post=138048"},{"taxonomy":"product_cat","embeddable":true,"href":"https:\/\/gpl-love.com\/es\/wp-json\/wp\/v2\/product_cat?post=138048"},{"taxonomy":"product_tag","embeddable":true,"href":"https:\/\/gpl-love.com\/es\/wp-json\/wp\/v2\/product_tag?post=138048"}],"curies":[{"name":"wp","href":"https:\/\/api.w.org\/{rel}","templated":true}]}}