{"id":138046,"date":"2026-03-21T00:00:00","date_gmt":"2026-03-21T05:00:00","guid":{"rendered":"https:\/\/gpl-love.com\/es\/producto\/cost-y-reports-para-woocommerce\/"},"modified":"2026-03-21T17:16:13","modified_gmt":"2026-03-21T22:16:13","slug":"cost-y-reports-para-woocommerce","status":"publish","type":"product","link":"https:\/\/gpl-love.com\/es\/producto\/cost-y-reports-para-woocommerce\/","title":{"rendered":"Cost y Reports para WooCommerce 3.6.3"},"content":{"rendered":"<h3>Cost y Reports para WooCommerce Caracteristicas<\/h3>\n<p>El costo e informes para el complemento WooCommerce, una soluci\u00f3n incre\u00edblemente eficiente y altamente efectiva, presenta a las empresas una oportunidad fenomenal para administrar de manera efectiva y sin problemas sus requisitos de costos e informes. A trav\u00e9s de su interfaz notablemente f\u00e1cil de usar, este complemento que cambia el juego permite a los usuarios monitorear y evaluar sin esfuerzo cada faceta de la estructura de costos de su tienda WooCommerce, que abarca el costo del producto, el costo de env\u00edo y el costo de los impuestos. Adem\u00e1s, el sistema de informes que lo abarca, que es realmente incomparable en su profundidad y amplitud, proporciona a los usuarios ideas meticulosamente detalladas relacionadas con figuras de ventas, m\u00e1rgenes de beneficio y una variedad de otras metrics fundamentales, lo que les permite hacer astutos y bien bien decisiones informadas al tiempo que optimiza simult\u00e1neamente sus procesos operativos. En esencia, es innegable que este complemento constituya una herramienta indispensable y absolutamente vital para cualquier negocio que busque agilizar sus flujos de trabajo de costos e informes, optimizando as\u00ed su rentabilidad en la medida m\u00e1xima posible.<\/p>\n<ul>\n<li>Seguimiento de costos en tiempo real para todos sus productos WooCommerce<\/li>\n<li>Informes detallados con datos de ventas y costos<\/li>\n<li>Interfaz f\u00e1cil de usar para administrar costos y m\u00e1rgenes de beneficio<\/li>\n<li>Calcule autom\u00e1ticamente los m\u00e1rgenes de beneficio en funci\u00f3n de los costos y los precios de la venta<\/li>\n<li>Variables de costo de seguimiento, incluido el costo de los bienes vendidos y los costos de env\u00edo<\/li>\n<li>Generar informes por producto, categor\u00eda o per\u00edodo de tiempo<\/li>\n<li>Analizar la rentabilidad e identificar \u00e1reas de mejora<\/li>\n<li>Integre con su tienda WooCommerce existente sin problemas<\/li>\n<li>Seguimiento y an\u00e1lisis de datos mejorados para una mejor toma de decisiones<\/li>\n<li>Precios asequibles sin tarifas de transacci\u00f3n adicionales o costos ocultos.<\/li>\n<\/ul>\n","protected":false},"excerpt":{"rendered":"<p>El costo e informes para el complemento WooCommerce es una herramienta indispensable que simplifica enormemente la gesti\u00f3n financiera de su tienda WooCommerce. Al usar este complemento, tiene la capacidad de monitorear y rastrear sin esfuerzo varios aspectos de las finanzas de su tienda, como ventas, ingresos, impuestos, gastos y ganancias. Atr\u00e1s quedaron los d\u00edas de pasar innumerables horas calculando manualmente los informes de ganancias y p\u00e9rdidas, ya que este complemento genera informes precisos con facilidad. Adem\u00e1s, incluso le permite calcular el costo de los bienes vendidos, lo que le permite tomar decisiones bien informadas con respecto a los precios, las promociones y los descuentos. En esencia, el costo e informes para el complemento de WooCommerce es una necesidad absoluta para cualquier propietario de la tienda de WooCommerce que busque monitorear de manera efectiva el bienestar financiero de su negocio en tiempo real.<\/p>\n","protected":false},"featured_media":168810,"comment_status":"open","ping_status":"open","template":"","meta":[],"product_brand":[2344],"product_cat":[1208,1207,1206],"product_tag":[1423],"class_list":{"0":"post-138046","1":"product","2":"type-product","3":"status-publish","4":"has-post-thumbnail","6":"product_brand-woocommerce","7":"product_cat-administracion","8":"product_cat-comercio-electronico-plugins","9":"product_cat-plugins","10":"product_tag-woocommerce","11":"member-discount","12":"discount-restricted","14":"first","15":"instock","16":"sale","17":"downloadable","18":"virtual","19":"sold-individually","20":"purchasable","21":"product-type-simple"},"_links":{"self":[{"href":"https:\/\/gpl-love.com\/es\/wp-json\/wp\/v2\/product\/138046","targetHints":{"allow":["GET"]}}],"collection":[{"href":"https:\/\/gpl-love.com\/es\/wp-json\/wp\/v2\/product"}],"about":[{"href":"https:\/\/gpl-love.com\/es\/wp-json\/wp\/v2\/types\/product"}],"replies":[{"embeddable":true,"href":"https:\/\/gpl-love.com\/es\/wp-json\/wp\/v2\/comments?post=138046"}],"wp:featuredmedia":[{"embeddable":true,"href":"https:\/\/gpl-love.com\/es\/wp-json\/wp\/v2\/media\/168810"}],"wp:attachment":[{"href":"https:\/\/gpl-love.com\/es\/wp-json\/wp\/v2\/media?parent=138046"}],"wp:term":[{"taxonomy":"product_brand","embeddable":true,"href":"https:\/\/gpl-love.com\/es\/wp-json\/wp\/v2\/product_brand?post=138046"},{"taxonomy":"product_cat","embeddable":true,"href":"https:\/\/gpl-love.com\/es\/wp-json\/wp\/v2\/product_cat?post=138046"},{"taxonomy":"product_tag","embeddable":true,"href":"https:\/\/gpl-love.com\/es\/wp-json\/wp\/v2\/product_tag?post=138046"}],"curies":[{"name":"wp","href":"https:\/\/api.w.org\/{rel}","templated":true}]}}