{"id":138045,"date":"2025-11-06T00:00:00","date_gmt":"2025-11-06T05:00:00","guid":{"rendered":"https:\/\/gpl-love.com\/es\/producto\/fooevents-bookings\/"},"modified":"2026-04-10T11:21:49","modified_gmt":"2026-04-10T16:21:49","slug":"fooevents-bookings","status":"publish","type":"product","link":"https:\/\/gpl-love.com\/es\/producto\/fooevents-bookings\/","title":{"rendered":"FooEvents Bookings 1.8.6"},"content":{"rendered":"<h3>FooEvents Bookings Caracteristicas<\/h3>\n<p>Fooevents Bookings es una soluci\u00f3n totalmente abarcadora para la gesti\u00f3n de eventos, dise\u00f1ada para permitirle manejar de manera eficiente todos los aspectos de sus reservas de eventos. Esta herramienta le permite generar y supervisar los eventos sin esfuerzo, facilitar la venta de entradas y monitorear la asistencia. El software cuenta con una interfaz f\u00e1cil de usar y ofrece amplias opciones de personalizaci\u00f3n, lo que le permite adaptarla precisamente a los requisitos \u00fanicos de su evento. Adem\u00e1s, se integra sin problemas con las pasarelas de pago populares y admite m\u00faltiples idiomas y monedas. Independientemente de si est\u00e1 organizando una reuni\u00f3n modesta o una gran conferencia, las reservas de Fooevents est\u00e1n listas para racionalizar sus operaciones y proporcionar a sus asistentes una experiencia de reserva superlativa.<\/p>\n<ul>\n<li>Soluci\u00f3n de reserva en l\u00ednea para eventos<\/li>\n<li>Se integra con sitios web de WordPress<\/li>\n<li>Formularios de reserva personalizables y opciones de boletos<\/li>\n<li>Procesamiento de pago seguro<\/li>\n<li>Disponibilidad en tiempo real y confirmaci\u00f3n de reserva<\/li>\n<li>Notificaciones y recordatorios de correo electr\u00f3nico automatizados<\/li>\n<li>Panel de backend f\u00e1cil de usar para administrar reservas y asistentes<\/li>\n<li>Soporte para m\u00faltiples monedas e idiomas<\/li>\n<li>Opciones de fijaci\u00f3n de precios flexibles, incluidos los descuentos de los primeros aves y el grupo<\/li>\n<li>Herramientas integrales de informes y an\u00e1lisis<\/li>\n<\/ul>\n","protected":false},"excerpt":{"rendered":"<p>Fooevents Bookings es un software de gesti\u00f3n de reservas altamente eficiente y notablemente f\u00e1cil de usar que ha sido cuidadosamente dise\u00f1ado para satisfacer las necesidades y requisitos de los organizadores de eventos, lugares y otras empresas. Al utilizar este software excepcional, podr\u00e1 manejar y monitorear sin esfuerzo sus reservas, pagos y datos del cliente, todo desde una ubicaci\u00f3n centralizada. Adem\u00e1s, Fooevents Bookings tambi\u00e9n proporciona la conveniencia de formularios de reserva en l\u00ednea personalizables, notificaciones automatizadas por correo electr\u00f3nico e integraci\u00f3n perfecta con pasarelas de pago populares como PayPal y Stripe. Independientemente de si est\u00e1 organizando un evento modesto o una conferencia extensa, puede depender con confianza de las reservas de fooeventos para racionalizar todo su proceso de reserva y al mismo tiempo mejorar la experiencia general de sus clientes estimados.<\/p>\n","protected":false},"featured_media":167237,"comment_status":"open","ping_status":"open","template":"","meta":[],"product_brand":[2458],"product_cat":[1214,1206,1211],"product_tag":[2203],"class_list":{"0":"post-138045","1":"product","2":"type-product","3":"status-publish","4":"has-post-thumbnail","6":"product_brand-fooevents","7":"product_cat-personalizacion","8":"product_cat-plugins","9":"product_cat-wordpress-plugins","10":"product_tag-fooevents","11":"member-discount","12":"discount-restricted","14":"first","15":"instock","16":"sale","17":"downloadable","18":"virtual","19":"sold-individually","20":"purchasable","21":"product-type-simple"},"_links":{"self":[{"href":"https:\/\/gpl-love.com\/es\/wp-json\/wp\/v2\/product\/138045","targetHints":{"allow":["GET"]}}],"collection":[{"href":"https:\/\/gpl-love.com\/es\/wp-json\/wp\/v2\/product"}],"about":[{"href":"https:\/\/gpl-love.com\/es\/wp-json\/wp\/v2\/types\/product"}],"replies":[{"embeddable":true,"href":"https:\/\/gpl-love.com\/es\/wp-json\/wp\/v2\/comments?post=138045"}],"wp:featuredmedia":[{"embeddable":true,"href":"https:\/\/gpl-love.com\/es\/wp-json\/wp\/v2\/media\/167237"}],"wp:attachment":[{"href":"https:\/\/gpl-love.com\/es\/wp-json\/wp\/v2\/media?parent=138045"}],"wp:term":[{"taxonomy":"product_brand","embeddable":true,"href":"https:\/\/gpl-love.com\/es\/wp-json\/wp\/v2\/product_brand?post=138045"},{"taxonomy":"product_cat","embeddable":true,"href":"https:\/\/gpl-love.com\/es\/wp-json\/wp\/v2\/product_cat?post=138045"},{"taxonomy":"product_tag","embeddable":true,"href":"https:\/\/gpl-love.com\/es\/wp-json\/wp\/v2\/product_tag?post=138045"}],"curies":[{"name":"wp","href":"https:\/\/api.w.org\/{rel}","templated":true}]}}