{"id":137442,"date":"2025-07-13T00:00:00","date_gmt":"2025-07-13T05:00:00","guid":{"rendered":"https:\/\/gpl-love.com\/es\/producto\/yaymail-yith-wishlist-2\/"},"modified":"2026-03-09T08:37:50","modified_gmt":"2026-03-09T13:37:50","slug":"yaymail-yith-wishlist-2","status":"publish","type":"product","link":"https:\/\/gpl-love.com\/es\/producto\/yaymail-yith-wishlist-2\/","title":{"rendered":"YayMail Yith Wishlist 4.7.0"},"content":{"rendered":"<h3>YayMail Yith Wishlist Caracteristicas<\/h3>\n<p>YayMail Yith Wishlist es una herramienta muy robusta y eficaz que otorga la capacidad de las empresas en l\u00ednea para dise\u00f1ar ingeniosamente y administrar dex\u00e9ricamente listas de deseos para su estimada clientela. A trav\u00e9s de la utilizaci\u00f3n de Yaymail, con la lista de deseos, los clientes est\u00e1n facultados para agregar a la perfecci\u00f3n los productos deseados a su lista de deseos meticulosamente curada, que posteriormente pueden difundir sin esfuerzo entre sus queridos compa\u00f1eros y seres queridos. Esta ingeniosa herramienta ofrece una mir\u00edada de caracter\u00edsticas sobresalientes, que abarca los gustos de notificaciones de correo electr\u00f3nico altamente convenientes, recomendaciones de productos tentadoras y an\u00e1lisis exquisitamente avanzados, todos los cuales funcionan en un t\u00e1ndem perfecto para facilitar una comprensi\u00f3n integral de las predilecciones de los clientes y, por lo tanto, las m\u00e9tricas de ventas de aumentos. Adem\u00e1s, es primordial tener en cuenta que esta herramienta eficaz se integra sin problemas con numerosas plataformas de comercio electr\u00f3nico preeminentes como WooCommerce y Magento, evitando as\u00ed cualquier posible complicaci\u00f3n en la fusi\u00f3n de la que la amalgaman con su establecimiento minorista en l\u00ednea preexistente. En consecuencia, a trav\u00e9s de la utilizaci\u00f3n de Yaymail y la lista de deseos, las empresas est\u00e1n acertadamente equipadas para ofrecer una experiencia del cliente superlativa e incomparable, fomentan niveles elevados de compromiso entre sus estimados clientela y, en \u00faltima instancia, se fundamentan un aumento exponencial en sus ranuras de ingresos hasta hasta ahora.<\/p>\n<ul>\n<li>Permite a los clientes agregar productos a una lista de deseos en su sitio web<\/li>\n<li>Permite a los clientes compartir su lista de deseos con amigos y familiares para ideas de regalos<\/li>\n<li>Ayuda a aumentar la participaci\u00f3n y retenci\u00f3n del cliente en su sitio web<\/li>\n<li>Proporciona informaci\u00f3n valiosa sobre las preferencias e intereses del cliente para los esfuerzos de marketing espec\u00edficos<\/li>\n<li>Se puede integrar f\u00e1cilmente en su plataforma de comercio electr\u00f3nico existente para una experiencia sin interrupciones del cliente<\/li>\n<li>Proporciona una interfaz de usuario simple e intuitiva tanto para clientes como para administradores<\/li>\n<li>Ofrece opciones y configuraciones personalizables para satisfacer sus necesidades comerciales espec\u00edficas<\/li>\n<li>Ayuda a mejorar las tasas de conversi\u00f3n al recordarles a los clientes sus art\u00edculos guardados y alentarlos a completar su compra<\/li>\n<li>Proporciona an\u00e1lisis detallados e informes para rastrear el comportamiento del cliente y la actividad de la lista de deseos<\/li>\n<li>Ofrece una excelente atenci\u00f3n al cliente y actualizaciones regulares para garantizar el rendimiento \u00f3ptimo del complemento.<\/li>\n<\/ul>\n","protected":false},"excerpt":{"rendered":"<p>El yaymail es una lista de deseos, una herramienta incre\u00edblemente impresionante meticulosamente elaborada para mejorar la conveniencia de las compras en l\u00ednea, demuestra ser un activo invaluable. Al aprovechar esta notable caracter\u00edstica, los clientes poseen la capacidad de compilar sin esfuerzo una lista de deseos integral de sus productos deseados, facilitando as\u00ed la facilidad con la que pueden revisar y finalizar sus compras posteriormente. Esta herramienta excepcional armoniza sin problemas con Yaymail, garantizando efectivamente su integraci\u00f3n perfecta dentro de su sistema de comercio electr\u00f3nico. Independientemente de si se encuentra en posesi\u00f3n de una modesta empresa comercial o una entidad corporativa en expansi\u00f3n, la lista de deseos de Yaymail, sin duda, surge como una adici\u00f3n excepcional a su ya formidable arsenal de recursos de comercio electr\u00f3nico. Entonces, sin m\u00e1s pre\u00e1mbulos, \u00bfpor qu\u00e9 demorarse m\u00e1s? \u00a1Promp\u00e1rese con su utilizaci\u00f3n hoy y proporcione a sus estimados clientes la experiencia de compra consumada que m\u00e1s seguramente merecen!<\/p>\n","protected":false},"featured_media":168807,"comment_status":"open","ping_status":"open","template":"","meta":[],"product_brand":[2651],"product_cat":[1207,1248,1206],"product_tag":[2278],"class_list":{"0":"post-137442","1":"product","2":"type-product","3":"status-publish","4":"has-post-thumbnail","6":"product_brand-yaycommerce","7":"product_cat-comercio-electronico-plugins","8":"product_cat-personalizacion-comercio-electronico-plugins","9":"product_cat-plugins","10":"product_tag-yaycommerce","11":"member-discount","12":"discount-restricted","14":"first","15":"instock","16":"sale","17":"downloadable","18":"virtual","19":"sold-individually","20":"purchasable","21":"product-type-simple"},"_links":{"self":[{"href":"https:\/\/gpl-love.com\/es\/wp-json\/wp\/v2\/product\/137442","targetHints":{"allow":["GET"]}}],"collection":[{"href":"https:\/\/gpl-love.com\/es\/wp-json\/wp\/v2\/product"}],"about":[{"href":"https:\/\/gpl-love.com\/es\/wp-json\/wp\/v2\/types\/product"}],"replies":[{"embeddable":true,"href":"https:\/\/gpl-love.com\/es\/wp-json\/wp\/v2\/comments?post=137442"}],"wp:featuredmedia":[{"embeddable":true,"href":"https:\/\/gpl-love.com\/es\/wp-json\/wp\/v2\/media\/168807"}],"wp:attachment":[{"href":"https:\/\/gpl-love.com\/es\/wp-json\/wp\/v2\/media?parent=137442"}],"wp:term":[{"taxonomy":"product_brand","embeddable":true,"href":"https:\/\/gpl-love.com\/es\/wp-json\/wp\/v2\/product_brand?post=137442"},{"taxonomy":"product_cat","embeddable":true,"href":"https:\/\/gpl-love.com\/es\/wp-json\/wp\/v2\/product_cat?post=137442"},{"taxonomy":"product_tag","embeddable":true,"href":"https:\/\/gpl-love.com\/es\/wp-json\/wp\/v2\/product_tag?post=137442"}],"curies":[{"name":"wp","href":"https:\/\/api.w.org\/{rel}","templated":true}]}}