{"id":137440,"date":"2025-06-05T00:00:00","date_gmt":"2025-06-05T05:00:00","guid":{"rendered":"https:\/\/gpl-love.com\/es\/producto\/yaymail-terawallet-2\/"},"modified":"2026-03-09T08:37:49","modified_gmt":"2026-03-09T13:37:49","slug":"yaymail-terawallet-2","status":"publish","type":"product","link":"https:\/\/gpl-love.com\/es\/producto\/yaymail-terawallet-2\/","title":{"rendered":"YayMail TeraWallet 4.0"},"content":{"rendered":"<h3>YayMail TeraWallet Caracteristicas<\/h3>\n<p>El Yaymail Terawallet, una billetera famosa por su compacidad y naturaleza ligera, ha sido ingeniosamente elaborada para salvaguardar sus tarjetas cruciales y efectivo con la m\u00e1xima seguridad. Empleando materiales de alta calidad que cuentan con una durabilidad y longevidad excepcionales, esta billetera emerge como accesorio por excelencia para fines cotidianos. Sus caracter\u00edsticas distintivas incluyen una multitud de ranuras para tarjetas, una ventana de identificaci\u00f3n transparente y un bolsillo de monedas que se puede fijar de forma segura con una cremallera, facilitando una disposici\u00f3n bien organizada de sus pertenencias indispensables, que permanecen accesibles perpetuamente. Adem\u00e1s, esta billetera incorpora un anillo de llave conveniente que se puede unir convenientemente a sus claves, simplificando as\u00ed el proceso de agarrarla y aventurarse inmediatamente. Independientemente de si est\u00e1 haciendo mandados o si se est\u00e1 embarcando en una noche de juerga en la ciudad, el Yaymail Terawallet se establece f\u00e1cilmente como el compa\u00f1ero ideal para cualquier expedici\u00f3n.<\/p>\n<ul>\n<li>Yaymail Terawallet ofrece una forma conveniente y segura de almacenar su efectivo y tarjetas.<\/li>\n<li>El dise\u00f1o minimalista es elegante y elegante, que se ajusta f\u00e1cilmente a cualquier bolsillo o bolso.<\/li>\n<li>Con una capacidad de hasta 12 tarjetas y mucho espacio para efectivo, Yaymail Terawallet tiene un amplio almacenamiento para todos sus elementos esenciales.<\/li>\n<li>La tecnolog\u00eda de bloqueo RFID mantiene a sus tarjetas seguras del robo electr\u00f3nico y robo de identidad.<\/li>\n<li>Construido con materiales de alta calidad, Yaymail Terawallet es duradero y duradero.<\/li>\n<li>Las ranuras de f\u00e1cil acceso y la ventana transparente hacen que sea f\u00e1cil encontrar exactamente lo que necesita de manera r\u00e1pida y f\u00e1cil.<\/li>\n<li>Diga adi\u00f3s a las billeteras voluminosas y abarrotadas y hola a la terawallet de Yaymail compacta y eficiente.<\/li>\n<\/ul>\n","protected":false},"excerpt":{"rendered":"<p>El Yaymail Terawallet, un compa\u00f1ero ideal para el ejecutivo o globero de Globetro, ofrece funcionalidad y practicidad incomparables. Hecho a cabo a la perfecci\u00f3n, esta billetera resistente cuenta con una variedad de compartimentos y ranuras, dise\u00f1ada meticulosamente para proporcionar la m\u00e1xima seguridad para sus tarjetas de cr\u00e9dito, efectivo y posesiones preciadas. Su estructura elegante y delgada, notablemente liviana y convenientemente compacta, se combina sin esfuerzo con su bolso o bolsillo, ofreciendo una conveniencia incomparable. Adem\u00e1s, el Terawallet est\u00e1 dise\u00f1ado por expertos en materiales de primer nivel, garantizando su longevidad y resistencia en los innumerables a\u00f1os. Abrace un mundo de organizaci\u00f3n perfecta y se despidi\u00f3 del caos con el fenomenal Yaymail Terawallet.<\/p>\n","protected":false},"featured_media":168806,"comment_status":"open","ping_status":"open","template":"","meta":[],"product_brand":[2651],"product_cat":[1207,1248,1206],"product_tag":[2278],"class_list":{"0":"post-137440","1":"product","2":"type-product","3":"status-publish","4":"has-post-thumbnail","6":"product_brand-yaycommerce","7":"product_cat-comercio-electronico-plugins","8":"product_cat-personalizacion-comercio-electronico-plugins","9":"product_cat-plugins","10":"product_tag-yaycommerce","11":"member-discount","12":"discount-restricted","14":"first","15":"instock","16":"sale","17":"downloadable","18":"virtual","19":"sold-individually","20":"purchasable","21":"product-type-simple"},"_links":{"self":[{"href":"https:\/\/gpl-love.com\/es\/wp-json\/wp\/v2\/product\/137440","targetHints":{"allow":["GET"]}}],"collection":[{"href":"https:\/\/gpl-love.com\/es\/wp-json\/wp\/v2\/product"}],"about":[{"href":"https:\/\/gpl-love.com\/es\/wp-json\/wp\/v2\/types\/product"}],"replies":[{"embeddable":true,"href":"https:\/\/gpl-love.com\/es\/wp-json\/wp\/v2\/comments?post=137440"}],"wp:featuredmedia":[{"embeddable":true,"href":"https:\/\/gpl-love.com\/es\/wp-json\/wp\/v2\/media\/168806"}],"wp:attachment":[{"href":"https:\/\/gpl-love.com\/es\/wp-json\/wp\/v2\/media?parent=137440"}],"wp:term":[{"taxonomy":"product_brand","embeddable":true,"href":"https:\/\/gpl-love.com\/es\/wp-json\/wp\/v2\/product_brand?post=137440"},{"taxonomy":"product_cat","embeddable":true,"href":"https:\/\/gpl-love.com\/es\/wp-json\/wp\/v2\/product_cat?post=137440"},{"taxonomy":"product_tag","embeddable":true,"href":"https:\/\/gpl-love.com\/es\/wp-json\/wp\/v2\/product_tag?post=137440"}],"curies":[{"name":"wp","href":"https:\/\/api.w.org\/{rel}","templated":true}]}}