{"id":137438,"date":"2025-06-05T00:00:00","date_gmt":"2025-06-05T05:00:00","guid":{"rendered":"https:\/\/gpl-love.com\/es\/producto\/yaymail-woocommerce-split-orders-2\/"},"modified":"2026-03-09T08:37:48","modified_gmt":"2026-03-09T13:37:48","slug":"yaymail-woocommerce-split-orders-2","status":"publish","type":"product","link":"https:\/\/gpl-love.com\/es\/producto\/yaymail-woocommerce-split-orders-2\/","title":{"rendered":"YayMail WooCommerce Split Orders 4.0"},"content":{"rendered":"<h3>YayMail WooCommerce Split Orders Caracteristicas<\/h3>\n<p>El complemento de pedidos divididos de YayMail WooCommerce sirve como un recurso invaluable para las personas que operan tiendas en l\u00ednea que se esfuerzan por optimizar la eficiencia de sus procedimientos de procesamiento de pedidos. Al implementar este complemento, los propietarios de tiendas tienen la capacidad de distribuir los pedidos sin esfuerzo en env\u00edos distintos de acuerdo con la ubicaci\u00f3n del env\u00edo o la disponibilidad del producto. Dicha funcionalidad finalmente facilita el cumplimiento expedito y optimizado de las \u00f3rdenes, mitigando efectivamente la arduidad y la laboriosidad de la divisi\u00f3n de orden manual. Adem\u00e1s, el complemento se integra sin problemas con Yaymail, lo que permite a sus usuarios aprovechar las caracter\u00edsticas avanzadas asociadas con el marketing por correo electr\u00f3nico, incluida, entre otras, la recuperaci\u00f3n de carros abandonada y la segmentaci\u00f3n de los clientes. En resumen, el complemento de pedidos divididos de Yaymail WooCommerce personifica una soluci\u00f3n altamente eficaz e indispensable para la mejora de la gesti\u00f3n de pedidos y el aumento concomitante del volumen de ventas.<\/p>\n<ul>\n<li>Permite a los clientes dividir sus pedidos en m\u00faltiples env\u00edos en funci\u00f3n de las fechas o preferencias de entrega.<\/li>\n<li>F\u00e1cil de usar con WooCommerce, una de las plataformas de comercio electr\u00f3nico m\u00e1s populares<\/li>\n<li>Proporciona flexibilidad y conveniencia a los clientes, mejorando su experiencia de compra.<\/li>\n<li>Aumenta la satisfacci\u00f3n y la lealtad del cliente al proporcionar opciones de env\u00edo personalizadas<\/li>\n<li>Proporciona a los comerciantes una ventaja competitiva al ofrecer una caracter\u00edstica \u00fanica que no est\u00e1 disponible en otras tiendas en l\u00ednea<\/li>\n<li>Ahorra tiempo y recursos para los comerciantes mediante la automatizaci\u00f3n del proceso de divisi\u00f3n de pedidos<\/li>\n<li>Reduce los costos de env\u00edo al permitir a los clientes optimizar sus pedidos para minimizar las tarifas de env\u00edo<\/li>\n<li>Mejora la gesti\u00f3n del inventario al permitir que los comerciantes administren y rastreen f\u00e1cilmente m\u00faltiples env\u00edos por pedido.<\/li>\n<\/ul>\n","protected":false},"excerpt":{"rendered":"<p>Los pedidos divididos de YayMail WooCommerce, una herramienta indispensable para los propietarios de tiendas en l\u00ednea que buscan mejorar la eficiencia de la gesti\u00f3n de su pedido, permite la divisi\u00f3n sin esfuerzo de una sola orden en m\u00faltiples pedidos, la asignaci\u00f3n de direcciones de env\u00edo distintas para cada pedido y la creaci\u00f3n de invoques separados para cada orden. En consecuencia, este complemento innovador le permite racionalizar el proceso de cumplimiento de su pedido, reducir los gastos de env\u00edo y reforzar la satisfacci\u00f3n del cliente al proporcionarles la conveniencia de que sus pedidos se env\u00eden a diversas ubicaciones. Ya sea que preside una empresa diminuta o un emporio de comercio electr\u00f3nico expansivo, las \u00f3rdenes divididas de Yaymail WooCommerce representan la soluci\u00f3n \u00f3ptima para administrar sin esfuerzo sus \u00f3rdenes.<\/p>\n","protected":false},"featured_media":168805,"comment_status":"open","ping_status":"open","template":"","meta":[],"product_brand":[2651],"product_cat":[1207,1248,1206],"product_tag":[2278],"class_list":{"0":"post-137438","1":"product","2":"type-product","3":"status-publish","4":"has-post-thumbnail","6":"product_brand-yaycommerce","7":"product_cat-comercio-electronico-plugins","8":"product_cat-personalizacion-comercio-electronico-plugins","9":"product_cat-plugins","10":"product_tag-yaycommerce","11":"member-discount","12":"discount-restricted","14":"first","15":"instock","16":"sale","17":"downloadable","18":"virtual","19":"sold-individually","20":"purchasable","21":"product-type-simple"},"_links":{"self":[{"href":"https:\/\/gpl-love.com\/es\/wp-json\/wp\/v2\/product\/137438","targetHints":{"allow":["GET"]}}],"collection":[{"href":"https:\/\/gpl-love.com\/es\/wp-json\/wp\/v2\/product"}],"about":[{"href":"https:\/\/gpl-love.com\/es\/wp-json\/wp\/v2\/types\/product"}],"replies":[{"embeddable":true,"href":"https:\/\/gpl-love.com\/es\/wp-json\/wp\/v2\/comments?post=137438"}],"wp:featuredmedia":[{"embeddable":true,"href":"https:\/\/gpl-love.com\/es\/wp-json\/wp\/v2\/media\/168805"}],"wp:attachment":[{"href":"https:\/\/gpl-love.com\/es\/wp-json\/wp\/v2\/media?parent=137438"}],"wp:term":[{"taxonomy":"product_brand","embeddable":true,"href":"https:\/\/gpl-love.com\/es\/wp-json\/wp\/v2\/product_brand?post=137438"},{"taxonomy":"product_cat","embeddable":true,"href":"https:\/\/gpl-love.com\/es\/wp-json\/wp\/v2\/product_cat?post=137438"},{"taxonomy":"product_tag","embeddable":true,"href":"https:\/\/gpl-love.com\/es\/wp-json\/wp\/v2\/product_tag?post=137438"}],"curies":[{"name":"wp","href":"https:\/\/api.w.org\/{rel}","templated":true}]}}