{"id":137416,"date":"2025-06-05T00:00:00","date_gmt":"2025-06-05T05:00:00","guid":{"rendered":"https:\/\/gpl-love.com\/es\/producto\/yaymail-wp-crowdfunding-2\/"},"modified":"2026-03-09T08:37:22","modified_gmt":"2026-03-09T13:37:22","slug":"yaymail-wp-crowdfunding-2","status":"publish","type":"product","link":"https:\/\/gpl-love.com\/es\/producto\/yaymail-wp-crowdfunding-2\/","title":{"rendered":"YayMail WP Crowdfunding 4.0"},"content":{"rendered":"<h3>YayMail WP Crowdfunding Caracteristicas<\/h3>\n<p>El crowdfunding de Yaymail WP es un complemento de WordPress extremadamente robusto y f\u00e1cil de usar que lo capacita con la capacidad de establecer y supervisar campa\u00f1as de crowdfunding en su sitio web. Al ofrecer una multitud de caracter\u00edsticas, el crowdfunding de Yaymail WP permite la creaci\u00f3n sin esfuerzo de numerosas campa\u00f1as, aceptaci\u00f3n perfecta de donaciones y contribuciones, y monitoreo integral de todas las promesas y patrocinadores. En particular, este complemento cuenta con capacidades de personalizaci\u00f3n completas, lo que le permite adaptarlo a la alineaci\u00f3n perfectamente con sus preferencias \u00fanicas de marca y dise\u00f1o. Adem\u00e1s, ofrece un sistema incorporado de notificaciones por correo electr\u00f3nico e integraci\u00f3n de redes sociales, facilitando as\u00ed la promoci\u00f3n de su campa\u00f1a y asegurando que sus patrocinadores permanezcan bien informados. Ya sea que sus intenciones impliquen obtener apoyo financiero para un esfuerzo personal, causa caritativa o una b\u00fasqueda empresarial, el crowdfunding de Yaymail WP es una herramienta incre\u00edblemente vers\u00e1til y confiable que sin duda lo impulsar\u00e1 hacia el logro de sus objetivos.<\/p>\n<ul>\n<li>Yaymail WP Crowdfunding es una poderosa herramienta de recaudaci\u00f3n de fondos para sitios web de WordPress<\/li>\n<li>Crear y administrar f\u00e1cilmente campa\u00f1as de crowdfunding desde su tablero de WordPress<\/li>\n<li>Integrado con pasarelas de pago populares como PayPal y Stripe para donaciones f\u00e1ciles<\/li>\n<li>Niveles de donaci\u00f3n personalizables con beneficios y recompensas para contribuyentes<\/li>\n<li>Establezca objetivos de campa\u00f1a y rastree el progreso con an\u00e1lisis e informes en tiempo real<\/li>\n<li>Capacidad para recopilar informaci\u00f3n de los donantes y enviar mensajes automatizados de agradecimiento<\/li>\n<li>Compatible con una amplia gama de temas de WordPress para una integraci\u00f3n perfecta con su sitio web<\/li>\n<li>Caracter\u00edsticas de seguridad robustas aseguran un procesamiento seguro y seguro de donaciones<\/li>\n<li>Equipo de apoyo dedicado para ayudar con la configuraci\u00f3n y cualquier problema que pueda surgir.<\/li>\n<\/ul>\n","protected":false},"excerpt":{"rendered":"<p>Yaymail WP Crowdfunding es una herramienta de marketing por correo electr\u00f3nico excepcionalmente innovadora y revolucionaria espec\u00edficamente desarrollada y adaptada con el fin de optimizar y mejorar las campa\u00f1as de crowdfunding alojadas en sitios web de WordPress. Con la utilizaci\u00f3n de Yaymail, se le otorga la notable capacidad de generar y enviar correos electr\u00f3nicos altamente personalizados y personalizados a sus generosos patrocinadores, estableciendo as\u00ed una conexi\u00f3n profunda e \u00edntima con ellos. Adem\u00e1s, esta notable tecnolog\u00eda le permite proporcionar a sus patrocinadores actualizaciones oportunas e instant\u00e1neas, asegurando que se mantengan constantemente informados e involucrados en el progreso de su campa\u00f1a. Como si eso no fuera suficiente, Yaymail tambi\u00e9n le permite promover su esfuerzo de crowdfunding a una audiencia significativamente m\u00e1s amplia y expansiva, aumentando dram\u00e1ticamente sus posibilidades de lograr sus objetivos y objetivos deseados. Las funcionalidades multifac\u00e9ticas e integrales del crowdfunding de Yaymail WP se extienden m\u00e1s all\u00e1 de la mera comunicaci\u00f3n y los prop\u00f3sitos promocionales, ya que tambi\u00e9n le proporciona un sistema de an\u00e1lisis elaborado e intrincado que analiza y examina y examina el progreso y el crecimiento de su campa\u00f1a. Por lo tanto, armado con estas invaluables ideas y estad\u00edsticas, posee la capacidad de tomar decisiones informadas, basadas en evidencia y basadas en datos, lo que le permite optimizar y refinar perpetuamente la trayectoria de su expedici\u00f3n de crowdfunding. Independientemente de si est\u00e1 lanzando un producto novedoso e innovador o una recaudaci\u00f3n de fondos fervientemente para una causa noble y digna, el crowdfunding de Yaymail WP representa y personifica la soluci\u00f3n consumada e ideal para impulsarlo y catapultarlo hacia la realizaci\u00f3n y el logro de sus elevadas aspiraciones y ambiciones. \u00a1Abrace y abraza esta tecnolog\u00eda extraordinaria e incomparable sin dudarlo o demora, comience tu viaje hoy y presencie el ascenso impresionante e impresionante de tu campa\u00f1a de crowdfunding a alturas sin precedentes y extraordinarias!<\/p>\n","protected":false},"featured_media":168784,"comment_status":"open","ping_status":"open","template":"","meta":[],"product_brand":[2651],"product_cat":[1207,1248,1206],"product_tag":[2278],"class_list":{"0":"post-137416","1":"product","2":"type-product","3":"status-publish","4":"has-post-thumbnail","6":"product_brand-yaycommerce","7":"product_cat-comercio-electronico-plugins","8":"product_cat-personalizacion-comercio-electronico-plugins","9":"product_cat-plugins","10":"product_tag-yaycommerce","11":"member-discount","12":"discount-restricted","14":"first","15":"instock","16":"sale","17":"downloadable","18":"virtual","19":"sold-individually","20":"purchasable","21":"product-type-simple"},"_links":{"self":[{"href":"https:\/\/gpl-love.com\/es\/wp-json\/wp\/v2\/product\/137416","targetHints":{"allow":["GET"]}}],"collection":[{"href":"https:\/\/gpl-love.com\/es\/wp-json\/wp\/v2\/product"}],"about":[{"href":"https:\/\/gpl-love.com\/es\/wp-json\/wp\/v2\/types\/product"}],"replies":[{"embeddable":true,"href":"https:\/\/gpl-love.com\/es\/wp-json\/wp\/v2\/comments?post=137416"}],"wp:featuredmedia":[{"embeddable":true,"href":"https:\/\/gpl-love.com\/es\/wp-json\/wp\/v2\/media\/168784"}],"wp:attachment":[{"href":"https:\/\/gpl-love.com\/es\/wp-json\/wp\/v2\/media?parent=137416"}],"wp:term":[{"taxonomy":"product_brand","embeddable":true,"href":"https:\/\/gpl-love.com\/es\/wp-json\/wp\/v2\/product_brand?post=137416"},{"taxonomy":"product_cat","embeddable":true,"href":"https:\/\/gpl-love.com\/es\/wp-json\/wp\/v2\/product_cat?post=137416"},{"taxonomy":"product_tag","embeddable":true,"href":"https:\/\/gpl-love.com\/es\/wp-json\/wp\/v2\/product_tag?post=137416"}],"curies":[{"name":"wp","href":"https:\/\/api.w.org\/{rel}","templated":true}]}}