{"id":137407,"date":"2025-06-05T00:00:00","date_gmt":"2025-06-05T05:00:00","guid":{"rendered":"https:\/\/gpl-love.com\/es\/producto\/yaymail-yith-woocommerce-membership-2\/"},"modified":"2026-03-09T08:37:13","modified_gmt":"2026-03-09T13:37:13","slug":"yaymail-yith-woocommerce-membership-2","status":"publish","type":"product","link":"https:\/\/gpl-love.com\/es\/producto\/yaymail-yith-woocommerce-membership-2\/","title":{"rendered":"YayMail Yith WooCommerce Membership 4.0"},"content":{"rendered":"<h3>YayMail Yith WooCommerce Membership Caracteristicas<\/h3>\n<p>YayMail Yith WooCommerce Membership sirve como un instrumento muy potente para los empresarios que aspiran a establecer un marco basado en suscripci\u00f3n para sus tiendas virtuales. Este complemento notable permite a los usuarios generar y supervisar los niveles de membres\u00eda diversos, imponer restricciones al contenido o los productos que dependen del estado de membres\u00eda y optimizar a\u00fan m\u00e1s el procedimiento completo a trav\u00e9s de la automatizaci\u00f3n de pagos recurrentes. Adem\u00e1s, las notables funcionalidades de marketing por correo electr\u00f3nico de Yaymail pueden integrarse sin problemas con la membres\u00eda de WooCommerce, otorgando as\u00ed a los usuarios la capacidad de enviar correos electr\u00f3nicos a medida a miembros espec\u00edficos. Ya sea que se busque aumentar los ingresos o otorgar contenido exclusivo a los clientes dedicados, la inclusi\u00f3n de yaymail y membres\u00eda de WooCommerce surge como una alternativa excepcional y adecuada para cualquier empresa de comercio electr\u00f3nico floreciente.<\/p>\n<ul>\n<li>YayMail Yith WooCommerce Membership es un complemento de membres\u00eda que le permite administrar f\u00e1cilmente a sus miembros y suscripciones.<\/li>\n<li>Con la integraci\u00f3n de Yaymail, puede enviar boletines por correo electr\u00f3nico, autorespondedores y m\u00e1s a sus miembros.<\/li>\n<li>El complemento se integra perfectamente con el complemento WooCommerce, lo que le permite ofrecer productos y servicios exclusivamente a los miembros.<\/li>\n<li>Puede configurar diferentes niveles de membres\u00eda, con diferentes niveles de acceso, precios y beneficios.<\/li>\n<li>El complemento le permite rastrear la actividad y el compromiso de los miembros, ayud\u00e1ndole a comprender a su audiencia y mejorar sus ofertas.<\/li>\n<li>Con Yaymail y la membres\u00eda de WooCommerce, puede automatizar su gesti\u00f3n de membres\u00eda, desde las registros hasta las renovaciones y las cancelaciones.<\/li>\n<li>El complemento es totalmente personalizable, con una variedad de configuraciones y opciones para satisfacer sus necesidades y preferencias.<\/li>\n<li>Tambi\u00e9n puede usar YayMail para crear correos electr\u00f3nicos personalizados, campa\u00f1as de seguimiento y promociones espec\u00edficas para sus miembros y clientes potenciales.<\/li>\n<li>YayMail Yith WooCommerce Membership es una soluci\u00f3n ideal para empresas, blogueros, editores y otras organizaciones que desean monetizar su contenido e interactuar con sus clientes.<\/li>\n<\/ul>\n","protected":false},"excerpt":{"rendered":"<p>YayMail Yith WooCommerce Membership es una herramienta indispensable que tiene un prop\u00f3sito crucial para los sitios web que participan en la venta de membres\u00edas a sus estimados clientes. Este notable producto le permite la capacidad de manejar y supervisar competencia sus diversas membres\u00edas y suscripciones, mientras env\u00edan correos electr\u00f3nicos automatizados a sus miembros estimados y les otorgan acceso a contenido privilegiado. Adem\u00e1s, se integra sin problemas con la estimada plataforma WooCommerce, lo que le brinda la oportunidad de procesar los pagos sin problemas y administrar diligentemente la estimada lista de los clientes. Adem\u00e1s, se le proporciona la libertad de adaptar y personalizar los correos electr\u00f3nicos y notificaciones que se env\u00edan a sus estimados miembros para armonizar perfectamente con su identidad de marca. Sin lugar a dudas, YayMail es la membres\u00eda de WooCommerce garantiza una experiencia desprovista de cualquier molestia, no solo para usted sino tambi\u00e9n para sus estimados clientes, al tiempo que proporciona simult\u00e1neamente un impulso sustancial a sus flujos de ingresos.<\/p>\n","protected":false},"featured_media":168776,"comment_status":"open","ping_status":"open","template":"","meta":[],"product_brand":[2651],"product_cat":[1207,1248,1206],"product_tag":[2278],"class_list":{"0":"post-137407","1":"product","2":"type-product","3":"status-publish","4":"has-post-thumbnail","6":"product_brand-yaycommerce","7":"product_cat-comercio-electronico-plugins","8":"product_cat-personalizacion-comercio-electronico-plugins","9":"product_cat-plugins","10":"product_tag-yaycommerce","11":"member-discount","12":"discount-restricted","14":"first","15":"instock","16":"sale","17":"downloadable","18":"virtual","19":"sold-individually","20":"purchasable","21":"product-type-simple"},"_links":{"self":[{"href":"https:\/\/gpl-love.com\/es\/wp-json\/wp\/v2\/product\/137407","targetHints":{"allow":["GET"]}}],"collection":[{"href":"https:\/\/gpl-love.com\/es\/wp-json\/wp\/v2\/product"}],"about":[{"href":"https:\/\/gpl-love.com\/es\/wp-json\/wp\/v2\/types\/product"}],"replies":[{"embeddable":true,"href":"https:\/\/gpl-love.com\/es\/wp-json\/wp\/v2\/comments?post=137407"}],"wp:featuredmedia":[{"embeddable":true,"href":"https:\/\/gpl-love.com\/es\/wp-json\/wp\/v2\/media\/168776"}],"wp:attachment":[{"href":"https:\/\/gpl-love.com\/es\/wp-json\/wp\/v2\/media?parent=137407"}],"wp:term":[{"taxonomy":"product_brand","embeddable":true,"href":"https:\/\/gpl-love.com\/es\/wp-json\/wp\/v2\/product_brand?post=137407"},{"taxonomy":"product_cat","embeddable":true,"href":"https:\/\/gpl-love.com\/es\/wp-json\/wp\/v2\/product_cat?post=137407"},{"taxonomy":"product_tag","embeddable":true,"href":"https:\/\/gpl-love.com\/es\/wp-json\/wp\/v2\/product_tag?post=137407"}],"curies":[{"name":"wp","href":"https:\/\/api.w.org\/{rel}","templated":true}]}}