{"id":137403,"date":"2025-06-05T00:00:00","date_gmt":"2025-06-05T05:00:00","guid":{"rendered":"https:\/\/gpl-love.com\/es\/producto\/yaymail-yith-woocommerce-stripe-2\/"},"modified":"2026-03-09T08:37:09","modified_gmt":"2026-03-09T13:37:09","slug":"yaymail-yith-woocommerce-stripe-2","status":"publish","type":"product","link":"https:\/\/gpl-love.com\/es\/producto\/yaymail-yith-woocommerce-stripe-2\/","title":{"rendered":"YayMail Yith WooCommerce Stripe 4.0"},"content":{"rendered":"<h3>YayMail Yith WooCommerce Stripe Caracteristicas<\/h3>\n<p>Yaymail Yith WooCommerce Stripe es una soluci\u00f3n que lo abarca para el marketing por correo electr\u00f3nico, meticulosamente elaborada para racionalizar el proceso de marketing por correo electr\u00f3nico para los usuarios que utilizan el muy reconocido complemento de rayas de WooCommerce. Con la ayuda de Yaymail, los usuarios est\u00e1n facultados para generar y enviar correos electr\u00f3nicos de marketing sin esfuerzo a sus estimados clientes, al tiempo que monitorean vigiliosamente el rendimiento de sus campa\u00f1as y analizan meticulosamente los resultados para optimizar y refinar su estrategia de marketing por correo electr\u00f3nico. La profunda integraci\u00f3n con su ripe de WooCommerce facilita la gesti\u00f3n perfecta de los datos de los clientes, capacita a los usuarios para segmentar meticulosamente sus listas de correo electr\u00f3nico y dirigirse precisamente a sus campa\u00f1as hacia cohortes espec\u00edficas de clientes. Exhibiendo una dedicaci\u00f3n inquebrantable a la experiencia del usuario, YayMail instala una interfaz intuitiva y una variedad diversa de plantillas personalizables, capacitando efectivamente a los usuarios para producir correos electr\u00f3nicos impecablemente profesionales en un per\u00edodo de tiempo notablemente corto. Ya sea que su aspiraci\u00f3n gire en torno a aumentar las cifras de ventas o fomentar la lealtad inquebrantable del cliente, Yaymail y WooCommerce Stripe abarca todas las caracter\u00edsticas necesarias para impulsar sus esfuerzos de marketing por correo electr\u00f3nico a alturas sin precedentes.<\/p>\n<ul>\n<li>Yaymail Yith WooCommerce Stripe es un poderoso complemento de pasarela de pago para WooCommerce.<\/li>\n<li>Le permite integrar a la perfecci\u00f3n la pasarela de pago de stripe con su tienda WooCommerce.<\/li>\n<li>Con YayMail y Stripe de WooCommerce, puede aceptar pagos de clientes de todo el mundo, en m\u00faltiples monedas.<\/li>\n<li>El complemento ofrece una soluci\u00f3n de procesamiento de pago segura que cumple con PCI y garantiza que todas las transacciones sean seguras y seguras.<\/li>\n<li>Ofrece un proceso de pago simplificado que ayuda a aumentar sus tasas de conversi\u00f3n y aumentar sus ventas en l\u00ednea.<\/li>\n<li>YayMail Yith WooCommerce Stripe tiene una interfaz intuitiva y f\u00e1cil de usar que facilita la configuraci\u00f3n y personalizaci\u00f3n para satisfacer las necesidades de su negocio.<\/li>\n<li>Puede configurar f\u00e1cilmente el complemento para aceptar pagos de varios productos y servicios, incluidas suscripciones, descargas digitales y bienes f\u00edsicos.<\/li>\n<li>YayMail Yith WooCommerce Stripe le permite ver y administrar sus transacciones de pago desde un solo tablero, lo que facilita el seguimiento de sus ventas e ingresos.<\/li>\n<li>El complemento viene con una excelente atenci\u00f3n al cliente, lo que garantiza que cualquier problema o pregunta que tenga se aborde de manera r\u00e1pida y eficiente.<\/li>\n<li>En general, YayMail Yith WooCommerce Stripe es un complemento de pasarela de pago imprescindible para cualquier propietario de un negocio que busque expandir sus ventas en l\u00ednea y alcanzar una base de clientes m\u00e1s amplia.<\/li>\n<\/ul>\n","protected":false},"excerpt":{"rendered":"<p>YayMail Yith WooCommerce Stripe es una soluci\u00f3n de pago excepcionalmente robusta y perfecta dise\u00f1ada espec\u00edficamente para empresas en l\u00ednea. Este ingenioso complemento, que se integra sin problemas con WooCommerce, una plataforma de comercio electr\u00f3nico de c\u00f3digo abierto, brinda a las empresas la oportunidad de aceptar pagos de sus clientes valiosos a trav\u00e9s de la pasarela de pago muy accesamente accesamente popular conocida como Stripe. La funcionalidad incomparable y la facilidad de uso de YayMail y WooCommerce Stripe aseguran que las empresas puedan establecer r\u00e1pidamente y sin esfuerzo este sistema de procesamiento de pagos de vanguardia, que no solo proporciona un nivel inigualable de confiabilidad y seguridad, sino que tambi\u00e9n ofrece una facilidad de uso incomparable. Adem\u00e1s, gracias a su integraci\u00f3n perfecta con Yaymail, una soluci\u00f3n innovadora y altamente efectiva de marketing de CRM y correo electr\u00f3nico, las empresas tambi\u00e9n pueden experimentar la conveniencia y eficiencia adicional de automatizar sus correspondencias de correo electr\u00f3nico cruciales con los clientes, incluidos, entre otros, los recibos de pago y las confirmaciones de pedidos. Al implementar yaymail, con Stripe de WooCommerce hoy, las empresas pueden optimizar sin problemas y optimizar sus procedimientos de procesamiento de pagos, revolucionando sin esfuerzo todas sus operaciones.<\/p>\n","protected":false},"featured_media":168773,"comment_status":"open","ping_status":"open","template":"","meta":[],"product_brand":[2651],"product_cat":[1207,1248,1206],"product_tag":[2278],"class_list":{"0":"post-137403","1":"product","2":"type-product","3":"status-publish","4":"has-post-thumbnail","6":"product_brand-yaycommerce","7":"product_cat-comercio-electronico-plugins","8":"product_cat-personalizacion-comercio-electronico-plugins","9":"product_cat-plugins","10":"product_tag-yaycommerce","11":"member-discount","12":"discount-restricted","14":"first","15":"instock","16":"sale","17":"downloadable","18":"virtual","19":"sold-individually","20":"purchasable","21":"product-type-simple"},"_links":{"self":[{"href":"https:\/\/gpl-love.com\/es\/wp-json\/wp\/v2\/product\/137403","targetHints":{"allow":["GET"]}}],"collection":[{"href":"https:\/\/gpl-love.com\/es\/wp-json\/wp\/v2\/product"}],"about":[{"href":"https:\/\/gpl-love.com\/es\/wp-json\/wp\/v2\/types\/product"}],"replies":[{"embeddable":true,"href":"https:\/\/gpl-love.com\/es\/wp-json\/wp\/v2\/comments?post=137403"}],"wp:featuredmedia":[{"embeddable":true,"href":"https:\/\/gpl-love.com\/es\/wp-json\/wp\/v2\/media\/168773"}],"wp:attachment":[{"href":"https:\/\/gpl-love.com\/es\/wp-json\/wp\/v2\/media?parent=137403"}],"wp:term":[{"taxonomy":"product_brand","embeddable":true,"href":"https:\/\/gpl-love.com\/es\/wp-json\/wp\/v2\/product_brand?post=137403"},{"taxonomy":"product_cat","embeddable":true,"href":"https:\/\/gpl-love.com\/es\/wp-json\/wp\/v2\/product_cat?post=137403"},{"taxonomy":"product_tag","embeddable":true,"href":"https:\/\/gpl-love.com\/es\/wp-json\/wp\/v2\/product_tag?post=137403"}],"curies":[{"name":"wp","href":"https:\/\/api.w.org\/{rel}","templated":true}]}}