{"id":137399,"date":"2025-06-05T00:00:00","date_gmt":"2025-06-05T05:00:00","guid":{"rendered":"https:\/\/gpl-love.com\/es\/producto\/yaymail-wcfm\/"},"modified":"2026-03-09T08:37:05","modified_gmt":"2026-03-09T13:37:05","slug":"yaymail-wcfm","status":"publish","type":"product","link":"https:\/\/gpl-love.com\/es\/producto\/yaymail-wcfm\/","title":{"rendered":"YayMail WCFM 4.0"},"content":{"rendered":"<h3>YayMail WCFM Caracteristicas<\/h3>\n<p>Yaymail WCFM es una herramienta de marketing por correo electr\u00f3nico incre\u00edblemente innovadora y de vanguardia, que sirve como un medio para que las empresas establezcan una conexi\u00f3n personalizada y altamente impactante con sus clientes. Esta extraordinaria plataforma cuenta con una variedad de caracter\u00edsticas avanzadas y una interfaz intuitiva, facilitando la creaci\u00f3n y transmisi\u00f3n de correos electr\u00f3nicos excepcionalmente profesionales garantizados para aprovechar la atenci\u00f3n de su audiencia prevista. Ya sea que su objetivo es introducir un nuevo producto, proclamar una venta atractiva o simplemente mantener una correspondencia regular con sus valiosos clientes, Yaymail WCFM lo equipa con todas las herramientas necesarias para alcanzar con \u00e9xito sus objetivos. Desde plantillas totalmente personalizables hasta an\u00e1lisis meticulosos, esta plataforma abarca todos los elementos esenciales necesarios para dise\u00f1ar y ejecutar campa\u00f1as de correo electr\u00f3nico altamente efectivas que generen resultados fruct\u00edferos. En consecuencia, si se encuentra en busca de una soluci\u00f3n de marketing por correo electr\u00f3nico inmensamente poderosa, capaz de impulsar su negocio al pin\u00e1culo del \u00e9xito, YayMail WCFM indudablemente emerge como la elecci\u00f3n por excelencia.<\/p>\n<ul>\n<li>Yaymail WCFM es una herramienta poderosa para administrar y automatizar sus campa\u00f1as de alcance por correo electr\u00f3nico.<\/li>\n<li>Con YayMail WCFM, puede crear plantillas de correo electr\u00f3nico personalizadas, programar env\u00edos de correo electr\u00f3nico y rastrear el rendimiento del correo electr\u00f3nico.<\/li>\n<li>La herramienta se integra a la perfecci\u00f3n con WooCommerce y WCFM Marketplace, lo que le permite enviar f\u00e1cilmente correos electr\u00f3nicos transaccionales a clientes y proveedores.<\/li>\n<li>YayMail WCFM tambi\u00e9n admite la segmentaci\u00f3n y la orientaci\u00f3n, lo que le permite enviar mensajes personalizados a audiencias espec\u00edficas.<\/li>\n<li>El tablero es intuitivo y f\u00e1cil de usar, lo que le brinda un control completo sobre sus esfuerzos de marketing por correo electr\u00f3nico.<\/li>\n<li>Con Yaymail WCFM, puede ahorrar tiempo y esfuerzo mientras llega a un p\u00fablico m\u00e1s amplio y conduce m\u00e1s conversiones.<\/li>\n<li>La herramienta se actualiza y mantiene constantemente, asegurando que siempre tenga acceso a las \u00faltimas caracter\u00edsticas y funcionalidad.<\/li>\n<li>La atenci\u00f3n al cliente est\u00e1 disponible para ayudarlo a aprovechar al m\u00e1ximo el WCFM de Yaymail y abordar cualquier problema o inquietud que pueda tener.<\/li>\n<\/ul>\n","protected":false},"excerpt":{"rendered":"<p>Yaymail WCFM es una herramienta de marketing por correo electr\u00f3nico incre\u00edblemente potente e influyente, meticulosamente elaborada para facilitar las empresas para establecer y mantener efectivamente la comunicaci\u00f3n con su valiosa clientela. Con su interfaz notablemente f\u00e1cil de usar y su conjunto de caracter\u00edsticas excepcionalmente completas, Yaymail WCFM le facilita las campa\u00f1as de correo electr\u00f3nico impresionantes sin esfuerzo, automatamente autom\u00e1ticamente sus esfuerzos de marketing y monitorean diligentemente su rendimiento en tiempo real. Ya sea que su objetivo implique la promoci\u00f3n de un producto novedoso, la difusi\u00f3n de boletines regulares o el cultivo de lealtad de los clientes inquebrantable, tenga la seguridad de que Yaymail WCFM encapsula todos los elementos necesarios para el triunfo resonante. No pierda tiempo y experimente los beneficios incomparables de Yaymail WCFM hoy, ya que impulsa sus esfuerzos de marketing por correo electr\u00f3nico a alturas sin precedentes.<\/p>\n","protected":false},"featured_media":168770,"comment_status":"open","ping_status":"open","template":"","meta":[],"product_brand":[2651],"product_cat":[1207,1248,1206],"product_tag":[2278],"class_list":{"0":"post-137399","1":"product","2":"type-product","3":"status-publish","4":"has-post-thumbnail","6":"product_brand-yaycommerce","7":"product_cat-comercio-electronico-plugins","8":"product_cat-personalizacion-comercio-electronico-plugins","9":"product_cat-plugins","10":"product_tag-yaycommerce","11":"member-discount","12":"discount-restricted","14":"first","15":"instock","16":"sale","17":"downloadable","18":"virtual","19":"sold-individually","20":"purchasable","21":"product-type-simple"},"_links":{"self":[{"href":"https:\/\/gpl-love.com\/es\/wp-json\/wp\/v2\/product\/137399","targetHints":{"allow":["GET"]}}],"collection":[{"href":"https:\/\/gpl-love.com\/es\/wp-json\/wp\/v2\/product"}],"about":[{"href":"https:\/\/gpl-love.com\/es\/wp-json\/wp\/v2\/types\/product"}],"replies":[{"embeddable":true,"href":"https:\/\/gpl-love.com\/es\/wp-json\/wp\/v2\/comments?post=137399"}],"wp:featuredmedia":[{"embeddable":true,"href":"https:\/\/gpl-love.com\/es\/wp-json\/wp\/v2\/media\/168770"}],"wp:attachment":[{"href":"https:\/\/gpl-love.com\/es\/wp-json\/wp\/v2\/media?parent=137399"}],"wp:term":[{"taxonomy":"product_brand","embeddable":true,"href":"https:\/\/gpl-love.com\/es\/wp-json\/wp\/v2\/product_brand?post=137399"},{"taxonomy":"product_cat","embeddable":true,"href":"https:\/\/gpl-love.com\/es\/wp-json\/wp\/v2\/product_cat?post=137399"},{"taxonomy":"product_tag","embeddable":true,"href":"https:\/\/gpl-love.com\/es\/wp-json\/wp\/v2\/product_tag?post=137399"}],"curies":[{"name":"wp","href":"https:\/\/api.w.org\/{rel}","templated":true}]}}