{"id":137393,"date":"2025-06-05T00:00:00","date_gmt":"2025-06-05T05:00:00","guid":{"rendered":"https:\/\/gpl-love.com\/es\/producto\/yaymail-yith-advanced-refund-system-2\/"},"modified":"2026-03-09T08:36:59","modified_gmt":"2026-03-09T13:36:59","slug":"yaymail-yith-advanced-refund-system-2","status":"publish","type":"product","link":"https:\/\/gpl-love.com\/es\/producto\/yaymail-yith-advanced-refund-system-2\/","title":{"rendered":"YayMail Yith Advanced Refund System 4.0"},"content":{"rendered":"<h3>YayMail Yith Advanced Refund System Caracteristicas<\/h3>\n<p>YayMail Yith Advanced Reembols System, un software notablemente notable, emerge como una soluci\u00f3n notablemente poderosa y ampliamente rica en caracter\u00edsticas, lo que permite a los diligentes proveedores en l\u00ednea para administrar y llevar a cabo de manera perfecta el proceso de reembolso contorneado. Esta herramienta innovadora y de vanguardia facilita ingeniosamente a los clientes al enviar sin esfuerzo sus solicitudes de reembolso accediendo directamente a su tablero de cuentas personalizado, facilitando as\u00ed un proceso notablemente conveniente e impecablemente optimizado que indudablemente alivia la carga de los comerciantes. Con YayMail, con el sistema de reembolso avanzado a su disposici\u00f3n, los comerciantes pueden evaluar y procesar de manera h\u00e1bil la avalancha de solicitudes de reembolso, que posteriormente culminan en una reducci\u00f3n sustancial en el tiempo de procesamiento general y una mejora impecable en el nivel de satisfacci\u00f3n de los clientes estimados. Adem\u00e1s, este software extraordinario abarca una amplia gama de funcionalidades avanzadas, que abarca, entre otros, el procesamiento de reembolso autom\u00e1tico, las notificaciones de correo electr\u00f3nico y las herramientas de informes notablemente integrales, lo que lo hace indudablemente indispensable para cualquier negocio en l\u00ednea astuto para elevar y refinar sus capacidades de gesti\u00f3n de reembolso de reembolso de reembolso. hasta una extensi\u00f3n incomparable.<\/p>\n<ul>\n<li>Optimizar el proceso de reembolso para empresas y clientes por igual<\/li>\n<li>Proporciona una interfaz f\u00e1cil de usar para administrar y rastrear reembolsos<\/li>\n<li>Ofrece pol\u00edticas de reembolso personalizables para satisfacer las necesidades de su negocio<\/li>\n<li>Las notificaciones autom\u00e1ticas de correo electr\u00f3nico mantienen a los clientes informados sobre las actualizaciones de reembolso<\/li>\n<li>Se integra a la perfecci\u00f3n con su sistema de pago de WooCommerce existente<\/li>\n<li>Ahorra tiempo y reduce la carga de trabajo para los equipos de servicio al cliente<\/li>\n<li>Identifica patrones en solicitudes de reembolso para ayudar a prevenir problemas futuros<\/li>\n<li>Aumenta la satisfacci\u00f3n y la lealtad del cliente al proporcionar una experiencia de reembolso sin problemas<\/li>\n<li>Permite a las empresas mantener registros precisos de informaci\u00f3n de reembolso para fines contables<\/li>\n<li>Mejora la credibilidad y el profesionalismo general de su negocio<\/li>\n<\/ul>\n","protected":false},"excerpt":{"rendered":"<p>YayMail Yith Advanced Reember System es una herramienta incre\u00edblemente robusta y altamente efectiva que se ha desarrollado meticulosamente con el objetivo principal de optimizar y mejorar el procedimiento general de reembolso para sus estimados clientes. A trav\u00e9s de la utilizaci\u00f3n de Yaymail, podr\u00e1 manejar sin esfuerzo y eficientemente todo el proceso de reembolso, automatizando sin problemas la difusi\u00f3n de notificaciones de reembolso y monitorear y analizar de cerca todas las m\u00e9tricas de reembolso de manera real. Este sistema fenomenal es excepcionalmente adecuado para varias empresas que aspiran a hacer una experiencia de reembolso absolutamente impecable y sin problemas a su valiosa clientela. Independientemente de si opera un establecimiento relativamente modesto y compacto o una empresa minorista significativamente m\u00e1s grande y m\u00e1s expansiva, tenga la seguridad de que el sistema de reembolso avanzado es inequ\u00edvocamente la soluci\u00f3n por excelencia que revolucionar\u00e1 inequ\u00edvocamente y optimizar\u00e1 su proceso de reembolso a los niveles de excelencia sin paralizar y eficiencia.<\/p>\n","protected":false},"featured_media":168765,"comment_status":"open","ping_status":"open","template":"","meta":[],"product_brand":[2651],"product_cat":[1207,1248,1206],"product_tag":[2278],"class_list":{"0":"post-137393","1":"product","2":"type-product","3":"status-publish","4":"has-post-thumbnail","6":"product_brand-yaycommerce","7":"product_cat-comercio-electronico-plugins","8":"product_cat-personalizacion-comercio-electronico-plugins","9":"product_cat-plugins","10":"product_tag-yaycommerce","11":"member-discount","12":"discount-restricted","14":"first","15":"instock","16":"sale","17":"downloadable","18":"virtual","19":"sold-individually","20":"purchasable","21":"product-type-simple"},"_links":{"self":[{"href":"https:\/\/gpl-love.com\/es\/wp-json\/wp\/v2\/product\/137393","targetHints":{"allow":["GET"]}}],"collection":[{"href":"https:\/\/gpl-love.com\/es\/wp-json\/wp\/v2\/product"}],"about":[{"href":"https:\/\/gpl-love.com\/es\/wp-json\/wp\/v2\/types\/product"}],"replies":[{"embeddable":true,"href":"https:\/\/gpl-love.com\/es\/wp-json\/wp\/v2\/comments?post=137393"}],"wp:featuredmedia":[{"embeddable":true,"href":"https:\/\/gpl-love.com\/es\/wp-json\/wp\/v2\/media\/168765"}],"wp:attachment":[{"href":"https:\/\/gpl-love.com\/es\/wp-json\/wp\/v2\/media?parent=137393"}],"wp:term":[{"taxonomy":"product_brand","embeddable":true,"href":"https:\/\/gpl-love.com\/es\/wp-json\/wp\/v2\/product_brand?post=137393"},{"taxonomy":"product_cat","embeddable":true,"href":"https:\/\/gpl-love.com\/es\/wp-json\/wp\/v2\/product_cat?post=137393"},{"taxonomy":"product_tag","embeddable":true,"href":"https:\/\/gpl-love.com\/es\/wp-json\/wp\/v2\/product_tag?post=137393"}],"curies":[{"name":"wp","href":"https:\/\/api.w.org\/{rel}","templated":true}]}}