{"id":137375,"date":"2025-06-05T00:00:00","date_gmt":"2025-06-05T05:00:00","guid":{"rendered":"https:\/\/gpl-love.com\/es\/producto\/yaymail-woocommerce-return-y-warranty-management\/"},"modified":"2026-03-09T08:37:53","modified_gmt":"2026-03-09T13:37:53","slug":"yaymail-woocommerce-return-y-warranty-management","status":"publish","type":"product","link":"https:\/\/gpl-love.com\/es\/producto\/yaymail-woocommerce-return-y-warranty-management\/","title":{"rendered":"YayMail WooCommerce Return y Warranty Management 4.0"},"content":{"rendered":"<h3>YayMail WooCommerce Return y Warranty Management Caracteristicas<\/h3>\n<p>Yaymail WooCommerce Return and Warranty Management es una herramienta extremadamente potente que se ha creado cuidadosamente con la intenci\u00f3n de simplificar la intrincada tarea de administrar los rendimientos y garant\u00edas de los productos dentro de la plataforma WooCommerce. Al aprovechar esta notable soluci\u00f3n, a los usuarios se les otorga la capacidad de supervisar sin esfuerzo todo el proceso de devoluci\u00f3n, que abarca el inicio de los retornos, el seguimiento vigilante de los env\u00edos y la gesti\u00f3n juiciosa de los reembolsos. Adem\u00e1s, esta plataforma excepcional tambi\u00e9n cuenta con un sistema de gesti\u00f3n de garant\u00eda que abarca todo lo que brinda a los usuarios la capacidad de monitorear y regular convenientemente garant\u00edas, lo que implica la capacidad de establecer fechas de vencimiento, manejar reclamos h\u00e1bilmente y generar r\u00e1pidamente informes detallados. Alquilar los servicios de la devoluci\u00f3n de WooCommerce de YayMail y la gesti\u00f3n de la garant\u00eda permiten a las empresas racionalizar sus operaciones y proporcionar a sus estimados clientes una devoluci\u00f3n incomparable y una experiencia de garant\u00eda, fomentando en \u00faltima instancia una mayor sensaci\u00f3n de satisfacci\u00f3n y lealtad inquebrantable.<\/p>\n<ul>\n<li>Proceso de configuraci\u00f3n r\u00e1pido y f\u00e1cil para una integraci\u00f3n perfecta con su tienda WooCommerce<\/li>\n<li>Gesti\u00f3n de devoluciones simplificadas y eficientes, minimizando la molestia tanto para los clientes como para los propietarios de tiendas<\/li>\n<li>Pol\u00edticas de devoluci\u00f3n personalizables y aprobaciones de retorno automatizadas, asegurando un tratamiento constante y justo de los clientes<\/li>\n<li>Funcionalidad s\u00f3lida de gesti\u00f3n de la garant\u00eda, lo que permite el seguimiento y la gesti\u00f3n de garant\u00edas de productos desde una sola plataforma<\/li>\n<li>Informes y an\u00e1lisis integrales sobre datos de devoluci\u00f3n y garant\u00eda, proporcionando informaci\u00f3n para mejorar la satisfacci\u00f3n del cliente y el desempe\u00f1o comercial<\/li>\n<li>Integraci\u00f3n con los principales operadores de env\u00edo para un f\u00e1cil seguimiento y procesamiento de devoluciones<\/li>\n<li>Soporte multiling\u00fce para una base global de clientes<\/li>\n<li>Atenci\u00f3n al cliente 24\/7 para garantizar una resoluci\u00f3n r\u00e1pida y efectiva de cualquier problema o consulta<\/li>\n<\/ul>\n","protected":false},"excerpt":{"rendered":"<p>Yaymail WooCommerce Return and Warranty Management sirve como una extensi\u00f3n altamente potente y f\u00e1cil de usar, mejorando y racionalizando efectivamente el procedimiento de devoluci\u00f3n y garant\u00eda para comerciantes de comercio electr\u00f3nico que operan sus tiendas en l\u00ednea en la plataforma WooCommerce. Al utilizar este complemento, los vendedores pueden manejar y supervisar sin esfuerzo las solicitudes de devoluci\u00f3n y garant\u00eda, al tiempo que automatizaron el intrincado proceso de aprobaci\u00f3n. Adem\u00e1s, esta herramienta permite a los vendedores rastrear convenientemente los env\u00edos, generar informes de reembolso integrales y realizar varias otras funciones. A trav\u00e9s de la simplificaci\u00f3n del proceso de devoluci\u00f3n, los vendedores tienen la oportunidad de elevar los niveles de satisfacci\u00f3n del cliente y, por lo tanto, mejorar su estimada reputaci\u00f3n en l\u00ednea. Es una gran garant\u00eda que el retorno de Yaymail WooCommerce y la gesti\u00f3n de la garant\u00eda otorgan una sensaci\u00f3n de tranquilidad a los clientes, garantizando su m\u00e1xima tranquilidad.<\/p>\n","protected":false},"featured_media":168809,"comment_status":"open","ping_status":"open","template":"","meta":[],"product_brand":[2651],"product_cat":[1207,1248,1206],"product_tag":[2278],"class_list":{"0":"post-137375","1":"product","2":"type-product","3":"status-publish","4":"has-post-thumbnail","6":"product_brand-yaycommerce","7":"product_cat-comercio-electronico-plugins","8":"product_cat-personalizacion-comercio-electronico-plugins","9":"product_cat-plugins","10":"product_tag-yaycommerce","11":"member-discount","12":"discount-restricted","14":"first","15":"instock","16":"sale","17":"downloadable","18":"virtual","19":"sold-individually","20":"purchasable","21":"product-type-simple"},"_links":{"self":[{"href":"https:\/\/gpl-love.com\/es\/wp-json\/wp\/v2\/product\/137375","targetHints":{"allow":["GET"]}}],"collection":[{"href":"https:\/\/gpl-love.com\/es\/wp-json\/wp\/v2\/product"}],"about":[{"href":"https:\/\/gpl-love.com\/es\/wp-json\/wp\/v2\/types\/product"}],"replies":[{"embeddable":true,"href":"https:\/\/gpl-love.com\/es\/wp-json\/wp\/v2\/comments?post=137375"}],"wp:featuredmedia":[{"embeddable":true,"href":"https:\/\/gpl-love.com\/es\/wp-json\/wp\/v2\/media\/168809"}],"wp:attachment":[{"href":"https:\/\/gpl-love.com\/es\/wp-json\/wp\/v2\/media?parent=137375"}],"wp:term":[{"taxonomy":"product_brand","embeddable":true,"href":"https:\/\/gpl-love.com\/es\/wp-json\/wp\/v2\/product_brand?post=137375"},{"taxonomy":"product_cat","embeddable":true,"href":"https:\/\/gpl-love.com\/es\/wp-json\/wp\/v2\/product_cat?post=137375"},{"taxonomy":"product_tag","embeddable":true,"href":"https:\/\/gpl-love.com\/es\/wp-json\/wp\/v2\/product_tag?post=137375"}],"curies":[{"name":"wp","href":"https:\/\/api.w.org\/{rel}","templated":true}]}}