{"id":137374,"date":"2025-06-05T00:00:00","date_gmt":"2025-06-05T05:00:00","guid":{"rendered":"https:\/\/gpl-love.com\/es\/producto\/yaymail-yith-woocommerce-pre-order\/"},"modified":"2026-03-09T08:37:51","modified_gmt":"2026-03-09T13:37:51","slug":"yaymail-yith-woocommerce-pre-order","status":"publish","type":"product","link":"https:\/\/gpl-love.com\/es\/producto\/yaymail-yith-woocommerce-pre-order\/","title":{"rendered":"YayMail Yith WooCommerce Pre-Order 4.0"},"content":{"rendered":"<h3>YayMail Yith WooCommerce Pre-Order Caracteristicas<\/h3>\n<p>YayMail Yith WooCommerce PRE-ORDER, una herramienta notablemente potente, sirve como un medio efectivo para administrar los pedidos anticipados en los sitios web de WooCommerce. Este complemento excepcional otorga a los usuarios la capacidad perfecta de generar sin esfuerzo productos de pedido anticipado y establecer fechas personalizadas de pedido anticipado, todo mientras proporciona a los clientes una mayor claridad con respecto a la disponibilidad de productos y los horarios de entrega. El invaluable yaymail y WooCommerce pre-pedido no solo agiliza el proceso de pedido anticipado, mejorando as\u00ed la experiencia del cliente de las empresas, sino que tambi\u00e9n garantiza que los clientes posean acceso constantemente a informaci\u00f3n precisa y confiable. Con una interfaz intuitiva junto con una gran cantidad de caracter\u00edsticas robustas, Yaymail y WooCommerce PRE-Order surge como un activo indispensable para las empresas involucradas en el manejo de los pedidos anticipados.<\/p>\n<ul>\n<li>Permite a los clientes pre-ordenar productos antes de que sean lanzados<\/li>\n<li>Integraci\u00f3n perfecta con yith wooCommerce<\/li>\n<li>F\u00e1cil de configurar y configurar<\/li>\n<li>Altamente personalizable para adaptarse a la marca y al estilo de su tienda<\/li>\n<li>Mejora de la experiencia y la satisfacci\u00f3n del cliente al permitirles asegurar productos con anticipaci\u00f3n<\/li>\n<li>Proporciona informaci\u00f3n valiosa sobre la demanda de los clientes y ayuda con la gesti\u00f3n de inventario<\/li>\n<li>Aumenta el potencial de ventas promocionando productos antes de que est\u00e9n disponibles para su compra<\/li>\n<li>Admite m\u00faltiples pasarelas de pago para pedidos anticipados<\/li>\n<li>Compatible con una amplia gama de temas y complementos de WordPress<\/li>\n<li>Atenci\u00f3n al cliente estelar del equipo de Yaymail.<\/li>\n<\/ul>\n","protected":false},"excerpt":{"rendered":"<p>YayMail Yith WooCommerce Pre-Order demuestra ser una extensi\u00f3n excepcional, ya que facilita enormemente la gesti\u00f3n perfecta de las ventas de pedido anticipado para los propietarios de tiendas. Al utilizar esta extensi\u00f3n, a los clientes se les otorga la capacidad de preordenar productos que a\u00fan no se han puesto a disposici\u00f3n para la venta, al tiempo que ayudan a los propietarios de tiendas a realizar un seguimiento efectivo de estos pedidos anticipados. Con la ayuda de YayMail y WooCommerce pre-pedido, la creaci\u00f3n de productos de pedido anticipado se vuelve sin esfuerzo, complementado a\u00fan m\u00e1s por su funci\u00f3n que permite el establecimiento de duraciones de pedidos anticipados y la notificaci\u00f3n posterior de los clientes sobre la disponibilidad de la compra de dicha pedido previo productos. Por lo tanto, es esencial que cualquier tienda en l\u00ednea que aspira a maximizar las ventas y optimizar la gesti\u00f3n de las ventas de pedidos anticipados para poseer esta invaluable herramienta.<\/p>\n","protected":false},"featured_media":168808,"comment_status":"open","ping_status":"open","template":"","meta":[],"product_brand":[2651],"product_cat":[1207,1248,1206],"product_tag":[2278],"class_list":{"0":"post-137374","1":"product","2":"type-product","3":"status-publish","4":"has-post-thumbnail","6":"product_brand-yaycommerce","7":"product_cat-comercio-electronico-plugins","8":"product_cat-personalizacion-comercio-electronico-plugins","9":"product_cat-plugins","10":"product_tag-yaycommerce","11":"member-discount","12":"discount-restricted","14":"first","15":"instock","16":"sale","17":"downloadable","18":"virtual","19":"sold-individually","20":"purchasable","21":"product-type-simple"},"_links":{"self":[{"href":"https:\/\/gpl-love.com\/es\/wp-json\/wp\/v2\/product\/137374","targetHints":{"allow":["GET"]}}],"collection":[{"href":"https:\/\/gpl-love.com\/es\/wp-json\/wp\/v2\/product"}],"about":[{"href":"https:\/\/gpl-love.com\/es\/wp-json\/wp\/v2\/types\/product"}],"replies":[{"embeddable":true,"href":"https:\/\/gpl-love.com\/es\/wp-json\/wp\/v2\/comments?post=137374"}],"wp:featuredmedia":[{"embeddable":true,"href":"https:\/\/gpl-love.com\/es\/wp-json\/wp\/v2\/media\/168808"}],"wp:attachment":[{"href":"https:\/\/gpl-love.com\/es\/wp-json\/wp\/v2\/media?parent=137374"}],"wp:term":[{"taxonomy":"product_brand","embeddable":true,"href":"https:\/\/gpl-love.com\/es\/wp-json\/wp\/v2\/product_brand?post=137374"},{"taxonomy":"product_cat","embeddable":true,"href":"https:\/\/gpl-love.com\/es\/wp-json\/wp\/v2\/product_cat?post=137374"},{"taxonomy":"product_tag","embeddable":true,"href":"https:\/\/gpl-love.com\/es\/wp-json\/wp\/v2\/product_tag?post=137374"}],"curies":[{"name":"wp","href":"https:\/\/api.w.org\/{rel}","templated":true}]}}