{"id":137373,"date":"2025-06-05T00:00:00","date_gmt":"2025-06-05T05:00:00","guid":{"rendered":"https:\/\/gpl-love.com\/es\/producto\/yaymail-woocommerce-license-manager\/"},"modified":"2026-03-09T08:37:47","modified_gmt":"2026-03-09T13:37:47","slug":"yaymail-woocommerce-license-manager","status":"publish","type":"product","link":"https:\/\/gpl-love.com\/es\/producto\/yaymail-woocommerce-license-manager\/","title":{"rendered":"YayMail WooCommerce License Manager 4.0"},"content":{"rendered":"<h3>YayMail WooCommerce License Manager Caracteristicas<\/h3>\n<p>Yaymail WooCommerce License Manager demuestra ser una soluci\u00f3n inmensamente poderosa cuando se trata de administrar eficazmente las licencias de productos que se venden a trav\u00e9s de WooCommerce. Este complemento excepcional ofrece una interfaz f\u00e1cil de usar que le permite crear y administrar licencias sin esfuerzo, monitorear de cerca las activaciones y rastrear meticulosamente el uso. La integraci\u00f3n perfecta de este complemento con WooCommerce permite una gesti\u00f3n perfecta de licencias para productos f\u00edsicos y digitales. Con una variedad de caracter\u00edsticas impresionantes, como la activaci\u00f3n automatizada de la licencia, la gesti\u00f3n eficiente del cliente y los informes integrales, es evidente que el gerente de licencias de Yaymail WooCommerce es la opci\u00f3n \u00f3ptima para las empresas de cualquier escala, que busca agilizar y mejorar sus procedimientos de gesti\u00f3n de licencias. Independientemente de si usted es un floreciente propietario de una peque\u00f1a empresa o una empresa formidable, se garantiza que este notable complemento ahorrar\u00e1 significativamente su valioso tiempo y mejorar\u00e1 la experiencia general de sus estimados clientes.<\/p>\n<ul>\n<li>Peligere su negocio de comercio electr\u00f3nico con Yaymail WooCommerce Manager de licencia<\/li>\n<li>Administrar y rastrear f\u00e1cilmente las licencias para sus productos WooCommerce<\/li>\n<li>Proteja su software de la distribuci\u00f3n no autorizada a trav\u00e9s de la activaci\u00f3n y desactivaci\u00f3n autom\u00e1tica de la licencia<\/li>\n<li>Personalizar claves de licencia para una mayor seguridad y flexibilidad<\/li>\n<li>Entrega autom\u00e1tica por correo electr\u00f3nico de las claves de licencia a los clientes al comprar<\/li>\n<li>Ver y administrar f\u00e1cilmente las activaciones y actualizaciones de la licencia desde un tablero central<\/li>\n<li>Mejorar la satisfacci\u00f3n del cliente al proporcionar un soporte r\u00e1pido y confiable para problemas de licencia<\/li>\n<li>Compatible con temas y complementos populares de WordPress, incluidas las suscripciones de WooCommerce<\/li>\n<li>Atenci\u00f3n al cliente 24\/7 y documentaci\u00f3n integral para garantizar una configuraci\u00f3n sin problemas y un uso eficiente del complemento.<\/li>\n<\/ul>\n","protected":false},"excerpt":{"rendered":"<p>El gerente de licencia de YayMail WooCommerce ofrece una soluci\u00f3n s\u00f3lida y potente para la gesti\u00f3n de licencias relacionadas con sus productos WooCommerce. Le permite generar, manejar y monitorear las licencias asociadas y monitorear sin esfuerzo con sus productos, asegurando as\u00ed que las personas autorizadas \u00fanicamente se les otorgue acceso a ellas. YayMail demuestra ser un recurso invaluable para salvaguardar su propiedad intelectual y mantener la seguridad de su software, bienes digitales o cualquier otra mercanc\u00eda que pueda expender. Con una interfaz instintiva e instintiva f\u00e1cil de usar, Yaymail atiende a las personas sin una experiencia t\u00e9cnica significativa, garantizando una experiencia perfecta. Por lo tanto, si aspira a optimizar sus operaciones de gesti\u00f3n de licencias y fortalecer la protecci\u00f3n de sus productos, se recomendar\u00eda probar el gerente de licencias de WooCommerce de Yaymail hoy.<\/p>\n","protected":false},"featured_media":168804,"comment_status":"open","ping_status":"open","template":"","meta":[],"product_brand":[2651],"product_cat":[1207,1248,1206],"product_tag":[2278],"class_list":{"0":"post-137373","1":"product","2":"type-product","3":"status-publish","4":"has-post-thumbnail","6":"product_brand-yaycommerce","7":"product_cat-comercio-electronico-plugins","8":"product_cat-personalizacion-comercio-electronico-plugins","9":"product_cat-plugins","10":"product_tag-yaycommerce","11":"member-discount","12":"discount-restricted","14":"first","15":"instock","16":"sale","17":"downloadable","18":"virtual","19":"sold-individually","20":"purchasable","21":"product-type-simple"},"_links":{"self":[{"href":"https:\/\/gpl-love.com\/es\/wp-json\/wp\/v2\/product\/137373","targetHints":{"allow":["GET"]}}],"collection":[{"href":"https:\/\/gpl-love.com\/es\/wp-json\/wp\/v2\/product"}],"about":[{"href":"https:\/\/gpl-love.com\/es\/wp-json\/wp\/v2\/types\/product"}],"replies":[{"embeddable":true,"href":"https:\/\/gpl-love.com\/es\/wp-json\/wp\/v2\/comments?post=137373"}],"wp:featuredmedia":[{"embeddable":true,"href":"https:\/\/gpl-love.com\/es\/wp-json\/wp\/v2\/media\/168804"}],"wp:attachment":[{"href":"https:\/\/gpl-love.com\/es\/wp-json\/wp\/v2\/media?parent=137373"}],"wp:term":[{"taxonomy":"product_brand","embeddable":true,"href":"https:\/\/gpl-love.com\/es\/wp-json\/wp\/v2\/product_brand?post=137373"},{"taxonomy":"product_cat","embeddable":true,"href":"https:\/\/gpl-love.com\/es\/wp-json\/wp\/v2\/product_cat?post=137373"},{"taxonomy":"product_tag","embeddable":true,"href":"https:\/\/gpl-love.com\/es\/wp-json\/wp\/v2\/product_tag?post=137373"}],"curies":[{"name":"wp","href":"https:\/\/api.w.org\/{rel}","templated":true}]}}