{"id":137372,"date":"2025-11-06T00:00:00","date_gmt":"2025-11-06T05:00:00","guid":{"rendered":"https:\/\/gpl-love.com\/es\/producto\/yaymail-woocommerce-account-funds\/"},"modified":"2026-03-09T08:37:46","modified_gmt":"2026-03-09T13:37:46","slug":"yaymail-woocommerce-account-funds","status":"publish","type":"product","link":"https:\/\/gpl-love.com\/es\/producto\/yaymail-woocommerce-account-funds\/","title":{"rendered":"YayMail WooCommerce Account Funds 4.0.7"},"content":{"rendered":"<h3>YayMail WooCommerce Account Funds Caracteristicas<\/h3>\n<p>Los fondos de la cuenta de Yaymail WooCommerce demuestran ser un activo invaluable para los propietarios de tiendas de WooCommerce que desean la facilitaci\u00f3n del proceso de sus clientes de agregar fondos a sus cuentas. A trav\u00e9s de la utilizaci\u00f3n de esta extensi\u00f3n, los clientes pueden incorporar convenientemente fondos en sus cuentas a trav\u00e9s de una gama de m\u00e9todos de pago, que abarcan tarjetas de cr\u00e9dito y PayPal. Posteriormente, los fondos adquiridos tienen el prop\u00f3sito de permitir compras dentro de la tienda, simplificando as\u00ed el procedimiento de pago y, en \u00faltima instancia, mejorar la satisfacci\u00f3n del cliente. Adem\u00e1s, los propietarios de tiendas poseen la capacidad de emplear esta herramienta para extender los descuentos a los clientes que act\u00faan sobre el esfuerzo de agregar fondos a sus cuentas, estimulando as\u00ed una mayor frecuencia de compras. En general, los fondos de la cuenta de Yaymail WooCommerce representan una adquisici\u00f3n obligatoria para cualquier tienda de WooCommerce que anhela optimizar el proceso de pago y fortalecer la lealtad de los clientes.<\/p>\n<ul>\n<li>Acceso a la nueva funcionalidad de WooCommerce<\/li>\n<li>Capacidad para administrar fondos de cuentas dentro de la plataforma WooCommerce<\/li>\n<li>Proceso de pago simplificado<\/li>\n<li>Caracter\u00edsticas de seguridad mejoradas para transacciones<\/li>\n<li>Interfaz f\u00e1cil de usar para una f\u00e1cil navegaci\u00f3n y gesti\u00f3n de fondos<\/li>\n<li>Mayor control sobre el presupuesto y el gasto<\/li>\n<li>Comunicaci\u00f3n mejorada con los clientes con respecto a los fondos de cuentas<\/li>\n<li>Integraci\u00f3n perfecta con otros m\u00e9todos de pago de WooCommerce<\/li>\n<li>Soluci\u00f3n rentable para comerciantes que buscan ofrecer fondos de cuentas a los clientes<\/li>\n<li>Aumento de la retenci\u00f3n y lealtad del cliente a trav\u00e9s del gasto incentivado.<\/li>\n<\/ul>\n","protected":false},"excerpt":{"rendered":"<p>Los fondos de la cuenta de YayMail WooCommerce demuestran ser una herramienta incre\u00edblemente robusta e influyente que otorga a los clientes la capacidad de cargar de manera conveniente y de antemano su cuenta con fondos. En consecuencia, esto les permite realizar transacciones seguras al realizar compras en su estimada tienda de WooCommerce. Al implementar esta caracter\u00edstica excepcional, no es necesario que los clientes ingresen repetidamente su informaci\u00f3n de pago para cada transacci\u00f3n, lo que garantiza un proceso de pago notablemente suave y expedito. Adem\u00e1s de eso, esta invaluable herramienta lo ayuda a disminuir efectivamente las tarifas asociadas con el procesamiento de pagos y mitigar los riesgos potenciales de la actividad fraudulenta. En consecuencia, es muy aconsejable comenzar a utilizar los fondos de la cuenta de Yaymail WooCommerce sin demora, para aumentar tanto la satisfacci\u00f3n de su clientela como los ingresos generales de su negocio.<\/p>\n","protected":false},"featured_media":168803,"comment_status":"open","ping_status":"open","template":"","meta":[],"product_brand":[2651],"product_cat":[1207,1248,1206],"product_tag":[2278],"class_list":{"0":"post-137372","1":"product","2":"type-product","3":"status-publish","4":"has-post-thumbnail","6":"product_brand-yaycommerce","7":"product_cat-comercio-electronico-plugins","8":"product_cat-personalizacion-comercio-electronico-plugins","9":"product_cat-plugins","10":"product_tag-yaycommerce","11":"member-discount","12":"discount-restricted","14":"first","15":"instock","16":"sale","17":"downloadable","18":"virtual","19":"sold-individually","20":"purchasable","21":"product-type-simple"},"_links":{"self":[{"href":"https:\/\/gpl-love.com\/es\/wp-json\/wp\/v2\/product\/137372","targetHints":{"allow":["GET"]}}],"collection":[{"href":"https:\/\/gpl-love.com\/es\/wp-json\/wp\/v2\/product"}],"about":[{"href":"https:\/\/gpl-love.com\/es\/wp-json\/wp\/v2\/types\/product"}],"replies":[{"embeddable":true,"href":"https:\/\/gpl-love.com\/es\/wp-json\/wp\/v2\/comments?post=137372"}],"wp:featuredmedia":[{"embeddable":true,"href":"https:\/\/gpl-love.com\/es\/wp-json\/wp\/v2\/media\/168803"}],"wp:attachment":[{"href":"https:\/\/gpl-love.com\/es\/wp-json\/wp\/v2\/media?parent=137372"}],"wp:term":[{"taxonomy":"product_brand","embeddable":true,"href":"https:\/\/gpl-love.com\/es\/wp-json\/wp\/v2\/product_brand?post=137372"},{"taxonomy":"product_cat","embeddable":true,"href":"https:\/\/gpl-love.com\/es\/wp-json\/wp\/v2\/product_cat?post=137372"},{"taxonomy":"product_tag","embeddable":true,"href":"https:\/\/gpl-love.com\/es\/wp-json\/wp\/v2\/product_tag?post=137372"}],"curies":[{"name":"wp","href":"https:\/\/api.w.org\/{rel}","templated":true}]}}