{"id":137371,"date":"2022-12-13T00:00:00","date_gmt":"2022-12-13T05:00:00","guid":{"rendered":"https:\/\/gpl-love.com\/es\/producto\/yaymail-alidropship-woocommerce\/"},"modified":"2026-03-09T08:37:44","modified_gmt":"2026-03-09T13:37:44","slug":"yaymail-alidropship-woocommerce","status":"publish","type":"product","link":"https:\/\/gpl-love.com\/es\/producto\/yaymail-alidropship-woocommerce\/","title":{"rendered":"YayMail AliDropship WooCommerce 1.1"},"content":{"rendered":"<h3>YayMail AliDropship WooCommerce Caracteristicas<\/h3>\n<p>Yaymail Alidropship WooCommerce, una herramienta de marketing por correo electr\u00f3nico incre\u00edblemente robusta dise\u00f1ada espec\u00edficamente para personas que utilizan el complemento Alidropship WooCommerce, es un software notable que optimiza el proceso de generaci\u00f3n, organizaci\u00f3n y env\u00edo de campa\u00f1as de correo electr\u00f3nico espec\u00edficas a clientes existentes como clientes posibles. Con una interfaz incre\u00edblemente intuitiva, este programa excepcional le permite crear y personalizar las plantillas de correo electr\u00f3nico sin esfuerzo, segmentar efectivamente su lista de correo, automatizar los env\u00edos de correo electr\u00f3nico y monitorear meticulosamente el rendimiento de sus campa\u00f1as. Al emplear a Yaymail Alidropship WooCommerce, tiene la notable oportunidad de fomentar y cultivar una relaci\u00f3n resistente con su estimada clientela, reforzar los niveles de compromiso y aumentar dr\u00e1sticamente las figuras de ventas. Este instrumento indispensable es una necesidad absoluta para cualquier empresa de comercio electr\u00f3nico floreciente que busque optimizar sus esfuerzos de marketing.<\/p>\n<ul>\n<li>Soluci\u00f3n f\u00e1cil de revelar con la plataforma WooCommerce<\/li>\n<li>Integraci\u00f3n con AliExpress para el abastecimiento y el cumplimiento de los productos<\/li>\n<li>Cumplimiento y seguimiento de pedidos automatizados<\/li>\n<li>Plantillas de correo electr\u00f3nico personalizables para la comunicaci\u00f3n del cliente<\/li>\n<li>Actualizaciones de inventario en tiempo real y ajuste de precios<\/li>\n<li>Soporte multi-monedas para ventas internacionales<\/li>\n<li>Importar un solo clic de productos e im\u00e1genes<\/li>\n<li>Caracter\u00edstica de productos recomendados para ventas complementarias<\/li>\n<li>Optimizaci\u00f3n de SEO para listados de productos<\/li>\n<li>Actualizaciones gratuitas y atenci\u00f3n al cliente<\/li>\n<\/ul>\n","protected":false},"excerpt":{"rendered":"<p>Yaymail Alidropship WooCommerce, un complemento de comercio electr\u00f3nico excepcionalmente vanguardista, presenta a los usuarios la notable oportunidad de combinar sin problemas su tienda WooCommerce con la estimada plataforma Alidropship. Esta herramienta profundamente potente no solo simplifica el laborioso proceso de cumplimiento de pedidos, sino que tambi\u00e9n ofrece una gran cantidad de recursos de marketing por correo electr\u00f3nico de vanguardia para elevar las ventas a alturas sin precedentes. Con la ayuda de Yaymail, elaborando campa\u00f1as de correo electr\u00f3nico automatizadas dise\u00f1adas para cautivar y cautivar a su estimada clientela, mientras muestra sus \u00faltimas creaciones m\u00e1s deslumbrantes, se convierte en un esfuerzo sin esfuerzo. Ofr\u00edjate a la arduidad del marketing por correo electr\u00f3nico manual, y comienza a una era de eficiencia y eficacia incomparables en las ventas, gracias a la excepcional amalgamaci\u00f3n que es Yaymail Alidropship Woocommerce.<\/p>\n","protected":false},"featured_media":168802,"comment_status":"open","ping_status":"open","template":"","meta":[],"product_brand":[2651],"product_cat":[1207,1248,1206],"product_tag":[2278],"class_list":{"0":"post-137371","1":"product","2":"type-product","3":"status-publish","4":"has-post-thumbnail","6":"product_brand-yaycommerce","7":"product_cat-comercio-electronico-plugins","8":"product_cat-personalizacion-comercio-electronico-plugins","9":"product_cat-plugins","10":"product_tag-yaycommerce","11":"member-discount","12":"discount-restricted","14":"first","15":"instock","16":"sale","17":"downloadable","18":"virtual","19":"sold-individually","20":"purchasable","21":"product-type-simple"},"_links":{"self":[{"href":"https:\/\/gpl-love.com\/es\/wp-json\/wp\/v2\/product\/137371","targetHints":{"allow":["GET"]}}],"collection":[{"href":"https:\/\/gpl-love.com\/es\/wp-json\/wp\/v2\/product"}],"about":[{"href":"https:\/\/gpl-love.com\/es\/wp-json\/wp\/v2\/types\/product"}],"replies":[{"embeddable":true,"href":"https:\/\/gpl-love.com\/es\/wp-json\/wp\/v2\/comments?post=137371"}],"wp:featuredmedia":[{"embeddable":true,"href":"https:\/\/gpl-love.com\/es\/wp-json\/wp\/v2\/media\/168802"}],"wp:attachment":[{"href":"https:\/\/gpl-love.com\/es\/wp-json\/wp\/v2\/media?parent=137371"}],"wp:term":[{"taxonomy":"product_brand","embeddable":true,"href":"https:\/\/gpl-love.com\/es\/wp-json\/wp\/v2\/product_brand?post=137371"},{"taxonomy":"product_cat","embeddable":true,"href":"https:\/\/gpl-love.com\/es\/wp-json\/wp\/v2\/product_cat?post=137371"},{"taxonomy":"product_tag","embeddable":true,"href":"https:\/\/gpl-love.com\/es\/wp-json\/wp\/v2\/product_tag?post=137371"}],"curies":[{"name":"wp","href":"https:\/\/api.w.org\/{rel}","templated":true}]}}