{"id":137370,"date":"2025-06-05T00:00:00","date_gmt":"2025-06-05T05:00:00","guid":{"rendered":"https:\/\/gpl-love.com\/es\/producto\/yaymail-wc-marketplace-solution\/"},"modified":"2026-03-09T08:37:43","modified_gmt":"2026-03-09T13:37:43","slug":"yaymail-wc-marketplace-solution","status":"publish","type":"product","link":"https:\/\/gpl-love.com\/es\/producto\/yaymail-wc-marketplace-solution\/","title":{"rendered":"YayMail WC Marketplace Solution 4.0"},"content":{"rendered":"<h3>YayMail WC Marketplace Solution Caracteristicas<\/h3>\n<p>Yaymail WC Marketplace Solution, una herramienta robusta, demuestra ser indispensable para las empresas que buscan una gesti\u00f3n efectiva de sus mercados en l\u00ednea. Este notable producto no solo atiende a las empresas de todas las magnitudes, sino que tambi\u00e9n las equipa con una amplia gama de caracter\u00edsticas que abarcan el procesamiento de pagos seguros, la gesti\u00f3n de inventario y env\u00edo, y atenci\u00f3n al cliente. Adem\u00e1s, su interfaz f\u00e1cil de usar garantiza una experiencia perfecta tanto para los vendedores como para los compradores, fomentando el establecimiento de la marca y reforzando la lealtad del cliente. Al confiar las tediosas tareas administrativas a la soluci\u00f3n de mercado de Yaymail WC, las empresas pueden concentrarse en sus competencias principales. En consecuencia, este software integral surge como un activo imperativo para las empresas que aspiran a aumentar su presencia en l\u00ednea.<\/p>\n<ul>\n<li>Soluci\u00f3n completa del mercado de comercio electr\u00f3nico dise\u00f1ada para sitios web de WordPress.<\/li>\n<li>Interfaz f\u00e1cil de usar con caracter\u00edsticas personalizables para satisfacer sus necesidades comerciales espec\u00edficas.<\/li>\n<li>Ofrece una amplia gama de caracter\u00edsticas que incluyen gesti\u00f3n de productos, gesti\u00f3n de proveedores y gesti\u00f3n de pedidos.<\/li>\n<li>Yaymail optimiza el proceso de comunicaci\u00f3n entre compradores y proveedores.<\/li>\n<li>Proporciona un procesamiento de pago seguro y confiable para todas las transacciones.<\/li>\n<li>El sistema de atenci\u00f3n al cliente incorporado garantiza un excelente servicio al cliente.<\/li>\n<li>Soluci\u00f3n altamente escalable que puede manejar grandes vol\u00famenes de transacciones.<\/li>\n<li>Ofrece soporte de proveedores m\u00faltiples, lo que facilita la administraci\u00f3n de m\u00faltiples proveedores en una sola plataforma.<\/li>\n<li>Proporciona informes y an\u00e1lisis exhaustivos para ayudar a rastrear el rendimiento comercial.<\/li>\n<li>Viene con un excelente apoyo t\u00e9cnico de profesionales experimentados.<\/li>\n<\/ul>\n","protected":false},"excerpt":{"rendered":"<p>La soluci\u00f3n de mercado de YayMail WC es una plataforma integral de comercio electr\u00f3nico que faculta a los proveedores a vender sin esfuerzo y sin problemas sus mercanc\u00edas y servicios en l\u00ednea. Con Yaymail, los usuarios tienen la capacidad de establecer su propia tienda virtual personalizada, supervisar existencias, realizar transacciones y pagos, y administrar el env\u00edo y el cumplimiento, todo dentro de una plataforma \u00fanica y f\u00e1cil de usar. Independientemente de si la intenci\u00f3n de uno es vender bienes tangibles o ofertas digitales, Yaymail proporciona los recursos necesarios para lanzar una tienda en l\u00ednea y capturar una vasta base de clientes. Entonces, \u00bfpor qu\u00e9 demorarse m\u00e1s? \u00a1Inicie su viaje hacia la actualizaci\u00f3n de sus aspiraciones de comercio electr\u00f3nico abrazando a Yaymail hoy!<\/p>\n","protected":false},"featured_media":168801,"comment_status":"open","ping_status":"open","template":"","meta":[],"product_brand":[2651],"product_cat":[1207,1248,1206],"product_tag":[2278],"class_list":{"0":"post-137370","1":"product","2":"type-product","3":"status-publish","4":"has-post-thumbnail","6":"product_brand-yaycommerce","7":"product_cat-comercio-electronico-plugins","8":"product_cat-personalizacion-comercio-electronico-plugins","9":"product_cat-plugins","10":"product_tag-yaycommerce","11":"member-discount","12":"discount-restricted","14":"first","15":"instock","16":"sale","17":"downloadable","18":"virtual","19":"sold-individually","20":"purchasable","21":"product-type-simple"},"_links":{"self":[{"href":"https:\/\/gpl-love.com\/es\/wp-json\/wp\/v2\/product\/137370","targetHints":{"allow":["GET"]}}],"collection":[{"href":"https:\/\/gpl-love.com\/es\/wp-json\/wp\/v2\/product"}],"about":[{"href":"https:\/\/gpl-love.com\/es\/wp-json\/wp\/v2\/types\/product"}],"replies":[{"embeddable":true,"href":"https:\/\/gpl-love.com\/es\/wp-json\/wp\/v2\/comments?post=137370"}],"wp:featuredmedia":[{"embeddable":true,"href":"https:\/\/gpl-love.com\/es\/wp-json\/wp\/v2\/media\/168801"}],"wp:attachment":[{"href":"https:\/\/gpl-love.com\/es\/wp-json\/wp\/v2\/media?parent=137370"}],"wp:term":[{"taxonomy":"product_brand","embeddable":true,"href":"https:\/\/gpl-love.com\/es\/wp-json\/wp\/v2\/product_brand?post=137370"},{"taxonomy":"product_cat","embeddable":true,"href":"https:\/\/gpl-love.com\/es\/wp-json\/wp\/v2\/product_cat?post=137370"},{"taxonomy":"product_tag","embeddable":true,"href":"https:\/\/gpl-love.com\/es\/wp-json\/wp\/v2\/product_tag?post=137370"}],"curies":[{"name":"wp","href":"https:\/\/api.w.org\/{rel}","templated":true}]}}