{"id":137369,"date":"2022-12-13T00:00:00","date_gmt":"2022-12-13T05:00:00","guid":{"rendered":"https:\/\/gpl-love.com\/es\/producto\/yaymail-custom-fields-por-addify\/"},"modified":"2026-03-09T08:37:42","modified_gmt":"2026-03-09T13:37:42","slug":"yaymail-custom-fields-por-addify","status":"publish","type":"product","link":"https:\/\/gpl-love.com\/es\/producto\/yaymail-custom-fields-por-addify\/","title":{"rendered":"YayMail Custom Fields por Addify 1.0"},"content":{"rendered":"<h3>YayMail Custom Fields por Addify Caracteristicas<\/h3>\n<p>Yaymail Custom Fields de Addify, una herramienta incre\u00edblemente robusta, capacita a las empresas al otorgarles la capacidad de generar campos personalizados personalizados, aumentando sus campa\u00f1as de correo electr\u00f3nico. Este complemento extremadamente rico en funciones permite a los usuarios fabricar campos personalizados de manera r\u00e1pida y sin esfuerzo, incluidos, entre otros, el nombre, la direcci\u00f3n, el n\u00famero de tel\u00e9fono y m\u00e1s. Tales campos personalizados se pueden emplear para individualizar correos electr\u00f3nicos, forjando conexiones m\u00e1s fuertes con los clientes. La interfaz f\u00e1cil de usar de la herramienta lo hace notablemente f\u00e1cil de navegar, ya que los usuarios pueden agregar y administrar sin esfuerzo sus campos personalizados con un solo pu\u00f1ado de clics. Al incorporar los campos personalizados de Yaymail por Addify en su arsenal, las empresas est\u00e1n preparadas para elevar sus campa\u00f1as de correo electr\u00f3nico, entregando mensajes altamente personalizados y centrados en l\u00e1ser a su estimada clientela.<\/p>\n<ul>\n<li>YayMail Custom Fields de Addify es una herramienta poderosa que le permite crear campos personalizados dentro de sus campa\u00f1as de marketing por correo electr\u00f3nico.<\/li>\n<li>Con los campos personalizados de Yaymail, puede dise\u00f1ar sus propios campos personalizados y adaptar sus campa\u00f1as de correo electr\u00f3nico para que coincidan con sus necesidades comerciales \u00fanicas.<\/li>\n<li>El producto ofrece una gama de tipos de campo personalizados, incluidos campos de texto, men\u00fas desplegables, casillas de verificaci\u00f3n y m\u00e1s.<\/li>\n<li>Yaymail Custom Fields es compatible con todas las principales herramientas de marketing por correo electr\u00f3nico, incluidos MailChimp, Constant Contact y Aweber.<\/li>\n<li>La herramienta es incre\u00edblemente f\u00e1cil de usar y no requiere codificaci\u00f3n o habilidades t\u00e9cnicas para comenzar.<\/li>\n<li>Yaymail Custom Fields ofrece infinitas posibilidades para personalizar sus campa\u00f1as de correo electr\u00f3nico e interactuar con sus suscriptores de una manera m\u00e1s personalizada.<\/li>\n<li>El producto tambi\u00e9n viene con una excelente atenci\u00f3n al cliente y documentaci\u00f3n para ayudarlo a aprovechar al m\u00e1ximo sus campos personalizados.<\/li>\n<li>Ya sea que desee recopilar datos adicionales del cliente, segmentar sus listas de correo electr\u00f3nico o agregar un toque personal a sus correos electr\u00f3nicos, YayMail Custom Fields by Addify es una herramienta esencial para cualquier vendedor de correo electr\u00f3nico serio.<\/li>\n<\/ul>\n","protected":false},"excerpt":{"rendered":"<p>YayMail Custom Fields, desarrollado por Addify, es una soluci\u00f3n de marketing por correo electr\u00f3nico altamente sofisticada que permite a los usuarios elaborar campa\u00f1as de correo electr\u00f3nico a medida e individualizadas. Sus capacidades abarcan la incorporaci\u00f3n y administraci\u00f3n de campos a medida para sus suscriptores, lo que le otorga la capacidad de infundir sus mensajes con un toque personal y aumentar el grado de compromiso. Al aprovechar los campos personalizados de Yaymail, tiene la capacidad de segmentar a sus suscriptores de acuerdo con sus intereses, comportamientos y preferencias, lo que posteriormente le permite enviar mensajes a medida que resuenan profundamente con ellos. Esta herramienta incre\u00edblemente robusta cuenta con una interfaz f\u00e1cil de usar y se integra perfectamente con plataformas de marketing de correo electr\u00f3nico ampliamente utilizadas, lo que lo hace indispensable para cualquier vendedor astuto que busque elevar la eficacia de sus campa\u00f1as de correo electr\u00f3nico a alturas incomparables.<\/p>\n","protected":false},"featured_media":168800,"comment_status":"open","ping_status":"open","template":"","meta":[],"product_brand":[2651],"product_cat":[1207,1248,1206],"product_tag":[2278],"class_list":{"0":"post-137369","1":"product","2":"type-product","3":"status-publish","4":"has-post-thumbnail","6":"product_brand-yaycommerce","7":"product_cat-comercio-electronico-plugins","8":"product_cat-personalizacion-comercio-electronico-plugins","9":"product_cat-plugins","10":"product_tag-yaycommerce","11":"member-discount","12":"discount-restricted","14":"first","15":"instock","16":"sale","17":"downloadable","18":"virtual","19":"sold-individually","20":"purchasable","21":"product-type-simple"},"_links":{"self":[{"href":"https:\/\/gpl-love.com\/es\/wp-json\/wp\/v2\/product\/137369","targetHints":{"allow":["GET"]}}],"collection":[{"href":"https:\/\/gpl-love.com\/es\/wp-json\/wp\/v2\/product"}],"about":[{"href":"https:\/\/gpl-love.com\/es\/wp-json\/wp\/v2\/types\/product"}],"replies":[{"embeddable":true,"href":"https:\/\/gpl-love.com\/es\/wp-json\/wp\/v2\/comments?post=137369"}],"wp:featuredmedia":[{"embeddable":true,"href":"https:\/\/gpl-love.com\/es\/wp-json\/wp\/v2\/media\/168800"}],"wp:attachment":[{"href":"https:\/\/gpl-love.com\/es\/wp-json\/wp\/v2\/media?parent=137369"}],"wp:term":[{"taxonomy":"product_brand","embeddable":true,"href":"https:\/\/gpl-love.com\/es\/wp-json\/wp\/v2\/product_brand?post=137369"},{"taxonomy":"product_cat","embeddable":true,"href":"https:\/\/gpl-love.com\/es\/wp-json\/wp\/v2\/product_cat?post=137369"},{"taxonomy":"product_tag","embeddable":true,"href":"https:\/\/gpl-love.com\/es\/wp-json\/wp\/v2\/product_tag?post=137369"}],"curies":[{"name":"wp","href":"https:\/\/api.w.org\/{rel}","templated":true}]}}