{"id":137368,"date":"2025-06-05T00:00:00","date_gmt":"2025-06-05T05:00:00","guid":{"rendered":"https:\/\/gpl-love.com\/es\/producto\/yaymail-woocommerce-multi-warehouse-y-order-routing\/"},"modified":"2026-03-09T08:37:41","modified_gmt":"2026-03-09T13:37:41","slug":"yaymail-woocommerce-multi-warehouse-y-order-routing","status":"publish","type":"product","link":"https:\/\/gpl-love.com\/es\/producto\/yaymail-woocommerce-multi-warehouse-y-order-routing\/","title":{"rendered":"YayMail WooCommerce Multi Warehouse y Order Routing 4.0"},"content":{"rendered":"<h3>YayMail WooCommerce Multi Warehouse y Order Routing Caracteristicas<\/h3>\n<p>YayMail WooCommerce Multi Warehouse and Order Routing se presenta como una soluci\u00f3n extremadamente eficiente y efectiva que satisface las necesidades de las empresas que se esfuerzan por optimizar sus procedimientos de procesamiento de pedidos y gesti\u00f3n de almacenes. Este complemento dise\u00f1ado ingeniosamente permite a los usuarios administrar h\u00e1bilmente m\u00faltiples almacenes mientras enrutan juiciosamente las \u00f3rdenes de sus destinos apropiados, determinados por la disponibilidad de acciones y costos de env\u00edo. La eliminaci\u00f3n consecuente de la necesidad del enrutamiento de orden manual no solo contribuye a una reducci\u00f3n sustancial de los errores, sino que tambi\u00e9n acelera el proceso de cumplimiento del orden, lo que mejora significativamente su eficiencia. Adem\u00e1s, este complemento se distingue a\u00fan m\u00e1s al proporcionar a los usuarios actualizaciones en tiempo real sobre los niveles de inventario, asegurando que constantemente posean informaci\u00f3n precisa y actualizada con respecto a la disponibilidad de existencias. A la luz de estos atributos notables, se hace irrefutablemente evidente que Yaymail WooCommerce Multi Warehouse y el enrutamiento de pedidos constituye un activo invaluable para las empresas que se esfuerzan por optimizar sus esfuerzos de procesamiento y gesti\u00f3n de almacenes.<\/p>\n<ul>\n<li>Gestionar y cumplir con eficiencia de \u00f3rdenes de m\u00faltiples almacenes<\/li>\n<li>Personalizar el enrutamiento de pedidos seg\u00fan la disponibilidad de acciones, las preferencias de env\u00edo u otros criterios<\/li>\n<li>Rastrear f\u00e1cilmente los niveles de inventario y los movimientos de stock en todos los almacenes<\/li>\n<li>Configurar notificaciones de correo electr\u00f3nico automatizadas para confirmaciones de pedidos y actualizaciones de env\u00edo<\/li>\n<li>Compatible con WooCommerce, una de las principales plataformas de comercio electr\u00f3nico<\/li>\n<li>Mant\u00e9ngase organizado con informes detallados de pedidos e inventario<\/li>\n<li>Integraci\u00f3n perfecta con sus operaciones de comercio electr\u00f3nico existentes<\/li>\n<li>Agilizar su proceso de cumplimiento de su pedido y reducir los errores<\/li>\n<li>Mejorar la satisfacci\u00f3n del cliente con un procesamiento de pedido m\u00e1s r\u00e1pido y preciso<\/li>\n<\/ul>\n","protected":false},"excerpt":{"rendered":"<p>YayMail presenta el enrutamiento de pedidos y de pedidos de WooCommerce Multi Warehouse, una soluci\u00f3n integral e incomparable dise\u00f1ada para administrar y enrutar eficientemente \u00f3rdenes originales de varios almacenes. Este complemento de vanguardia va m\u00e1s all\u00e1 de las caracter\u00edsticas convencionales, ofreciendo una funcionalidad avanzada que est\u00e1 orientada a optimizar las operaciones de env\u00edo y garantizar la entrega r\u00e1pida. Al integrarse sin problemas con su proceso de cumplimiento, este complemento mejora efectivamente la satisfacci\u00f3n del cliente. Su variedad de caracter\u00edsticas abarca el seguimiento autom\u00e1tico de inventario, as\u00ed como las tarifas de env\u00edo en tiempo real, proporcion\u00e1ndole todas las herramientas necesarias para impulsar su negocio de comercio electr\u00f3nico a nuevas alturas.<\/p>\n","protected":false},"featured_media":168799,"comment_status":"open","ping_status":"open","template":"","meta":[],"product_brand":[2651],"product_cat":[1207,1248,1206],"product_tag":[2278],"class_list":{"0":"post-137368","1":"product","2":"type-product","3":"status-publish","4":"has-post-thumbnail","6":"product_brand-yaycommerce","7":"product_cat-comercio-electronico-plugins","8":"product_cat-personalizacion-comercio-electronico-plugins","9":"product_cat-plugins","10":"product_tag-yaycommerce","11":"member-discount","12":"discount-restricted","14":"first","15":"instock","16":"sale","17":"downloadable","18":"virtual","19":"sold-individually","20":"purchasable","21":"product-type-simple"},"_links":{"self":[{"href":"https:\/\/gpl-love.com\/es\/wp-json\/wp\/v2\/product\/137368","targetHints":{"allow":["GET"]}}],"collection":[{"href":"https:\/\/gpl-love.com\/es\/wp-json\/wp\/v2\/product"}],"about":[{"href":"https:\/\/gpl-love.com\/es\/wp-json\/wp\/v2\/types\/product"}],"replies":[{"embeddable":true,"href":"https:\/\/gpl-love.com\/es\/wp-json\/wp\/v2\/comments?post=137368"}],"wp:featuredmedia":[{"embeddable":true,"href":"https:\/\/gpl-love.com\/es\/wp-json\/wp\/v2\/media\/168799"}],"wp:attachment":[{"href":"https:\/\/gpl-love.com\/es\/wp-json\/wp\/v2\/media?parent=137368"}],"wp:term":[{"taxonomy":"product_brand","embeddable":true,"href":"https:\/\/gpl-love.com\/es\/wp-json\/wp\/v2\/product_brand?post=137368"},{"taxonomy":"product_cat","embeddable":true,"href":"https:\/\/gpl-love.com\/es\/wp-json\/wp\/v2\/product_cat?post=137368"},{"taxonomy":"product_tag","embeddable":true,"href":"https:\/\/gpl-love.com\/es\/wp-json\/wp\/v2\/product_tag?post=137368"}],"curies":[{"name":"wp","href":"https:\/\/api.w.org\/{rel}","templated":true}]}}