{"id":137367,"date":"2025-06-05T00:00:00","date_gmt":"2025-06-05T05:00:00","guid":{"rendered":"https:\/\/gpl-love.com\/es\/producto\/yaymail-woocommerce-b2b\/"},"modified":"2026-03-09T08:37:39","modified_gmt":"2026-03-09T13:37:39","slug":"yaymail-woocommerce-b2b","status":"publish","type":"product","link":"https:\/\/gpl-love.com\/es\/producto\/yaymail-woocommerce-b2b\/","title":{"rendered":"YayMail WooCommerce B2B 4.0.1"},"content":{"rendered":"<h3>YayMail WooCommerce B2B Caracteristicas<\/h3>\n<p>Yaymail WooCommerce B2B es una herramienta excepcionalmente potente y altamente eficiente que optimiza efectivamente el intrincado y multifac\u00e9tico proceso de comunicaci\u00f3n por correo electr\u00f3nico B2B dise\u00f1ado espec\u00edficamente para los usuarios de WooCommerce. Este software innovador y con visi\u00f3n de futuro automatiza ingeniosamente automatiza el env\u00edo perfecto y sin esfuerzo de correos electr\u00f3nicos meticulosamente personalizados y a medida a su apreciada y exigente clientela B2B, proporcion\u00e1ndoles as\u00ed de invaluables y a actualizaciones en tiempo real sensibles al tiempo relacionadas con sus meticulosamente creadas. y pedidos personalizados, niveles de inventario meticulosamente monitoreados y administrados meticulosamente, y una gran cantidad de otra informaci\u00f3n y datos indispensables e indispensables. Con YayMail WooCommerce B2B a su disposici\u00f3n, sin duda podr\u00e1 administrar y supervisar las relaciones B2B de manera h\u00e1bil y competente y mejorar\u00e1 sustancialmente sus niveles de satisfacci\u00f3n de la clientela, todo lo que tambi\u00e9n es sin problemas y que conserva y conserva sustancialmente las cantidades copiosas. de tiempo invaluable y esfuerzo arduo y minucioso en el proceso. Ya sea que ocupe modestamente la posici\u00f3n de un propietario emprendedor y ambicioso de una peque\u00f1a empresa o que tenga firmemente el manto distinguido de un gigante minorista formidable y preeminente, este software de vanguardia y de van Herramientas y recursos indispensables necesarios para catalizar y nutrir con \u00e9xito el crecimiento y la prosperidad ilimitados de sus negocios estimados y exigentes y, sin duda, establecer y consolidar firmemente su dominio duradero e inexpugnable en el panorama del mercado ferozmente competitivo y en constante evoluci\u00f3n.<\/p>\n<ul>\n<li>Soluci\u00f3n revolucionaria B2B para negocios de comercio electr\u00f3nico<\/li>\n<li>Se integra a la perfecci\u00f3n con la plataforma WooCommerce<\/li>\n<li>Reliminar la comunicaci\u00f3n entre proveedores y compradores<\/li>\n<li>Habilita la colocaci\u00f3n y gesti\u00f3n del pedido a granel<\/li>\n<li>Automatizar procesos de facturaci\u00f3n y pago<\/li>\n<li>Mejora la experiencia del cliente con precios y descuentos personalizados<\/li>\n<li>Reduce la carga de trabajo administrativa y los errores humanos<\/li>\n<li>Facilita las oportunidades de venta cruzada y ventas de ventas<\/li>\n<li>Mejora la gesti\u00f3n del inventario y la precisi\u00f3n de pron\u00f3stico<\/li>\n<li>Aumenta el crecimiento de ventas e ingresos para empresas de todos los tama\u00f1os.<\/li>\n<\/ul>\n","protected":false},"excerpt":{"rendered":"<p>Yaymail WooCommerce B2B es una soluci\u00f3n de marketing por correo electr\u00f3nico extremadamente potente y f\u00e1cil de usar que ha sido dise\u00f1ada por expertos y dise\u00f1ada espec\u00edficamente para satisfacer las necesidades y requisitos \u00fanicos de las empresas de WooCommerce. Esta plataforma excepcionalmente innovadora y de vanguardia facilita sin esfuerzo la segmentaci\u00f3n perfecta y eficiente de sus valiosos datos de clientes, lo que le permite dise\u00f1ar meticulosamente y construir campa\u00f1as de correo electr\u00f3nico altamente espec\u00edficas y personalizadas que est\u00e1n hechas a medida para resonar con su estimada clientela. Adem\u00e1s, la destreza inigualable de Yaymail WooCommerce B2B radica en su capacidad de proporcionarle capacidades de seguimiento en tiempo real, lo que le permite monitorear y analizar de cerca las m\u00e9tricas de rendimiento de sus campa\u00f1as de correo electr\u00f3nico, y as\u00ed proporcionarle informaci\u00f3n invaluable y datos indispensables que Will Will Powerlo para optimizar su estrategia general de marketing por correo electr\u00f3nico y, en \u00faltima instancia, maximizar su retorno de la inversi\u00f3n (ROI). Ya sea que se encuentre en las etapas nacientes de su viaje de marketing por correo electr\u00f3nico o si aspira a trascender las limitaciones y l\u00edmites actuales de sus esfuerzos existentes, tenga la seguridad de que Yaymail WooCommerce B2B posee todas las herramientas, caracter\u00edsticas y funcionalidades esenciales que le permitir\u00e1n que le permita alcanzar niveles de \u00e9xito y logro sin precedentes.<\/p>\n","protected":false},"featured_media":168798,"comment_status":"open","ping_status":"open","template":"","meta":[],"product_brand":[2651],"product_cat":[1207,1248,1206],"product_tag":[2278],"class_list":{"0":"post-137367","1":"product","2":"type-product","3":"status-publish","4":"has-post-thumbnail","6":"product_brand-yaycommerce","7":"product_cat-comercio-electronico-plugins","8":"product_cat-personalizacion-comercio-electronico-plugins","9":"product_cat-plugins","10":"product_tag-yaycommerce","11":"member-discount","12":"discount-restricted","14":"first","15":"instock","16":"sale","17":"downloadable","18":"virtual","19":"sold-individually","20":"purchasable","21":"product-type-simple"},"_links":{"self":[{"href":"https:\/\/gpl-love.com\/es\/wp-json\/wp\/v2\/product\/137367","targetHints":{"allow":["GET"]}}],"collection":[{"href":"https:\/\/gpl-love.com\/es\/wp-json\/wp\/v2\/product"}],"about":[{"href":"https:\/\/gpl-love.com\/es\/wp-json\/wp\/v2\/types\/product"}],"replies":[{"embeddable":true,"href":"https:\/\/gpl-love.com\/es\/wp-json\/wp\/v2\/comments?post=137367"}],"wp:featuredmedia":[{"embeddable":true,"href":"https:\/\/gpl-love.com\/es\/wp-json\/wp\/v2\/media\/168798"}],"wp:attachment":[{"href":"https:\/\/gpl-love.com\/es\/wp-json\/wp\/v2\/media?parent=137367"}],"wp:term":[{"taxonomy":"product_brand","embeddable":true,"href":"https:\/\/gpl-love.com\/es\/wp-json\/wp\/v2\/product_brand?post=137367"},{"taxonomy":"product_cat","embeddable":true,"href":"https:\/\/gpl-love.com\/es\/wp-json\/wp\/v2\/product_cat?post=137367"},{"taxonomy":"product_tag","embeddable":true,"href":"https:\/\/gpl-love.com\/es\/wp-json\/wp\/v2\/product_tag?post=137367"}],"curies":[{"name":"wp","href":"https:\/\/api.w.org\/{rel}","templated":true}]}}