{"id":137366,"date":"2025-06-05T00:00:00","date_gmt":"2025-06-05T05:00:00","guid":{"rendered":"https:\/\/gpl-love.com\/es\/producto\/yaymail-woocommerce-german-market\/"},"modified":"2026-03-09T08:37:38","modified_gmt":"2026-03-09T13:37:38","slug":"yaymail-woocommerce-german-market","status":"publish","type":"product","link":"https:\/\/gpl-love.com\/es\/producto\/yaymail-woocommerce-german-market\/","title":{"rendered":"YayMail WooCommerce German Market 4.0"},"content":{"rendered":"<h3>YayMail WooCommerce German Market Caracteristicas<\/h3>\n<p>El mercado alem\u00e1n de Yaymail WooCommerce es una soluci\u00f3n de marketing por correo electr\u00f3nico incre\u00edblemente robusta y eficiente que ofrece asistencia invaluable a las tiendas en l\u00ednea que operan dentro del mercado alem\u00e1n, lo que les permite conectarse de manera efectiva y eficiente con sus clientes. Este notable complemento se ha seleccionado espec\u00edficamente para satisfacer las necesidades y requisitos \u00fanicos de las tiendas de WooCommerce situadas en Alemania, ofreciendo una gama integral de caracter\u00edsticas especialmente dise\u00f1adas para ayudar a las empresas no solo a aumentar sus cifras de ventas, sino tambi\u00e9n mejorar su nivel de compromiso del cliente. Al utilizar el mercado alem\u00e1n de Yaymail WooCommerce, obtiene la notable capacidad de generar y enviar correos electr\u00f3nicos a medida a sus estimados clientes, comisariados exclusivamente en funci\u00f3n de sus patrones de compras individuales y preferencias personales. Adem\u00e1s, este complemento est\u00e1 amueblado con una rica selecci\u00f3n de plantillas y dise\u00f1os, lo que le permite crear correos electr\u00f3nicos visualmente impresionantes y de aspecto profesional sin esfuerzo. Como beneficio adicional, el mercado alem\u00e1n de Yaymail WooCommerce se integra sin esfuerzo con su tienda WooCommerce existente, lo que le permite rastrear y analizar meticulosamente el rendimiento de sus campa\u00f1as de correo electr\u00f3nico, facilitando as\u00ed la toma de decisiones informadas e impulsadas por datos para optimizar y refinar su estrategia de marketing. En conclusi\u00f3n, el mercado alem\u00e1n de Yaymail WooCommerce es una opci\u00f3n excepcional para las empresas alemanas que se esfuerzan por aumentar sus esfuerzos de marketing por correo electr\u00f3nico y elevar el rendimiento general de sus tiendas en l\u00ednea a alturas sin precedentes.<\/p>\n<ul>\n<li>Permite una f\u00e1cil integraci\u00f3n de los servicios de marketing por correo electr\u00f3nico de Yaymail con WooCommerce alem\u00e1n Market.<\/li>\n<li>Aeligue las campa\u00f1as de marketing por correo electr\u00f3nico automatizando listas de correo electr\u00f3nico y contenido.<\/li>\n<li>Proporciona comunicaciones de correo electr\u00f3nico automatizadas personalizadas basadas en el comportamiento y las compras del cliente.<\/li>\n<li>Ofrece segmentaci\u00f3n avanzada para campa\u00f1as de correo electr\u00f3nico espec\u00edficas.<\/li>\n<li>Incluye plantillas de correo electr\u00f3nico predise\u00f1adas para la creaci\u00f3n de correo electr\u00f3nico r\u00e1pida y profesional.<\/li>\n<\/ul>\n","protected":false},"excerpt":{"rendered":"<p>El mercado alem\u00e1n de Yaymail WooCommerce es un instrumento extremadamente influyente que permite a las empresas prosperar en el mercado alem\u00e1n en virtud de su funcionalidad multifac\u00e9tica. Este notable producto no solo facilita la integraci\u00f3n perfecta con WooCommerce, sino que tambi\u00e9n permite a las empresas administrar sin esfuerzo su clientela alemana al tiempo que aumenta las ventas. Gracias a las caracter\u00edsticas de vanguardia de Yaymail y el soporte inquebrantable en el lenguaje alem\u00e1n, las empresas pueden generar correos electr\u00f3nicos y boletines hechos a medida que cautivan efectivamente a los clientes y cultivan la lealtad de la marca. Adem\u00e1s, la interfaz f\u00e1cil de usar y las plantillas personalizables brindan a las empresas la oportunidad de dise\u00f1ar correos electr\u00f3nicos de calidad profesional con la m\u00e1xima facilidad y eficiencia en cuesti\u00f3n de unos minutos. Por lo tanto, el mercado alem\u00e1n de Yaymail WooCommerce demuestra ser la herramienta por excelencia para cualquier empresa que busque expandir su alcance y refinar sus estrategias de marketing en el mercado alem\u00e1n.<\/p>\n","protected":false},"featured_media":168797,"comment_status":"open","ping_status":"open","template":"","meta":[],"product_brand":[2651],"product_cat":[1207,1248,1206],"product_tag":[2278],"class_list":{"0":"post-137366","1":"product","2":"type-product","3":"status-publish","4":"has-post-thumbnail","6":"product_brand-yaycommerce","7":"product_cat-comercio-electronico-plugins","8":"product_cat-personalizacion-comercio-electronico-plugins","9":"product_cat-plugins","10":"product_tag-yaycommerce","11":"member-discount","12":"discount-restricted","14":"first","15":"instock","16":"sale","17":"downloadable","18":"virtual","19":"sold-individually","20":"purchasable","21":"product-type-simple"},"_links":{"self":[{"href":"https:\/\/gpl-love.com\/es\/wp-json\/wp\/v2\/product\/137366","targetHints":{"allow":["GET"]}}],"collection":[{"href":"https:\/\/gpl-love.com\/es\/wp-json\/wp\/v2\/product"}],"about":[{"href":"https:\/\/gpl-love.com\/es\/wp-json\/wp\/v2\/types\/product"}],"replies":[{"embeddable":true,"href":"https:\/\/gpl-love.com\/es\/wp-json\/wp\/v2\/comments?post=137366"}],"wp:featuredmedia":[{"embeddable":true,"href":"https:\/\/gpl-love.com\/es\/wp-json\/wp\/v2\/media\/168797"}],"wp:attachment":[{"href":"https:\/\/gpl-love.com\/es\/wp-json\/wp\/v2\/media?parent=137366"}],"wp:term":[{"taxonomy":"product_brand","embeddable":true,"href":"https:\/\/gpl-love.com\/es\/wp-json\/wp\/v2\/product_brand?post=137366"},{"taxonomy":"product_cat","embeddable":true,"href":"https:\/\/gpl-love.com\/es\/wp-json\/wp\/v2\/product_cat?post=137366"},{"taxonomy":"product_tag","embeddable":true,"href":"https:\/\/gpl-love.com\/es\/wp-json\/wp\/v2\/product_tag?post=137366"}],"curies":[{"name":"wp","href":"https:\/\/api.w.org\/{rel}","templated":true}]}}