{"id":137364,"date":"2025-06-05T00:00:00","date_gmt":"2025-06-05T05:00:00","guid":{"rendered":"https:\/\/gpl-love.com\/es\/producto\/yaymail-woocommerce-quotes\/"},"modified":"2026-03-09T08:37:35","modified_gmt":"2026-03-09T13:37:35","slug":"yaymail-woocommerce-quotes","status":"publish","type":"product","link":"https:\/\/gpl-love.com\/es\/producto\/yaymail-woocommerce-quotes\/","title":{"rendered":"YayMail WooCommerce Quotes 4.0"},"content":{"rendered":"<h3>YayMail WooCommerce Quotes Caracteristicas<\/h3>\n<p>YayMail WooCommerce Quotes es una herramienta extraordinaria que ofrece la notable capacidad para que las empresas despachen convenientemente citas directamente a sus clientes desde la comodidad de su tienda de WooCommerce. Este complemento ejemplar se integra perfectamente con WooCommerce, otorgando as\u00ed a los usuarios el privilegio de generar y transmitir citas de inmediato que exudan una est\u00e9tica profesional en unos pocos minutos. Como tal, surge como una soluci\u00f3n exquisita para las empresas que anhelan racionalizar su proceso de cotizaci\u00f3n y proporcionar a los clientes una experiencia sin complicaciones sin esfuerzo. Adem\u00e1s, la facilidad de uso de citas de WooCommerce de Yaymail es realmente incomparable, ya que se adapta sin esfuerzo a las necesidades de los usuarios desprovistos de cualquier experiencia de codificaci\u00f3n o dise\u00f1o, capacit\u00e1ndolos para idear plantillas a medida sin esfuerzo y enviar citas instant\u00e1neamente con el mero clic de un bot\u00f3n. A fin de cuentas, este complemento emerge inequ\u00edvocamente como una herramienta indispensable que cada tienda de WooCommerce debe poseer para mejorar su proceso de cotizaci\u00f3n y fomentar un aumento notable en las ventas.<\/p>\n<ul>\n<li>Agiliza el proceso de generaci\u00f3n y env\u00edo de cotizaciones a trav\u00e9s de WooCommerce<\/li>\n<li>Simplifica el proceso de cotizaci\u00f3n tanto para el cliente como para el propietario del negocio<\/li>\n<li>Proporciona una interfaz f\u00e1cil de usar para crear y administrar citas<\/li>\n<li>Env\u00eda autom\u00e1ticamente notificaciones de cotizaci\u00f3n a los clientes por correo electr\u00f3nico<\/li>\n<li>Permite la personalizaci\u00f3n de plantillas y mensajes de cotizaci\u00f3n<\/li>\n<li>Se integra con otros complementos de WooCommerce para un proceso de cotizaci\u00f3n perfecta a pedido<\/li>\n<li>Ahorra tiempo y reduce los errores al eliminar la creaci\u00f3n de cotizaci\u00f3n manual y el env\u00edo<\/li>\n<li>Ayuda a las empresas a cerrar ofertas de manera m\u00e1s eficiente y efectiva<\/li>\n<li>Proporciona una forma m\u00e1s profesional y pulida de presentar citas a los clientes.<\/li>\n<\/ul>\n","protected":false},"excerpt":{"rendered":"<p>YayMail WooCommerce Quotes, una herramienta de marketing por correo electr\u00f3nico excepcional, presenta una integraci\u00f3n perfecta con su tienda WooCommerce, que ofrece una multitud de funcionalidades potentes. Entre estos, se destaca su caracter\u00edstica de cotizaci\u00f3n avanzada, lo que lo permite a crear citas personalizadas para su estimada clientela, lo que lleva a mejoras notables tanto en las cifras de ventas como en las tasas de satisfacci\u00f3n del cliente. La simplicidad y el alto nivel de personalizaci\u00f3n inherente a esta soluci\u00f3n facilitan a\u00fan m\u00e1s la adaptaci\u00f3n de citas para alinearse con precisi\u00f3n con los requisitos \u00fanicos de su empresa. Independientemente de si dirige una empresa modesta o una corporaci\u00f3n en expansi\u00f3n, la adopci\u00f3n de cotizaciones de Yaymail WooCommerce impulsar\u00e1 sin duda sus esfuerzos de marketing por correo electr\u00f3nico a alturas sin precedentes.<\/p>\n","protected":false},"featured_media":168795,"comment_status":"open","ping_status":"open","template":"","meta":[],"product_brand":[2651],"product_cat":[1207,1248,1206],"product_tag":[2278],"class_list":{"0":"post-137364","1":"product","2":"type-product","3":"status-publish","4":"has-post-thumbnail","6":"product_brand-yaycommerce","7":"product_cat-comercio-electronico-plugins","8":"product_cat-personalizacion-comercio-electronico-plugins","9":"product_cat-plugins","10":"product_tag-yaycommerce","11":"member-discount","12":"discount-restricted","14":"first","15":"instock","16":"sale","17":"downloadable","18":"virtual","19":"sold-individually","20":"purchasable","21":"product-type-simple"},"_links":{"self":[{"href":"https:\/\/gpl-love.com\/es\/wp-json\/wp\/v2\/product\/137364","targetHints":{"allow":["GET"]}}],"collection":[{"href":"https:\/\/gpl-love.com\/es\/wp-json\/wp\/v2\/product"}],"about":[{"href":"https:\/\/gpl-love.com\/es\/wp-json\/wp\/v2\/types\/product"}],"replies":[{"embeddable":true,"href":"https:\/\/gpl-love.com\/es\/wp-json\/wp\/v2\/comments?post=137364"}],"wp:featuredmedia":[{"embeddable":true,"href":"https:\/\/gpl-love.com\/es\/wp-json\/wp\/v2\/media\/168795"}],"wp:attachment":[{"href":"https:\/\/gpl-love.com\/es\/wp-json\/wp\/v2\/media?parent=137364"}],"wp:term":[{"taxonomy":"product_brand","embeddable":true,"href":"https:\/\/gpl-love.com\/es\/wp-json\/wp\/v2\/product_brand?post=137364"},{"taxonomy":"product_cat","embeddable":true,"href":"https:\/\/gpl-love.com\/es\/wp-json\/wp\/v2\/product_cat?post=137364"},{"taxonomy":"product_tag","embeddable":true,"href":"https:\/\/gpl-love.com\/es\/wp-json\/wp\/v2\/product_tag?post=137364"}],"curies":[{"name":"wp","href":"https:\/\/api.w.org\/{rel}","templated":true}]}}