{"id":137363,"date":"2025-06-05T00:00:00","date_gmt":"2025-06-05T05:00:00","guid":{"rendered":"https:\/\/gpl-love.com\/es\/producto\/yaymail-woocommerce-order-delivery\/"},"modified":"2026-03-09T08:37:34","modified_gmt":"2026-03-09T13:37:34","slug":"yaymail-woocommerce-order-delivery","status":"publish","type":"product","link":"https:\/\/gpl-love.com\/es\/producto\/yaymail-woocommerce-order-delivery\/","title":{"rendered":"YayMail WooCommerce Order Delivery 4.0"},"content":{"rendered":"<h3>YayMail WooCommerce Order Delivery Caracteristicas<\/h3>\n<p>La entrega de pedidos de Yaymail WooCommerce es una herramienta incre\u00edblemente poderosa y eficiente que simplifica en gran medida la tarea a menudo compleja y lenta de administrar y entregar pedidos para los propietarios de tiendas de WooCommerce. Esta notable soluci\u00f3n ofrece una multitud de caracter\u00edsticas avanzadas que optimizan de manera efectiva y perfecta el proceso de entrega de pedidos, lo que permite a las empresas maximizar la eficiencia y la productividad. Al automatizar tareas fundamentales como enviar actualizaciones de entrega e informaci\u00f3n de seguimiento a clientes valiosos, Yaymail asegura que los propietarios de tiendas puedan manejar sin esfuerzo sus responsabilidades de entrega de pedidos. Uno de los aspectos m\u00e1s notables de Yaymail es su excepcional facilidad de uso, lo que hace que sea incre\u00edblemente f\u00e1cil configurar y personalizar de acuerdo con las necesidades y preferencias espec\u00edficas. Los propietarios de tiendas pueden adaptar sin esfuerzo sus notificaciones de entrega para alinearse perfectamente con su identidad de marca \u00fanica. Adem\u00e1s, Yaymail cuenta con capacidades de seguimiento robustas que garantizan que los clientes siempre est\u00e1n equipados con la informaci\u00f3n m\u00e1s actualizada y precisa sobre sus pedidos. Esto no solo mejora la satisfacci\u00f3n del cliente, sino que tambi\u00e9n contribuye significativamente al aumento de las ventas y los ingresos. En esencia, la entrega de pedidos de Yaymail WooCommerce es una herramienta esencial e indispensable para cualquier propietario de la tienda de WooCommerce que busque optimizar su proceso de entrega de pedidos y elevar su experiencia general del cliente a alturas sin precedentes.<\/p>\n<ul>\n<li>Se integra sin problemas con WooCommerce para optimizar el proceso de entrega de pedidos<\/li>\n<li>Env\u00eda autom\u00e1ticamente los correos electr\u00f3nicos de confirmaci\u00f3n de entrega a los clientes al finalizar el pedido<\/li>\n<li>Permite la personalizaci\u00f3n de las plantillas de correo electr\u00f3nico de entrega para que coincidan con su marca<\/li>\n<li>Proporciona informaci\u00f3n y actualizaciones de seguimiento de entrega en tiempo real tanto para clientes como para comerciantes.<\/li>\n<li>Permite la gesti\u00f3n f\u00e1cil de los horarios de entrega y las rutas para el cumplimiento de pedidos eficientes<\/li>\n<li>Ofrece soporte para m\u00faltiples m\u00e9todos de env\u00edo, incluida la recolecci\u00f3n y entrega locales, la tarifa plana y el env\u00edo gratuito<\/li>\n<li>Mejora la experiencia del cliente al proporcionar informaci\u00f3n de entrega clara y transparente<\/li>\n<li>Ahorra tiempo y reduce los errores al automatizar el proceso de entrega y reducir la entrada de datos manuales<\/li>\n<li>Simplifica la comunicaci\u00f3n entre clientes y comerciantes al proporcionar una plataforma centralizada para todas las consultas y actualizaciones relacionadas con la entrega.<\/li>\n<\/ul>\n","protected":false},"excerpt":{"rendered":"<p>La entrega de pedidos de Yaymail WooCommerce, una soluci\u00f3n de env\u00edo y seguimiento de alta calidad, ofrece una amplia gama de caracter\u00edsticas destinadas a garantizar la entrega r\u00e1pida y segura de sus productos a sus valiosos clientes. Con una gran cantidad de funcionalidades avanzadas, como el seguimiento en tiempo real, la capacidad de personalizar las notificaciones, las actualizaciones de entrega automatizadas y mucho m\u00e1s, Yaymail facilita sin problemas la gesti\u00f3n y el cumplimiento de sus \u00f3rdenes de WooCommerce. Esta soluci\u00f3n excepcional atiende a las necesidades de los empresarios a peque\u00f1a escala y los minoristas a gran escala, lo que lo convierte en una opci\u00f3n ideal para el env\u00edo y la entrega de pedidos confiables. No pierda tiempo, pru\u00e9belo hoy y experimente la notable disparidad que trae.<\/p>\n","protected":false},"featured_media":168794,"comment_status":"open","ping_status":"open","template":"","meta":[],"product_brand":[2651],"product_cat":[1207,1248,1206],"product_tag":[2278],"class_list":{"0":"post-137363","1":"product","2":"type-product","3":"status-publish","4":"has-post-thumbnail","6":"product_brand-yaycommerce","7":"product_cat-comercio-electronico-plugins","8":"product_cat-personalizacion-comercio-electronico-plugins","9":"product_cat-plugins","10":"product_tag-yaycommerce","11":"member-discount","12":"discount-restricted","14":"first","15":"instock","16":"sale","17":"downloadable","18":"virtual","19":"sold-individually","20":"purchasable","21":"product-type-simple"},"_links":{"self":[{"href":"https:\/\/gpl-love.com\/es\/wp-json\/wp\/v2\/product\/137363","targetHints":{"allow":["GET"]}}],"collection":[{"href":"https:\/\/gpl-love.com\/es\/wp-json\/wp\/v2\/product"}],"about":[{"href":"https:\/\/gpl-love.com\/es\/wp-json\/wp\/v2\/types\/product"}],"replies":[{"embeddable":true,"href":"https:\/\/gpl-love.com\/es\/wp-json\/wp\/v2\/comments?post=137363"}],"wp:featuredmedia":[{"embeddable":true,"href":"https:\/\/gpl-love.com\/es\/wp-json\/wp\/v2\/media\/168794"}],"wp:attachment":[{"href":"https:\/\/gpl-love.com\/es\/wp-json\/wp\/v2\/media?parent=137363"}],"wp:term":[{"taxonomy":"product_brand","embeddable":true,"href":"https:\/\/gpl-love.com\/es\/wp-json\/wp\/v2\/product_brand?post=137363"},{"taxonomy":"product_cat","embeddable":true,"href":"https:\/\/gpl-love.com\/es\/wp-json\/wp\/v2\/product_cat?post=137363"},{"taxonomy":"product_tag","embeddable":true,"href":"https:\/\/gpl-love.com\/es\/wp-json\/wp\/v2\/product_tag?post=137363"}],"curies":[{"name":"wp","href":"https:\/\/api.w.org\/{rel}","templated":true}]}}