{"id":137362,"date":"2025-06-05T00:00:00","date_gmt":"2025-06-05T05:00:00","guid":{"rendered":"https:\/\/gpl-love.com\/es\/producto\/yaymail-order-cancellation-email-to-customer\/"},"modified":"2026-03-09T08:37:32","modified_gmt":"2026-03-09T13:37:32","slug":"yaymail-order-cancellation-email-to-customer","status":"publish","type":"product","link":"https:\/\/gpl-love.com\/es\/producto\/yaymail-order-cancellation-email-to-customer\/","title":{"rendered":"YayMail Order Cancellation Email to Customer 4.0"},"content":{"rendered":"<h3>YayMail Order Cancellation Email to Customer Caracteristicas<\/h3>\n<p>Yaymail, un proveedor de servicios excepcionales, presenta con orgullo un servicio de correo electr\u00f3nico de cancelaci\u00f3n de pedidos altamente eficiente y f\u00e1cil de usar, que est\u00e1 meticulosamente elaborado para elevar la satisfacci\u00f3n del cliente a alturas sin precedentes. Este notable producto est\u00e1 ingeniosamente dise\u00f1ado para empoderar a las empresas con la valiosa capacidad de adaptar sus correos electr\u00f3nicos de cancelaci\u00f3n en perfecto estado de conformidad con sus pautas y mensajes \u00fanicos de la marca. A trav\u00e9s de la adopci\u00f3n del servicio de correo electr\u00f3nico de cancelaci\u00f3n incomparable de Yaymail, las empresas pueden estar seguros de que su estimada clientela recibir\u00e1 de inmediato una comunicaci\u00f3n integral sobre sus \u00f3rdenes canceladas, mitigando efectivamente la aparici\u00f3n potencial de cualquier frustraci\u00f3n irritante o ambig\u00fcedades perplejas. Como resultado de adoptar el servicio de correo electr\u00f3nico de cancelaci\u00f3n de pedidos de vanguardia de Yaymail, las empresas pueden optimizar sin problemas sus procesos operativos al tiempo que fomentan simult\u00e1neamente un viaje de clientes supremamente positivo y gratificante.<\/p>\n<ul>\n<li>Correo electr\u00f3nico profesional y conciso para informar a los clientes que su pedido ha sido cancelado<\/li>\n<li>Plantilla personalizable para que coincida con la marca y el tono de su negocio<\/li>\n<li>Incluye un razonamiento claro para la cancelaci\u00f3n y cualquier informaci\u00f3n de reembolso necesaria<\/li>\n<li>El sistema automatizado ahorra tiempo y recursos para el equipo de servicio al cliente<\/li>\n<li>Reduce la frustraci\u00f3n del cliente y las posibles revisiones negativas al proporcionar una comunicaci\u00f3n clara<\/li>\n<li>Puede integrarse con el software de administraci\u00f3n de pedidos existente para optimizar el proceso de cancelaci\u00f3n<\/li>\n<li>Se puede usar tanto para cancelaciones individuales como para cancelaciones de masa debido a circunstancias imprevistas<\/li>\n<li>Se puede traducir a varios idiomas para la base global de clientes<\/li>\n<li>Formulario de retroalimentaci\u00f3n opcional incluido para reunir ideas y mejorar la experiencia del cliente.<\/li>\n<\/ul>\n","protected":false},"excerpt":{"rendered":"<p>El correo electr\u00f3nico de cancelaci\u00f3n de pedidos de Yaymail al cliente sirve como una resoluci\u00f3n \u00f3ptima para las empresas que buscan comunicarse con los clientes con respecto a los pedidos cancelados de manera competente y pulida. Este correo electr\u00f3nico automatizado proporciona detalles completos relacionados con la cancelaci\u00f3n de un pedido, que abarca la justificaci\u00f3n para la cancelaci\u00f3n, as\u00ed como cualquier alternativa factible, como reembolsos o intercambios. A trav\u00e9s de plantillas f\u00e1ciles de usar y campos adaptables, Yaymail garantiza la entrega de correos electr\u00f3nicos de cancelaci\u00f3n que son uniformes y de acuerdo con la imagen de su marca, al tiempo que le otorga simult\u00e1neamente los preciosos productos de tiempo y esfuerzo. Ac\u00e9tate a la ardua tarea de componer manualmente los correos electr\u00f3nicos de cancelaci\u00f3n y dar la bienvenida a una resoluci\u00f3n simplificada e impactante con Yaymail.<\/p>\n","protected":false},"featured_media":168793,"comment_status":"open","ping_status":"open","template":"","meta":[],"product_brand":[2651],"product_cat":[1207,1248,1206],"product_tag":[2278],"class_list":{"0":"post-137362","1":"product","2":"type-product","3":"status-publish","4":"has-post-thumbnail","6":"product_brand-yaycommerce","7":"product_cat-comercio-electronico-plugins","8":"product_cat-personalizacion-comercio-electronico-plugins","9":"product_cat-plugins","10":"product_tag-yaycommerce","11":"member-discount","12":"discount-restricted","14":"first","15":"instock","16":"sale","17":"downloadable","18":"virtual","19":"sold-individually","20":"purchasable","21":"product-type-simple"},"_links":{"self":[{"href":"https:\/\/gpl-love.com\/es\/wp-json\/wp\/v2\/product\/137362","targetHints":{"allow":["GET"]}}],"collection":[{"href":"https:\/\/gpl-love.com\/es\/wp-json\/wp\/v2\/product"}],"about":[{"href":"https:\/\/gpl-love.com\/es\/wp-json\/wp\/v2\/types\/product"}],"replies":[{"embeddable":true,"href":"https:\/\/gpl-love.com\/es\/wp-json\/wp\/v2\/comments?post=137362"}],"wp:featuredmedia":[{"embeddable":true,"href":"https:\/\/gpl-love.com\/es\/wp-json\/wp\/v2\/media\/168793"}],"wp:attachment":[{"href":"https:\/\/gpl-love.com\/es\/wp-json\/wp\/v2\/media?parent=137362"}],"wp:term":[{"taxonomy":"product_brand","embeddable":true,"href":"https:\/\/gpl-love.com\/es\/wp-json\/wp\/v2\/product_brand?post=137362"},{"taxonomy":"product_cat","embeddable":true,"href":"https:\/\/gpl-love.com\/es\/wp-json\/wp\/v2\/product_cat?post=137362"},{"taxonomy":"product_tag","embeddable":true,"href":"https:\/\/gpl-love.com\/es\/wp-json\/wp\/v2\/product_tag?post=137362"}],"curies":[{"name":"wp","href":"https:\/\/api.w.org\/{rel}","templated":true}]}}