{"id":137361,"date":"2022-12-13T00:00:00","date_gmt":"2022-12-13T05:00:00","guid":{"rendered":"https:\/\/gpl-love.com\/es\/producto\/yaymail-yith-subscription\/"},"modified":"2026-03-09T08:37:31","modified_gmt":"2026-03-09T13:37:31","slug":"yaymail-yith-subscription","status":"publish","type":"product","link":"https:\/\/gpl-love.com\/es\/producto\/yaymail-yith-subscription\/","title":{"rendered":"YayMail Yith Subscription 1.4"},"content":{"rendered":"<h3>YayMail Yith Subscription Caracteristicas<\/h3>\n<p>La suscripci\u00f3n de Yaymail, una herramienta incre\u00edblemente poderosa, dise\u00f1ada espec\u00edficamente para ayudar a las empresas a administrar sin esfuerzo sus suscripciones de correo electr\u00f3nico, ofrece una multitud de caracter\u00edsticas destinadas a racionalizar y optimizar sus campa\u00f1as de correo electr\u00f3nico. Con este producto excepcional a su disposici\u00f3n, puede establecer y supervisar sin esfuerzo sus campa\u00f1as de correo electr\u00f3nico, optimizar sus procesos de marketing al automatizar varios aspectos y monitorear y evaluar meticulosamente los resultados de sus esfuerzos. Adem\u00e1s, la suscripci\u00f3n yaymail cuenta con una interfaz notablemente f\u00e1cil de usar que le permite crear y personalizar sus plantillas de correo electr\u00f3nico con la m\u00e1xima facilidad, integrar a la perfecci\u00f3n nuevos suscriptores en su lista de correo, y acelerar la diseminaci\u00f3n de sus boletines y correos electr\u00f3nicos promocionales. Independientemente de si usted es un propietario de negocios a peque\u00f1a escala o un profesional de marketing experimentado, el yaymail su suscripci\u00f3n inequ\u00edvocamente surge como una herramienta indispensable que puede mejorar significativamente sus esfuerzos de marketing por correo electr\u00f3nico y, en \u00faltima instancia, amplificar su retorno de la inversi\u00f3n (ROI).<\/p>\n<ul>\n<li>Una poderosa herramienta de gesti\u00f3n de suscripci\u00f3n para su sitio web<\/li>\n<li>Permite a sus clientes registrarse y administrar f\u00e1cilmente sus suscripciones<\/li>\n<li>Se integra a la perfecci\u00f3n con Yaymail y otras plataformas populares de marketing por correo electr\u00f3nico<\/li>\n<li>Proporciona an\u00e1lisis detallados e informes sobre su rendimiento de suscripci\u00f3n<\/li>\n<li>Procesamiento automatizado de facturaci\u00f3n y pago para la gesti\u00f3n de suscripci\u00f3n sin problemas<\/li>\n<li>Habilita los formularios de registro personalizables y las opciones de suscripci\u00f3n para satisfacer las necesidades de su negocio<\/li>\n<li>Ofrece atenci\u00f3n al cliente integral para garantizar una experiencia de usuario sin problemas<\/li>\n<li>Aumenta la retenci\u00f3n y los ingresos del cliente a trav\u00e9s de una gesti\u00f3n eficiente de suscripci\u00f3n.<\/li>\n<\/ul>\n","protected":false},"excerpt":{"rendered":"<p>\u00a1Prep\u00e1rese para una mejora significativa en sus esfuerzos de marketing por correo electr\u00f3nico a medida que profundiza en el \u00e1mbito de YayMail Yith suscripci\u00f3n! Este instrumento de vanguardia y revolucionario simplifica la administraci\u00f3n de sus suscripciones de correo electr\u00f3nico a trav\u00e9s de la utilizaci\u00f3n de caracter\u00edsticas altamente sofisticadas, como la segmentaci\u00f3n y la automatizaci\u00f3n. Ac\u00e9tate a la ardua tarea de supervisar manualmente tus listas de suscripci\u00f3n y adoptar un reino en el que los mensajes espec\u00edficos y personalizados se elaboren para resonar profundamente con tu estimada audiencia. \u00a1Comience la optimizaci\u00f3n de sus esfuerzos de marketing por correo electr\u00f3nico hoy aprovechando el poder de yaymail yith suscripci\u00f3n!<\/p>\n","protected":false},"featured_media":168792,"comment_status":"open","ping_status":"open","template":"","meta":[],"product_brand":[2651],"product_cat":[1207,1248,1206],"product_tag":[2278],"class_list":{"0":"post-137361","1":"product","2":"type-product","3":"status-publish","4":"has-post-thumbnail","6":"product_brand-yaycommerce","7":"product_cat-comercio-electronico-plugins","8":"product_cat-personalizacion-comercio-electronico-plugins","9":"product_cat-plugins","10":"product_tag-yaycommerce","11":"member-discount","12":"discount-restricted","14":"first","15":"instock","16":"sale","17":"downloadable","18":"virtual","19":"sold-individually","20":"purchasable","21":"product-type-simple"},"_links":{"self":[{"href":"https:\/\/gpl-love.com\/es\/wp-json\/wp\/v2\/product\/137361","targetHints":{"allow":["GET"]}}],"collection":[{"href":"https:\/\/gpl-love.com\/es\/wp-json\/wp\/v2\/product"}],"about":[{"href":"https:\/\/gpl-love.com\/es\/wp-json\/wp\/v2\/types\/product"}],"replies":[{"embeddable":true,"href":"https:\/\/gpl-love.com\/es\/wp-json\/wp\/v2\/comments?post=137361"}],"wp:featuredmedia":[{"embeddable":true,"href":"https:\/\/gpl-love.com\/es\/wp-json\/wp\/v2\/media\/168792"}],"wp:attachment":[{"href":"https:\/\/gpl-love.com\/es\/wp-json\/wp\/v2\/media?parent=137361"}],"wp:term":[{"taxonomy":"product_brand","embeddable":true,"href":"https:\/\/gpl-love.com\/es\/wp-json\/wp\/v2\/product_brand?post=137361"},{"taxonomy":"product_cat","embeddable":true,"href":"https:\/\/gpl-love.com\/es\/wp-json\/wp\/v2\/product_cat?post=137361"},{"taxonomy":"product_tag","embeddable":true,"href":"https:\/\/gpl-love.com\/es\/wp-json\/wp\/v2\/product_tag?post=137361"}],"curies":[{"name":"wp","href":"https:\/\/api.w.org\/{rel}","templated":true}]}}