{"id":137360,"date":"2025-06-05T00:00:00","date_gmt":"2025-06-05T05:00:00","guid":{"rendered":"https:\/\/gpl-love.com\/es\/producto\/yaymail-order-delivery-date\/"},"modified":"2026-03-09T08:37:30","modified_gmt":"2026-03-09T13:37:30","slug":"yaymail-order-delivery-date","status":"publish","type":"product","link":"https:\/\/gpl-love.com\/es\/producto\/yaymail-order-delivery-date\/","title":{"rendered":"YayMail Order Delivery Date 4.0"},"content":{"rendered":"<h3>YayMail Order Delivery Date Caracteristicas<\/h3>\n<p>La fecha de entrega de pedidos de Yaymail es un producto innovador y altamente eficiente que ha sido meticulosamente dise\u00f1ado para satisfacer las necesidades de las empresas y las personas. Su objetivo principal es proporcionar una experiencia perfecta y sin problemas al permitir que los usuarios realicen un seguimiento de la fecha de entrega anticipada para sus pedidos. Al aprovechar el poder de esta herramienta excepcional, los clientes est\u00e1n facultados para ingresar los detalles de su pedido y posteriormente reciben una estimaci\u00f3n meticulosamente calculada y f\u00e1cilmente comprensible con respecto a la hora precisa de llegada de sus paquetes esperados. Los numerosos beneficios de utilizar esta soluci\u00f3n de vanguardia no pueden ser exageradas, ya que aborda efectivamente las preocupaciones prevalecientes que rodean la ansiedad y la incertidumbre que rodean los tiempos de entrega. Adem\u00e1s, ayuda significativamente a permitir que los clientes planifiquen sus horarios y actividades de una manera que est\u00e9 armoniosamente alineada con la inminente llegada de sus art\u00edculos codiciados. Independientemente de si es un propietario de una peque\u00f1a empresa comprometido y ambicioso que est\u00e1 interesado en administrar eficientemente su proceso de env\u00edo, o simplemente una persona que espera ansiosamente la inminente llegada de un paquete tan esperado, la fecha de entrega de pedidos de Yaymail demuestra ser Una herramienta invaluable, indispensable y altamente pr\u00e1ctica, que agiliza y simplifica sin esfuerzo su vida.<\/p>\n<ul>\n<li>Predice con precisi\u00f3n la fecha de entrega de su pedido por correo<\/li>\n<li>Lo ayuda a planificar y organizar su horario alrededor de la fecha de entrega<\/li>\n<li>Reduce la ansiedad y la incertidumbre con respecto a cu\u00e1ndo llegar\u00e1 su paquete<\/li>\n<li>F\u00e1cil de usar con un simple proceso de entrada<\/li>\n<li>Se puede integrar en varias plataformas y aplicaciones<\/li>\n<li>Le ahorra tiempo y dinero ayud\u00e1ndole a evitar los intentos de entrega perdidos<\/li>\n<li>Utiliza algoritmos avanzados para analizar los datos de env\u00edo y hacer predicciones precisas de la fecha de entrega<\/li>\n<li>Proporciona actualizaciones y alertas en tiempo real para cualquier cambio en el cronograma de entrega<\/li>\n<li>Rendimiento confiable y constante para garantizar una experiencia de compra sin estr\u00e9s.<\/li>\n<\/ul>\n","protected":false},"excerpt":{"rendered":"<p>La fecha de entrega de pedidos de Yaymail es una herramienta incre\u00edblemente conveniente y f\u00e1cil de usar que le brinda la capacidad de ingresar sin esfuerzo y ampliamente su fecha de entrega preferida para todas sus compras en l\u00ednea. Todo lo que necesita hacer es simplemente ingresar la fecha espec\u00edfica en la que desea que se entregue su pedido, y nuestro sofisticado software manejar\u00e1 diligentemente todos los arreglos necesarios. \u00a1Ac\u00e9tate a las frustraciones e inconvenientes asociadas con las entregas perdidas, y bienvenida una experiencia de compra de manera calurosa que es notablemente tranquila y sin problemas por la cortes\u00eda de Yaymail!<\/p>\n","protected":false},"featured_media":168791,"comment_status":"open","ping_status":"open","template":"","meta":[],"product_brand":[2651],"product_cat":[1207,1248,1206],"product_tag":[2278],"class_list":{"0":"post-137360","1":"product","2":"type-product","3":"status-publish","4":"has-post-thumbnail","6":"product_brand-yaycommerce","7":"product_cat-comercio-electronico-plugins","8":"product_cat-personalizacion-comercio-electronico-plugins","9":"product_cat-plugins","10":"product_tag-yaycommerce","11":"member-discount","12":"discount-restricted","14":"first","15":"instock","16":"sale","17":"downloadable","18":"virtual","19":"sold-individually","20":"purchasable","21":"product-type-simple"},"_links":{"self":[{"href":"https:\/\/gpl-love.com\/es\/wp-json\/wp\/v2\/product\/137360","targetHints":{"allow":["GET"]}}],"collection":[{"href":"https:\/\/gpl-love.com\/es\/wp-json\/wp\/v2\/product"}],"about":[{"href":"https:\/\/gpl-love.com\/es\/wp-json\/wp\/v2\/types\/product"}],"replies":[{"embeddable":true,"href":"https:\/\/gpl-love.com\/es\/wp-json\/wp\/v2\/comments?post=137360"}],"wp:featuredmedia":[{"embeddable":true,"href":"https:\/\/gpl-love.com\/es\/wp-json\/wp\/v2\/media\/168791"}],"wp:attachment":[{"href":"https:\/\/gpl-love.com\/es\/wp-json\/wp\/v2\/media?parent=137360"}],"wp:term":[{"taxonomy":"product_brand","embeddable":true,"href":"https:\/\/gpl-love.com\/es\/wp-json\/wp\/v2\/product_brand?post=137360"},{"taxonomy":"product_cat","embeddable":true,"href":"https:\/\/gpl-love.com\/es\/wp-json\/wp\/v2\/product_cat?post=137360"},{"taxonomy":"product_tag","embeddable":true,"href":"https:\/\/gpl-love.com\/es\/wp-json\/wp\/v2\/product_tag?post=137360"}],"curies":[{"name":"wp","href":"https:\/\/api.w.org\/{rel}","templated":true}]}}