{"id":137359,"date":"2025-06-05T00:00:00","date_gmt":"2025-06-05T05:00:00","guid":{"rendered":"https:\/\/gpl-love.com\/es\/producto\/yaymail-b2b-king\/"},"modified":"2026-03-09T08:37:29","modified_gmt":"2026-03-09T13:37:29","slug":"yaymail-b2b-king","status":"publish","type":"product","link":"https:\/\/gpl-love.com\/es\/producto\/yaymail-b2b-king\/","title":{"rendered":"YayMail B2B King 4.0"},"content":{"rendered":"<h3>YayMail B2B King Caracteristicas<\/h3>\n<p>Yaymail B2B King emerge como una herramienta de marketing por correo electr\u00f3nico influyente que ha sido h\u00e1bilmente dise\u00f1ada para atender a empresas de todos los tama\u00f1os. Su interfaz, que est\u00e1 dise\u00f1ada para ser f\u00e1cil de usar, ofrece una gran cantidad de caracter\u00edsticas que ayudan efectivamente a las empresas a administrar y automatizar eficientemente sus campa\u00f1as de marketing por correo electr\u00f3nico. Esta herramienta abarca un conjunto integral de herramientas que facilitan la creaci\u00f3n y gesti\u00f3n de campa\u00f1as de correo electr\u00f3nico, monitoreando su rendimiento y optimiz\u00e1ndolos para obtener resultados superiores. Las caracter\u00edsticas de an\u00e1lisis y informes de la plataforma son de naturaleza robusta y sirven como un recurso valioso para las empresas que buscan obtener informaci\u00f3n sobre la efectividad de sus campa\u00f1as de correo electr\u00f3nico. En consecuencia, esto les permite tomar decisiones informadas impulsadas por los datos. Sin compromisos en la seguridad y la privacidad, Yaymail B2B King se enorgullece de proporcionar protecci\u00f3n de alto nivel para los datos de las empresas y la informaci\u00f3n del cliente, asegurando su m\u00e1xima seguridad y confidencialidad. En conclusi\u00f3n, Yaymail B2B King se destaca como una soluci\u00f3n hol\u00edstica de marketing por correo electr\u00f3nico que posee el potencial para ayudar a las empresas a lograr sus objetivos de marketing y generar ingresos sustanciales.<\/p>\n<ul>\n<li>Soluci\u00f3n eficiente de marketing por correo electr\u00f3nico para empresas<\/li>\n<li>Plantillas de correo electr\u00f3nico personalizables para adaptarse a las necesidades de la marca<\/li>\n<li>Informes avanzados y an\u00e1lisis para rastrear el rendimiento del correo electr\u00f3nico<\/li>\n<li>Integraci\u00f3n con software CRM popular como Salesforce y Hubspot<\/li>\n<li>Capacidad para crear campa\u00f1as de correo electr\u00f3nico espec\u00edficas basadas en la segmentaci\u00f3n de la audiencia<\/li>\n<li>Opci\u00f3n para enviar flujos de trabajo de correo electr\u00f3nico automatizados para la crianza de los plomo<\/li>\n<li>Funcionalidad de prueba A\/B para optimizar la participaci\u00f3n del correo electr\u00f3nico<\/li>\n<li>Tasas de entrega de entrega de correo electr\u00f3nico superiores<\/li>\n<li>Interfaz f\u00e1cil de usar para una f\u00e1cil navegaci\u00f3n y administraci\u00f3n de campa\u00f1as de correo electr\u00f3nico<\/li>\n<li>Atenci\u00f3n al cliente disponible del equipo de Yaymail.<\/li>\n<\/ul>\n","protected":false},"excerpt":{"rendered":"<p>Yaymail B2B King es una soluci\u00f3n con todo incluido que satisface las necesidades de las empresas que buscan optimizar sus esfuerzos de marketing por correo electr\u00f3nico. Al incorporar funcionalidades sofisticadas, como la segmentaci\u00f3n de contacto, la automatizaci\u00f3n del correo electr\u00f3nico y el an\u00e1lisis, B2B King faculta a las empresas a enviar correos electr\u00f3nicos personalizados y espec\u00edficos que generan conversiones. En particular, su interfaz f\u00e1cil de usar y su plantillas personalizables facilitan la r\u00e1pida creaci\u00f3n de correos electr\u00f3nicos pulidos y de grado profesional. Adem\u00e1s, B2B King ofrece a las empresas una API robusta, lo que permite una integraci\u00f3n perfecta de sus esfuerzos de marketing por correo electr\u00f3nico con otras herramientas y plataformas. Despedirse de las laboriosas campa\u00f1as de correo electr\u00f3nico y adoptar la destreza de marketing simplificada y eficaz ofrecida por Yaymail B2B King.<\/p>\n","protected":false},"featured_media":168790,"comment_status":"open","ping_status":"open","template":"","meta":[],"product_brand":[2651],"product_cat":[1207,1248,1206],"product_tag":[2278],"class_list":{"0":"post-137359","1":"product","2":"type-product","3":"status-publish","4":"has-post-thumbnail","6":"product_brand-yaycommerce","7":"product_cat-comercio-electronico-plugins","8":"product_cat-personalizacion-comercio-electronico-plugins","9":"product_cat-plugins","10":"product_tag-yaycommerce","11":"member-discount","12":"discount-restricted","14":"first","15":"instock","16":"sale","17":"downloadable","18":"virtual","19":"sold-individually","20":"purchasable","21":"product-type-simple"},"_links":{"self":[{"href":"https:\/\/gpl-love.com\/es\/wp-json\/wp\/v2\/product\/137359","targetHints":{"allow":["GET"]}}],"collection":[{"href":"https:\/\/gpl-love.com\/es\/wp-json\/wp\/v2\/product"}],"about":[{"href":"https:\/\/gpl-love.com\/es\/wp-json\/wp\/v2\/types\/product"}],"replies":[{"embeddable":true,"href":"https:\/\/gpl-love.com\/es\/wp-json\/wp\/v2\/comments?post=137359"}],"wp:featuredmedia":[{"embeddable":true,"href":"https:\/\/gpl-love.com\/es\/wp-json\/wp\/v2\/media\/168790"}],"wp:attachment":[{"href":"https:\/\/gpl-love.com\/es\/wp-json\/wp\/v2\/media?parent=137359"}],"wp:term":[{"taxonomy":"product_brand","embeddable":true,"href":"https:\/\/gpl-love.com\/es\/wp-json\/wp\/v2\/product_brand?post=137359"},{"taxonomy":"product_cat","embeddable":true,"href":"https:\/\/gpl-love.com\/es\/wp-json\/wp\/v2\/product_cat?post=137359"},{"taxonomy":"product_tag","embeddable":true,"href":"https:\/\/gpl-love.com\/es\/wp-json\/wp\/v2\/product_tag?post=137359"}],"curies":[{"name":"wp","href":"https:\/\/api.w.org\/{rel}","templated":true}]}}