{"id":137358,"date":"2025-06-05T00:00:00","date_gmt":"2025-06-05T05:00:00","guid":{"rendered":"https:\/\/gpl-love.com\/es\/producto\/yaymail-woocommerce-points-y-rewards\/"},"modified":"2026-03-09T08:37:27","modified_gmt":"2026-03-09T13:37:27","slug":"yaymail-woocommerce-points-y-rewards","status":"publish","type":"product","link":"https:\/\/gpl-love.com\/es\/producto\/yaymail-woocommerce-points-y-rewards\/","title":{"rendered":"YayMail WooCommerce Points y Rewards 4.0"},"content":{"rendered":"<h3>YayMail WooCommerce Points y Rewards Caracteristicas<\/h3>\n<p>Yaymail WooCommerce Points and Rewards es una herramienta integral y robusta que permite a los usuarios de WooCommerce incentivar efectivamente a sus clientes al ofrecerles recompensas y puntos atractivos. Esta notable plataforma permite a las empresas establecer sin esfuerzo un programa din\u00e1mico y gratificante que no solo motiva a los clientes a realizar compras recurrentes, sino que tambi\u00e9n fomenta una conexi\u00f3n e interacci\u00f3n m\u00e1s profundas con su marca \u00fanica. Con su diversa variedad de caracter\u00edsticas de vanguardia, incluida la capacidad de personalizar las recompensas, ajustar la configuraci\u00f3n de vencimiento de puntos y automatizar las notificaciones por correo electr\u00f3nico, Yaymail realmente sobresale para mantener a los clientes cautivados y bien informados. A trav\u00e9s de la implementaci\u00f3n de este programa de lealtad atractivo e inmersivo, las empresas pueden mejorar significativamente la retenci\u00f3n de clientes, reforzar las cifras de ventas y fortalecer su identidad de marca. En esencia, los puntos y recompensas de Yaymail WooCommerce surgen como la soluci\u00f3n definitiva para las empresas que buscan fomentar la lealtad inquebrantable y el compromiso incomparable dentro de su valor de clientes valorados.<\/p>\n<ul>\n<li>YayMail WooCommerce Puntos y Rewards es un complemento dise\u00f1ado espec\u00edficamente para las tiendas de WooCommerce.<\/li>\n<li>Permite a los propietarios de tiendas crear sus propios puntos y el programa de recompensas e incentivar a los clientes a realizar compras repetidas.<\/li>\n<li>Totalmente personalizable para que los propietarios de tiendas puedan establecer sus propios niveles de recompensas y redenci\u00f3n.<\/li>\n<li>Se integra a la perfecci\u00f3n con WooCommerce, lo que facilita la gesti\u00f3n de cuentas y transacciones de los clientes.<\/li>\n<li>Ofrece una gama de opciones de reembolso que incluyen descuentos, productos o env\u00edos gratuitos, y cr\u00e9dito de la tienda.<\/li>\n<li>Proporciona informaci\u00f3n detallada y an\u00e1lisis para monitorear el \u00e9xito del programa y tomar decisiones basadas en datos.<\/li>\n<li>Puede mejorar la lealtad del cliente y aumentar las ventas para los propietarios de tiendas de WooCommerce.<\/li>\n<li>Puede alentar a los clientes a participar m\u00e1s con la tienda y proporcionar comentarios valiosos para mejorar la experiencia de compra.<\/li>\n<\/ul>\n","protected":false},"excerpt":{"rendered":"<p>Yaymail WooCommerce Puntos y recompensas sirve como un complemento muy efectivo que tiene como objetivo mejorar la participaci\u00f3n del cliente y cultivar la lealtad dentro de su tienda WooCommerce. A trav\u00e9s de la utilizaci\u00f3n de este complemento, posee la capacidad de construir un sistema y recompensas de puntos extremadamente robustos e influyentes, lo que motiva efectivamente a los clientes a participar en compras y participar activamente con su estimada marca. Al participar en diversas acciones, como registrarse, proporcionar revisiones estimulantes y participar en transacciones, a los clientes se les otorga la oportunidad de acumular puntos que posteriormente se pueden canjear a cambio de descuentos atractivos o incluso mercanc\u00edas complementarias. Adem\u00e1s, es importante tener en cuenta que este complemento se integra perfectamente con Yaymail, lo que le permite entregar h\u00e1bilmente correos electr\u00f3nicos altamente espec\u00edficos a los clientes, que se adaptan a su estado de recompensas \u00fanicas. En consecuencia, la implementaci\u00f3n de los puntos y recompensas de WooCommerce de Yaymail proporciona a su clientela un incentivo atractivo para volver constantemente a su estimado establecimiento.<\/p>\n","protected":false},"featured_media":168789,"comment_status":"open","ping_status":"open","template":"","meta":[],"product_brand":[2651],"product_cat":[1207,1248,1206],"product_tag":[2278],"class_list":{"0":"post-137358","1":"product","2":"type-product","3":"status-publish","4":"has-post-thumbnail","6":"product_brand-yaycommerce","7":"product_cat-comercio-electronico-plugins","8":"product_cat-personalizacion-comercio-electronico-plugins","9":"product_cat-plugins","10":"product_tag-yaycommerce","11":"member-discount","12":"discount-restricted","14":"first","15":"instock","16":"sale","17":"downloadable","18":"virtual","19":"sold-individually","20":"purchasable","21":"product-type-simple"},"_links":{"self":[{"href":"https:\/\/gpl-love.com\/es\/wp-json\/wp\/v2\/product\/137358","targetHints":{"allow":["GET"]}}],"collection":[{"href":"https:\/\/gpl-love.com\/es\/wp-json\/wp\/v2\/product"}],"about":[{"href":"https:\/\/gpl-love.com\/es\/wp-json\/wp\/v2\/types\/product"}],"replies":[{"embeddable":true,"href":"https:\/\/gpl-love.com\/es\/wp-json\/wp\/v2\/comments?post=137358"}],"wp:featuredmedia":[{"embeddable":true,"href":"https:\/\/gpl-love.com\/es\/wp-json\/wp\/v2\/media\/168789"}],"wp:attachment":[{"href":"https:\/\/gpl-love.com\/es\/wp-json\/wp\/v2\/media?parent=137358"}],"wp:term":[{"taxonomy":"product_brand","embeddable":true,"href":"https:\/\/gpl-love.com\/es\/wp-json\/wp\/v2\/product_brand?post=137358"},{"taxonomy":"product_cat","embeddable":true,"href":"https:\/\/gpl-love.com\/es\/wp-json\/wp\/v2\/product_cat?post=137358"},{"taxonomy":"product_tag","embeddable":true,"href":"https:\/\/gpl-love.com\/es\/wp-json\/wp\/v2\/product_tag?post=137358"}],"curies":[{"name":"wp","href":"https:\/\/api.w.org\/{rel}","templated":true}]}}