{"id":137356,"date":"2025-06-05T00:00:00","date_gmt":"2025-06-05T05:00:00","guid":{"rendered":"https:\/\/gpl-love.com\/es\/producto\/yaymail-b2b-y-wholesale-suite\/"},"modified":"2026-03-09T08:37:25","modified_gmt":"2026-03-09T13:37:25","slug":"yaymail-b2b-y-wholesale-suite","status":"publish","type":"product","link":"https:\/\/gpl-love.com\/es\/producto\/yaymail-b2b-y-wholesale-suite\/","title":{"rendered":"YayMail B2B y Wholesale Suite 4.0"},"content":{"rendered":"<h3>YayMail B2B y Wholesale Suite Caracteristicas<\/h3>\n<p>YayMail B2B y Wholesale Suite es una soluci\u00f3n extensa que se ha desarrollado espec\u00edficamente para mejorar y optimizar la gesti\u00f3n de los procedimientos de ventas mayoristas y B2B. Esta suite integral abarca una amplia gama de caracter\u00edsticas, que incluyen, entre otros, el procesamiento de pedidos automatizado, la gesti\u00f3n de los niveles de precios, la creaci\u00f3n de cat\u00e1logos personalizados y muchas otras funcionalidades valiosas, todas las cuales contribuyen colectivamente a facilitar un proceso de ventas m\u00e1s eficiente y efectivo. Adem\u00e1s, la suite cuenta con la notable capacidad de integrarse perfectamente con varias plataformas prominentes y ampliamente utilizadas como Shopify, WooCommerce y BigCommerce, lo que hace que Yaymail B2B y la suite mayorista sea una opci\u00f3n incre\u00edblemente flexible que atiende a las empresas de magnitudes variables. La interfaz f\u00e1cil de usar de la suite, combinada con su arsenal de herramientas poderosas, simplifica a\u00fan m\u00e1s la tarea de administrar pedidos, clientes y precios, lo que permite a las empresas priorizar y dedicar sus esfuerzos hacia el aumento de sus cifras de ventas y el crecimiento general de los ingresos.<\/p>\n<ul>\n<li>B2B integral y suite mayorista adaptada para satisfacer las necesidades de las empresas de todos los tama\u00f1os<\/li>\n<li>Herramientas de comunicaci\u00f3n mejoradas para interacciones simplificadas con el cliente y gesti\u00f3n de facturas<\/li>\n<li>Capacidades avanzadas de gesti\u00f3n de precios y descuento para atender a diferentes grupos de clientes<\/li>\n<li>Escaparates personalizables con precios personalizados y opciones de dise\u00f1o de marca<\/li>\n<li>Gesti\u00f3n de pedidos y inventario simplificados con cat\u00e1logos centralizados y sincronizaci\u00f3n en tiempo real<\/li>\n<li>Integraci\u00f3n de ventas multicanal con soporte para plataformas de comercio electr\u00f3nico populares y mercados<\/li>\n<li>Informes s\u00f3lidos y herramientas de an\u00e1lisis para informaci\u00f3n sobre el rendimiento de las ventas y el comportamiento del cliente<\/li>\n<li>Planes de precios escalables y flexibles para satisfacer las necesidades en evoluci\u00f3n de las empresas a lo largo del tiempo<\/li>\n<\/ul>\n","protected":false},"excerpt":{"rendered":"<p>Yaymail B2B y Wholesale Suite es una soluci\u00f3n extensa y extensa meticulosamente elaborada para atender los requisitos de las empresas y mayoristas que tienen como objetivo optimizar y mejorar sus campa\u00f1as de marketing por correo electr\u00f3nico. Equipado con caracter\u00edsticas de vanguardia como env\u00edo de correo electr\u00f3nico a granel, plantillas personalizables y flujos de trabajo automatizados, Yaymail supera las expectativas al simplificar el proceso de conexi\u00f3n con los clientes y aumentar las conversiones. Adem\u00e1s, esta suite cuenta con potentes herramientas de an\u00e1lisis que facilitan el monitoreo del rendimiento de la campa\u00f1a y la formulaci\u00f3n de decisiones bien informadas basadas en ideas basadas en datos. Independientemente de su escala comercial, ya sea un esfuerzo modesto o una empresa en expansi\u00f3n, Yaymail proporciona una suite integral que lo equipa con todas las herramientas y recursos necesarios para impulsar sus esfuerzos de marketing por correo electr\u00f3nico a alturas sin precedentes.<\/p>\n","protected":false},"featured_media":168787,"comment_status":"open","ping_status":"open","template":"","meta":[],"product_brand":[2651],"product_cat":[1207,1248,1206],"product_tag":[2278],"class_list":{"0":"post-137356","1":"product","2":"type-product","3":"status-publish","4":"has-post-thumbnail","6":"product_brand-yaycommerce","7":"product_cat-comercio-electronico-plugins","8":"product_cat-personalizacion-comercio-electronico-plugins","9":"product_cat-plugins","10":"product_tag-yaycommerce","11":"member-discount","12":"discount-restricted","14":"first","15":"instock","16":"sale","17":"downloadable","18":"virtual","19":"sold-individually","20":"purchasable","21":"product-type-simple"},"_links":{"self":[{"href":"https:\/\/gpl-love.com\/es\/wp-json\/wp\/v2\/product\/137356","targetHints":{"allow":["GET"]}}],"collection":[{"href":"https:\/\/gpl-love.com\/es\/wp-json\/wp\/v2\/product"}],"about":[{"href":"https:\/\/gpl-love.com\/es\/wp-json\/wp\/v2\/types\/product"}],"replies":[{"embeddable":true,"href":"https:\/\/gpl-love.com\/es\/wp-json\/wp\/v2\/comments?post=137356"}],"wp:featuredmedia":[{"embeddable":true,"href":"https:\/\/gpl-love.com\/es\/wp-json\/wp\/v2\/media\/168787"}],"wp:attachment":[{"href":"https:\/\/gpl-love.com\/es\/wp-json\/wp\/v2\/media?parent=137356"}],"wp:term":[{"taxonomy":"product_brand","embeddable":true,"href":"https:\/\/gpl-love.com\/es\/wp-json\/wp\/v2\/product_brand?post=137356"},{"taxonomy":"product_cat","embeddable":true,"href":"https:\/\/gpl-love.com\/es\/wp-json\/wp\/v2\/product_cat?post=137356"},{"taxonomy":"product_tag","embeddable":true,"href":"https:\/\/gpl-love.com\/es\/wp-json\/wp\/v2\/product_tag?post=137356"}],"curies":[{"name":"wp","href":"https:\/\/api.w.org\/{rel}","templated":true}]}}