{"id":137355,"date":"2025-06-05T00:00:00","date_gmt":"2025-06-05T05:00:00","guid":{"rendered":"https:\/\/gpl-love.com\/es\/producto\/yaymail-back-in-stock-notifications\/"},"modified":"2026-03-09T08:37:24","modified_gmt":"2026-03-09T13:37:24","slug":"yaymail-back-in-stock-notifications","status":"publish","type":"product","link":"https:\/\/gpl-love.com\/es\/producto\/yaymail-back-in-stock-notifications\/","title":{"rendered":"YayMail Back in Stock Notifications 4.0"},"content":{"rendered":"<h3>YayMail Back in Stock Notifications Caracteristicas<\/h3>\n<p>Yaymail vuelve a las notificaciones de acciones, una herramienta robusta, demuestra ser muy ventajoso para facilitar el seguimiento de sus productos preferidos y garantizar que se le notifique r\u00e1pidamente sobre su disponibilidad. Este notable producto est\u00e1 dise\u00f1ado para ayudarlo sin esfuerzo y sin problemas para permanecer bien informado sobre los art\u00edculos que desea adquirir, ahorrando significativamente su valioso tiempo y minimizando cualquier posible frustraci\u00f3n. Al emplear los servicios de Yaymail, puede establecer sin esfuerzo notificaciones para productos que actualmente est\u00e1n agotados o no est\u00e1n disponibles, y en consecuencia, se alertar\u00e1 de inmediato una vez que estos productos sean accesibles una vez m\u00e1s. Esta caracter\u00edstica notable es particularmente ideal para las personas que participan en las compras en l\u00ednea, que buscan permanecer actualizadas con los \u00faltimos desarrollos de productos al tiempo que garantizan su adquisici\u00f3n expedita de sus art\u00edculos m\u00e1s apreciados. En esencia, Yaymail de nuevo en las notificaciones de existencias representa una herramienta indispensable para los compradores en l\u00ednea que est\u00e1n decididos a mantener una ventaja competitiva y nunca m\u00e1s soportar la decepci\u00f3n de perderse sus productos m\u00e1s apreciados.<\/p>\n<ul>\n<li>Recibir notificaciones cuando un producto vuelve a estar en stock<\/li>\n<li>F\u00e1cil de instalar y configurar<\/li>\n<li>Admite m\u00faltiples direcciones de correo electr\u00f3nico<\/li>\n<li>Personalizar mensajes de notificaci\u00f3n<\/li>\n<li>Compatible con la mayor\u00eda de las plataformas de comercio electr\u00f3nico<\/li>\n<li>Monitorear m\u00faltiples productos simult\u00e1neamente<\/li>\n<li>Mejorar la satisfacci\u00f3n del cliente al proporcionar actualizaciones oportunas<\/li>\n<li>Aumentar las ventas alertando a los clientes potenciales de los productos reabastecidos<\/li>\n<li>Soluci\u00f3n rentable en comparaci\u00f3n con otros sistemas de gesti\u00f3n de inventario<\/li>\n<li>Actualizaciones en tiempo real para informaci\u00f3n precisa sobre acciones<\/li>\n<\/ul>\n","protected":false},"excerpt":{"rendered":"<p>Yaymail vuelve a las notificaciones de acciones, una herramienta muy potente, sirve como un medio para que los clientes permanezcan bien informados con respecto a la disponibilidad de productos m\u00e1s actualizada. Tras el reingreso de un producto tan esperado en el \u00e1mbito de las acciones, los clientes reciben r\u00e1pidamente una notificaci\u00f3n por correo electr\u00f3nico, facilitando as\u00ed su r\u00e1pida y sin esfuerzo adquisici\u00f3n de dicho producto. Este sistema opera de una manera totalmente automatizada, lo que brinda a las empresas la oportunidad de economizar tanto el tiempo como los recursos, al tiempo que ofrece simult\u00e1neamente un servicio incomparable a su estimada clientela. La utilizaci\u00f3n de YayMail en las notificaciones de existencias otorga el potencial para aumentar sin esfuerzo las cifras de ventas y reforzar la satisfacci\u00f3n del cliente, todo el tiempo racionalizar los procesos operativos.<\/p>\n","protected":false},"featured_media":168786,"comment_status":"open","ping_status":"open","template":"","meta":[],"product_brand":[2651],"product_cat":[1207,1248,1206],"product_tag":[2278],"class_list":{"0":"post-137355","1":"product","2":"type-product","3":"status-publish","4":"has-post-thumbnail","6":"product_brand-yaycommerce","7":"product_cat-comercio-electronico-plugins","8":"product_cat-personalizacion-comercio-electronico-plugins","9":"product_cat-plugins","10":"product_tag-yaycommerce","11":"member-discount","12":"discount-restricted","14":"first","15":"instock","16":"sale","17":"downloadable","18":"virtual","19":"sold-individually","20":"purchasable","21":"product-type-simple"},"_links":{"self":[{"href":"https:\/\/gpl-love.com\/es\/wp-json\/wp\/v2\/product\/137355","targetHints":{"allow":["GET"]}}],"collection":[{"href":"https:\/\/gpl-love.com\/es\/wp-json\/wp\/v2\/product"}],"about":[{"href":"https:\/\/gpl-love.com\/es\/wp-json\/wp\/v2\/types\/product"}],"replies":[{"embeddable":true,"href":"https:\/\/gpl-love.com\/es\/wp-json\/wp\/v2\/comments?post=137355"}],"wp:featuredmedia":[{"embeddable":true,"href":"https:\/\/gpl-love.com\/es\/wp-json\/wp\/v2\/media\/168786"}],"wp:attachment":[{"href":"https:\/\/gpl-love.com\/es\/wp-json\/wp\/v2\/media?parent=137355"}],"wp:term":[{"taxonomy":"product_brand","embeddable":true,"href":"https:\/\/gpl-love.com\/es\/wp-json\/wp\/v2\/product_brand?post=137355"},{"taxonomy":"product_cat","embeddable":true,"href":"https:\/\/gpl-love.com\/es\/wp-json\/wp\/v2\/product_cat?post=137355"},{"taxonomy":"product_tag","embeddable":true,"href":"https:\/\/gpl-love.com\/es\/wp-json\/wp\/v2\/product_tag?post=137355"}],"curies":[{"name":"wp","href":"https:\/\/api.w.org\/{rel}","templated":true}]}}