{"id":137353,"date":"2025-06-05T00:00:00","date_gmt":"2025-06-05T05:00:00","guid":{"rendered":"https:\/\/gpl-love.com\/es\/producto\/yaymail-woocommerce-stripe-gateway\/"},"modified":"2026-03-09T08:37:21","modified_gmt":"2026-03-09T13:37:21","slug":"yaymail-woocommerce-stripe-gateway","status":"publish","type":"product","link":"https:\/\/gpl-love.com\/es\/producto\/yaymail-woocommerce-stripe-gateway\/","title":{"rendered":"YayMail WooCommerce Stripe Gateway 4.0"},"content":{"rendered":"<h3>YayMail WooCommerce Stripe Gateway Caracteristicas<\/h3>\n<p>La puerta de enlace Stripe de YayMail WooCommerce, una herramienta robusta y eficiente, ha sido dise\u00f1ada espec\u00edficamente para mejorar y optimizar el sistema de procesamiento de pagos de una tienda en l\u00ednea, lo que lo convierte en un activo indispensable en el \u00e1mbito del comercio electr\u00f3nico. Al integrar sin problemas la conocida plataforma de WooCommerce con la pasarela segura y confiable de pago de rayos, esta puerta de entrada facilita la finalizaci\u00f3n r\u00e1pida y sin esfuerzo de los pagos por parte de los clientes. Lo que distingue a esta puerta de enlace es su incorporaci\u00f3n de mecanismos avanzados para detectar y prevenir actividades fraudulentas, asegurando que todas las transacciones realizadas no solo sean seguras sino tambi\u00e9n confiables. Adem\u00e1s, la puerta de entrada de Stripe de WooCommerce de Yaymail va un paso m\u00e1s all\u00e1 al ofrecer caracter\u00edsticas completas de informes y an\u00e1lisis que proporcionan a los propietarios de tiendas informaci\u00f3n valiosa sobre el rendimiento de su negocio. En esencia, esta puerta de enlace es una herramienta indispensable para cualquier tienda en l\u00ednea que busque optimizar su sistema de procesamiento de pagos y proporcionar a los clientes una experiencia de compra sin problemas y sin problemas.<\/p>\n<ul>\n<li>Integra sin problemas WooCommerce y Stripe Pague Guerdway<\/li>\n<li>Permite un f\u00e1cil procesamiento de pagos para clientes con tarjetas de cr\u00e9dito\/d\u00e9bito o billeteras m\u00f3viles<\/li>\n<li>Mejora la seguridad con el cifrado SSL para todas las transacciones<\/li>\n<li>Ofrece formularios y campos de pago personalizables para una experiencia de pago personalizada<\/li>\n<li>Proporciona informes y an\u00e1lisis detallados para que los comerciantes rastreen las ventas y las tendencias<\/li>\n<li>Compatible con m\u00faltiples monedas y m\u00e9todos de pago<\/li>\n<li>Ofrece documentaci\u00f3n f\u00e1cil de usar y soporte para una f\u00e1cil instalaci\u00f3n y soluci\u00f3n de problemas<\/li>\n<li>Actualizado regularmente con nuevas funciones y correcciones de errores para un rendimiento \u00f3ptimo<\/li>\n<\/ul>\n","protected":false},"excerpt":{"rendered":"<p>Yaymail WooCommerce Stripe Gateway, un instrumento robusto y formidable, ha sido dise\u00f1ado espec\u00edficamente para empresas en l\u00ednea que dependen de WooCommerce como su eminente plataforma de comercio electr\u00f3nico. Fusionando impecablemente con Stripe, un servicio de procesamiento de pagos en l\u00ednea altamente confiable y respetado, este complemento proporciona capacidades de procesamiento de pagos acelerados y fortificados para atender a su estimada clientela. Sorprendentemente, esta puerta de enlace optimiza el procedimiento de pago a trav\u00e9s de una variedad de caracter\u00edsticas notables, incluidas, entre otros, la provisi\u00f3n para m\u00faltiples monedas, actualizaciones de pagos instant\u00e1neas y p\u00e1ginas de pago personalizables. En consecuencia, esta puerta de enlace no solo simplifica el proceso de pago, sino que tambi\u00e9n garantiza un procesamiento de pagos expedito y preciso. Al aprovechar las notables capacidades de la puerta de enlace de Stripe de Yaymail WooCommerce, puede dotar a sus valiosos clientes con una experiencia de compra incomparable, sin fricci\u00f3n y sin problemas, estimulando as\u00ed un aumento en sus ventas en l\u00ednea y fomentando la r\u00e1pida expansi\u00f3n de su enterprise estimada.<\/p>\n","protected":false},"featured_media":168783,"comment_status":"open","ping_status":"open","template":"","meta":[],"product_brand":[2651],"product_cat":[1207,1248,1206],"product_tag":[2278],"class_list":{"0":"post-137353","1":"product","2":"type-product","3":"status-publish","4":"has-post-thumbnail","6":"product_brand-yaycommerce","7":"product_cat-comercio-electronico-plugins","8":"product_cat-personalizacion-comercio-electronico-plugins","9":"product_cat-plugins","10":"product_tag-yaycommerce","11":"member-discount","12":"discount-restricted","14":"first","15":"instock","16":"sale","17":"downloadable","18":"virtual","19":"sold-individually","20":"purchasable","21":"product-type-simple"},"_links":{"self":[{"href":"https:\/\/gpl-love.com\/es\/wp-json\/wp\/v2\/product\/137353","targetHints":{"allow":["GET"]}}],"collection":[{"href":"https:\/\/gpl-love.com\/es\/wp-json\/wp\/v2\/product"}],"about":[{"href":"https:\/\/gpl-love.com\/es\/wp-json\/wp\/v2\/types\/product"}],"replies":[{"embeddable":true,"href":"https:\/\/gpl-love.com\/es\/wp-json\/wp\/v2\/comments?post=137353"}],"wp:featuredmedia":[{"embeddable":true,"href":"https:\/\/gpl-love.com\/es\/wp-json\/wp\/v2\/media\/168783"}],"wp:attachment":[{"href":"https:\/\/gpl-love.com\/es\/wp-json\/wp\/v2\/media?parent=137353"}],"wp:term":[{"taxonomy":"product_brand","embeddable":true,"href":"https:\/\/gpl-love.com\/es\/wp-json\/wp\/v2\/product_brand?post=137353"},{"taxonomy":"product_cat","embeddable":true,"href":"https:\/\/gpl-love.com\/es\/wp-json\/wp\/v2\/product_cat?post=137353"},{"taxonomy":"product_tag","embeddable":true,"href":"https:\/\/gpl-love.com\/es\/wp-json\/wp\/v2\/product_tag?post=137353"}],"curies":[{"name":"wp","href":"https:\/\/api.w.org\/{rel}","templated":true}]}}