{"id":137352,"date":"2025-06-05T00:00:00","date_gmt":"2025-06-05T05:00:00","guid":{"rendered":"https:\/\/gpl-love.com\/es\/producto\/yaymail-yith-multi-vendor\/"},"modified":"2026-03-09T08:37:20","modified_gmt":"2026-03-09T13:37:20","slug":"yaymail-yith-multi-vendor","status":"publish","type":"product","link":"https:\/\/gpl-love.com\/es\/producto\/yaymail-yith-multi-vendor\/","title":{"rendered":"YayMail Yith Multi Vendor 4.0"},"content":{"rendered":"<h3>YayMail Yith Multi Vendor Caracteristicas<\/h3>\n<p>YayMail Yith Multi proveedor es una herramienta excepcionalmente robusta y potente que agiliza en gran medida y simplifica el proceso intrincado y complicado de administrar m\u00faltiples proveedores en su estimado y estimado sitio web de comercio electr\u00f3nico. Al emplear y utilizar este software innovador e innovador, se le otorga la habilidad notable e incomparable para engendrar y facilitar una experiencia sin problemas y unificados no solo para sus estimados proveedores sino tambi\u00e9n para sus estimados clientes. La interfaz notablemente f\u00e1cil de usar y altamente intuitiva, que es un componente integral e indispensable de este software, empodera y permite a los proveedores administrar y supervisar sin esfuerzo y supervisar su amplia gama de productos, pedidos e informaci\u00f3n de env\u00edo. Simult\u00e1neamente, sus estimados clientes se otorgan la notable oportunidad de leer y adquirir una amplia y diversa variedad de art\u00edculos de un repertorio extenso de vendedores, todo conveniente y sin problemas dentro de una plataforma singular y f\u00e1cil de navegar. En virtud de sus caracter\u00edsticas excepcionales y sobresalientes, como la capacidad de personalizar y adaptar meticulosamente los escaparates de proveedores, administrar y administrar h\u00e1bilmente las comisiones, y examinar y analizar las revisiones de productos, yaymail y m\u00faltiples proveedores emerge como la soluci\u00f3n consumada y quintaessencial para cualquier negocio que alberga. Un ferviente deseo de expandir y amplificar su estimado y estimado mercado en l\u00ednea a alturas y niveles sin precedentes.<\/p>\n<ul>\n<li>YayMail Yith Multi Vendor es una poderosa soluci\u00f3n de marketing por correo electr\u00f3nico dise\u00f1ada espec\u00edficamente para los mercados de m\u00faltiples proveedores.<\/li>\n<li>Con esta herramienta, podr\u00e1 crear y enviar correos electr\u00f3nicos personalizados a sus proveedores, clientes y prospectos, lo que le permite construir relaciones y aumentar las ventas.<\/li>\n<li>La interfaz intuitiva y el dise\u00f1o personalizable de la plataforma hacen que sea f\u00e1cil crear correos electr\u00f3nicos impresionantes que coincidan con la apariencia de su marca, sin la necesidad de habilidades de codificaci\u00f3n.<\/li>\n<li>Una de las caracter\u00edsticas sobresalientes de Yaymail y Multi Vendor es sus capacidades de automatizaci\u00f3n. Puede configurar campa\u00f1as automatizadas que activen seg\u00fan los comportamientos del cliente, como carros abandonados o historial de compras, ahorr\u00e1ndole tiempo y aumentando el compromiso.<\/li>\n<li>La plataforma tambi\u00e9n se integra a la perfecci\u00f3n con las populares plataformas de comercio electr\u00f3nico como WooCommerce, lo que facilita la importaci\u00f3n de listados de productos y rastrea las m\u00e9tricas de ventas directamente en Yaymail.<\/li>\n<li>Adem\u00e1s, Yaymail Yith Multi Vendor incluye caracter\u00edsticas avanzadas de informes que lo ayudan a comprender el rendimiento de su correo electr\u00f3nico y optimizar sus campa\u00f1as para obtener mejores resultados.<\/li>\n<li>La plataforma ofrece diferentes planes de precios adaptados a las necesidades de las peque\u00f1as empresas y las empresas de nivel empresarial, con tarifas asequibles y opciones de facturaci\u00f3n flexibles.<\/li>\n<li>Con YayMail con m\u00faltiples proveedores, tendr\u00e1 todas las herramientas que necesita para mejorar su estrategia de marketing de comercio electr\u00f3nico, aumentar sus ingresos y construir relaciones duraderas de los clientes.<\/li>\n<\/ul>\n","protected":false},"excerpt":{"rendered":"<p>Yaymail Yith Multi Vendor es una soluci\u00f3n de correo electr\u00f3nico que abarca todo, dise\u00f1ada meticulosamente para integrarse sin problemas con la estimada plataforma de m\u00faltiples proveedores. Exhibiendo su gran potencia, esta herramienta excepcional otorga a los proveedores a la administraci\u00f3n sin esfuerzo de sus correos electr\u00f3nicos, que abarca plantillas, campa\u00f1as y una variedad de otras caracter\u00edsticas, todos amalgamados armoniosamente para amplificar sus ventas y retener diligentemente la participaci\u00f3n del cliente. Al aprovechar las notables capacidades de Yaymail con m\u00faltiples proveedores, los proveedores pueden automatizar juiciosamente sus esfuerzos de marketing y comunicaci\u00f3n, economizando as\u00ed su valioso tiempo y aumentando considerablemente sus flujos de ingresos. En consecuencia, esta ilustre herramienta surge como la panacea por excelencia para cualquier mercado en l\u00ednea que anhela fomentar una comunicaci\u00f3n efectiva entre los proveedores y su estimada clientela, cultivando simult\u00e1neamente la lealtad de la marca y garantizando la m\u00e1xima satisfacci\u00f3n del cliente.<\/p>\n","protected":false},"featured_media":168782,"comment_status":"open","ping_status":"open","template":"","meta":[],"product_brand":[2651],"product_cat":[1207,1248,1206],"product_tag":[2278],"class_list":{"0":"post-137352","1":"product","2":"type-product","3":"status-publish","4":"has-post-thumbnail","6":"product_brand-yaycommerce","7":"product_cat-comercio-electronico-plugins","8":"product_cat-personalizacion-comercio-electronico-plugins","9":"product_cat-plugins","10":"product_tag-yaycommerce","11":"member-discount","12":"discount-restricted","14":"first","15":"instock","16":"sale","17":"downloadable","18":"virtual","19":"sold-individually","20":"purchasable","21":"product-type-simple"},"_links":{"self":[{"href":"https:\/\/gpl-love.com\/es\/wp-json\/wp\/v2\/product\/137352","targetHints":{"allow":["GET"]}}],"collection":[{"href":"https:\/\/gpl-love.com\/es\/wp-json\/wp\/v2\/product"}],"about":[{"href":"https:\/\/gpl-love.com\/es\/wp-json\/wp\/v2\/types\/product"}],"replies":[{"embeddable":true,"href":"https:\/\/gpl-love.com\/es\/wp-json\/wp\/v2\/comments?post=137352"}],"wp:featuredmedia":[{"embeddable":true,"href":"https:\/\/gpl-love.com\/es\/wp-json\/wp\/v2\/media\/168782"}],"wp:attachment":[{"href":"https:\/\/gpl-love.com\/es\/wp-json\/wp\/v2\/media?parent=137352"}],"wp:term":[{"taxonomy":"product_brand","embeddable":true,"href":"https:\/\/gpl-love.com\/es\/wp-json\/wp\/v2\/product_brand?post=137352"},{"taxonomy":"product_cat","embeddable":true,"href":"https:\/\/gpl-love.com\/es\/wp-json\/wp\/v2\/product_cat?post=137352"},{"taxonomy":"product_tag","embeddable":true,"href":"https:\/\/gpl-love.com\/es\/wp-json\/wp\/v2\/product_tag?post=137352"}],"curies":[{"name":"wp","href":"https:\/\/api.w.org\/{rel}","templated":true}]}}