{"id":137351,"date":"2025-06-05T00:00:00","date_gmt":"2025-06-05T05:00:00","guid":{"rendered":"https:\/\/gpl-love.com\/es\/producto\/yaymail-woocommerce-trackship\/"},"modified":"2026-03-09T08:37:19","modified_gmt":"2026-03-09T13:37:19","slug":"yaymail-woocommerce-trackship","status":"publish","type":"product","link":"https:\/\/gpl-love.com\/es\/producto\/yaymail-woocommerce-trackship\/","title":{"rendered":"YayMail WooCommerce TrackShip 4.0.1"},"content":{"rendered":"<h3>YayMail WooCommerce TrackShip Caracteristicas<\/h3>\n<p>La rastreo de Yaymail WooCommerce cuenta con una impresionante variedad de funcionalidades que se adaptan espec\u00edficamente a satisfacer las necesidades de los propietarios de las tiendas de WooCommerce, lo que les permite racionalizar sin esfuerzo y simplificar la tarea engorrosa de rastrear los env\u00edos. Esta notable herramienta faculta a los usuarios para monitorear sin esfuerzo el progreso de sus env\u00edos, administrar eficientemente su sistema de gesti\u00f3n de pedidos y mantener sin esfuerzo a su valiosa clientela en el bucle con respecto al estado de sus pedidos. La amplia gama de caracter\u00edsticas ofrecidas por esta herramienta, que incluye, entre otros, el seguimiento en tiempo real, las notificaciones de correo electr\u00f3nico y las actualizaciones de seguimiento automatizadas, sirven como un testimonio de su poder y eficacia. Adem\u00e1s, gracias a su interfaz intuitiva y f\u00e1cil de usar, incluso las personas con m\u00e1s problemas tecnol\u00f3gicos pueden navegar y utilizar esta herramienta con facilidad. Adem\u00e1s, la integraci\u00f3n perfecta de la seguimiento de Yaymail WooCommerce con las tiendas WooCommerce aumenta a\u00fan m\u00e1s a su atractivo y conveniencia. Al aprovechar las notables capacidades de la seguimiento de WooCommerce de Yaymail, las empresas pueden mejorar efectivamente sus procesos de env\u00edo, disminuir significativamente el volumen de consultas de los clientes y, en \u00faltima instancia, aumentar los niveles generales de satisfacci\u00f3n del cliente.<\/p>\n<ul>\n<li>Rastrear y administrar eficientemente sus env\u00edos de WooCommerce<\/li>\n<li>Obtenga actualizaciones en tiempo real sobre los estados de env\u00edo y las fechas de entrega<\/li>\n<li>Rastrear autom\u00e1ticamente los env\u00edos sin la necesidad de entrada manual<\/li>\n<li>Integraci\u00f3n con Yaymail para comunicaci\u00f3n por correo electr\u00f3nico sin problemas con los clientes<\/li>\n<li>Plantillas de correo electr\u00f3nico personalizables para notificaciones de env\u00edo<\/li>\n<li>Tablero centralizado para una f\u00e1cil gesti\u00f3n de todos sus env\u00edos<\/li>\n<li>Mejora la satisfacci\u00f3n del cliente a trav\u00e9s de la entrega y la comunicaci\u00f3n oportunas<\/li>\n<li>Ahorra tiempo y reduce los errores al automatizar el seguimiento y las notificaciones de env\u00edo<\/li>\n<li>Asequible y f\u00e1cil de configurar sin necesidad de codificaci\u00f3n<\/li>\n<\/ul>\n","protected":false},"excerpt":{"rendered":"<p>Aumente la eficiencia y efectividad del proceso de env\u00edo de su tienda en l\u00ednea utilizando las capacidades notables de la rastreo de WooCommerce de Yaymail. Esta herramienta excepcionalmente robusta le permite monitorear y rastrear sin esfuerzo el progreso de sus pedidos y env\u00edos, garantizando la entrega r\u00e1pida y puntual de sus productos a sus estimados clientes. Con sus actualizaciones en tiempo real de \u00faltima generaci\u00f3n y sus funcionalidades de seguimiento f\u00e1cil de usar, la rastreo de Yaymail WooCommerce sirve como un activo invaluable para facilitar la operaci\u00f3n perfecta de su negocio, al tiempo que garantiza la mayor satisfacci\u00f3n y satisfacci\u00f3n de su clientela. Vuelva a despedirme de los dilemas exasperantes asociados con el env\u00edo y bienvenida cordialmente la era de la productividad optimizada y la competencia simplificada con la asistencia incomparable proporcionada por la pista de WooCommerce de Yaymail.<\/p>\n","protected":false},"featured_media":168781,"comment_status":"open","ping_status":"open","template":"","meta":[],"product_brand":[2651],"product_cat":[1207,1248,1206],"product_tag":[2278],"class_list":{"0":"post-137351","1":"product","2":"type-product","3":"status-publish","4":"has-post-thumbnail","6":"product_brand-yaycommerce","7":"product_cat-comercio-electronico-plugins","8":"product_cat-personalizacion-comercio-electronico-plugins","9":"product_cat-plugins","10":"product_tag-yaycommerce","11":"member-discount","12":"discount-restricted","14":"first","15":"instock","16":"sale","17":"downloadable","18":"virtual","19":"sold-individually","20":"purchasable","21":"product-type-simple"},"_links":{"self":[{"href":"https:\/\/gpl-love.com\/es\/wp-json\/wp\/v2\/product\/137351","targetHints":{"allow":["GET"]}}],"collection":[{"href":"https:\/\/gpl-love.com\/es\/wp-json\/wp\/v2\/product"}],"about":[{"href":"https:\/\/gpl-love.com\/es\/wp-json\/wp\/v2\/types\/product"}],"replies":[{"embeddable":true,"href":"https:\/\/gpl-love.com\/es\/wp-json\/wp\/v2\/comments?post=137351"}],"wp:featuredmedia":[{"embeddable":true,"href":"https:\/\/gpl-love.com\/es\/wp-json\/wp\/v2\/media\/168781"}],"wp:attachment":[{"href":"https:\/\/gpl-love.com\/es\/wp-json\/wp\/v2\/media?parent=137351"}],"wp:term":[{"taxonomy":"product_brand","embeddable":true,"href":"https:\/\/gpl-love.com\/es\/wp-json\/wp\/v2\/product_brand?post=137351"},{"taxonomy":"product_cat","embeddable":true,"href":"https:\/\/gpl-love.com\/es\/wp-json\/wp\/v2\/product_cat?post=137351"},{"taxonomy":"product_tag","embeddable":true,"href":"https:\/\/gpl-love.com\/es\/wp-json\/wp\/v2\/product_tag?post=137351"}],"curies":[{"name":"wp","href":"https:\/\/api.w.org\/{rel}","templated":true}]}}