{"id":137350,"date":"2025-06-05T00:00:00","date_gmt":"2025-06-05T05:00:00","guid":{"rendered":"https:\/\/gpl-love.com\/es\/producto\/yaymail-woocommerce-simple-auction\/"},"modified":"2026-03-09T08:37:17","modified_gmt":"2026-03-09T13:37:17","slug":"yaymail-woocommerce-simple-auction","status":"publish","type":"product","link":"https:\/\/gpl-love.com\/es\/producto\/yaymail-woocommerce-simple-auction\/","title":{"rendered":"YayMail WooCommerce Simple Auction 4.0"},"content":{"rendered":"<h3>YayMail WooCommerce Simple Auction Caracteristicas<\/h3>\n<p>Yaymail WooCommerce Simple Subasta, un complemento excepcional, ofrece una soluci\u00f3n perfecta para la creaci\u00f3n y administraci\u00f3n de subastas en su sitio web. Este complemento le permite establecer subastas de manera r\u00e1pida y efectiva para sus productos, fomentando la participaci\u00f3n del cliente y la interacci\u00f3n con su marca. El complemento se integra sin problemas con WooCommerce, asimilando sin esfuerzo en su tienda de comercio electr\u00f3nico existente. Su interfaz f\u00e1cil de usar le permite personalizar y adaptar la configuraci\u00f3n de su subasta, incluida la duraci\u00f3n, la oferta m\u00ednima y el precio de reserva. Adem\u00e1s, puede monitorear sin esfuerzo la progresi\u00f3n de sus subastas y supervisar la gesti\u00f3n de los ganadores, por lo que es una herramienta notable para amplificar las ventas y generar ingresos sustanciales para su negocio. En resumen, la subasta simple de Yaymail WooCommerce es un complemento excepcional que satisface las necesidades de las personas que buscan incorporar subastas en su tienda de comercio electr\u00f3nico.<\/p>\n<ul>\n<li>Establezca f\u00e1cilmente subastas dentro de WooCommerce<\/li>\n<li>Totalmente integrado con YayMail para una comunicaci\u00f3n perfecta con los participantes de la subasta<\/li>\n<li>Recordatorios de subasta automatizados y notificaciones de ofertas enviadas a los participantes<\/li>\n<li>Actualizaciones y notificaciones de licitaci\u00f3n en tiempo real para administradores de subastas<\/li>\n<li>Panel de gesti\u00f3n de subastas simple e intuitiva<\/li>\n<li>Subastas y ofertas ilimitadas sin tarifas ocultas<\/li>\n<li>Aumentar la participaci\u00f3n del cliente y impulsar las ventas a trav\u00e9s de subastas<\/li>\n<li>Compatible con todos los principales temas y complementos de WordPress<\/li>\n<li>Documentaci\u00f3n integral y atenci\u00f3n al cliente proporcionada.<\/li>\n<\/ul>\n","protected":false},"excerpt":{"rendered":"<p>La subasta simple de YayMail WooCommerce es un complemento de subasta excepcionalmente robusto que se integra perfectamente con su tienda WooCommerce, proporcionando una experiencia perfecta y eficiente tanto para el vendedor como para los compradores. Este notable complemento le permite administrar y ejecutar subastas sin esfuerzo para su diversa gama de productos, otorgando as\u00ed a sus estimados clientes la oportunidad de participar en la oferta y, en \u00faltima instancia, emerger victorioso con sus art\u00edculos deseados, amplificando el compromiso general y la emoci\u00f3n de todo el proceso. El proceso de instalaci\u00f3n y personalizaci\u00f3n de este complemento es una caminata en el parque, lo que le permite adaptarlo para adaptarse a sus preferencias y requisitos individuales sin esfuerzo. Adem\u00e1s, la subasta simple de Yaymail WooCommerce abarca una amplia gama de caracter\u00edsticas muy ventajosas, incluidos, entre otros, incrementos de ofertas automatizadas, notificaciones integrales de ofertas y plantillas de subastas totalmente personalizables. Con las capacidades y funcionalidades incomparables de este complemento excepcional, tiene el potencial sin precedentes para elevar su negocio a alturas sin precedentes, aumentando simult\u00e1neamente la participaci\u00f3n del cliente y disparando sus cifras de ventas a niveles sin precedentes.<\/p>\n","protected":false},"featured_media":168780,"comment_status":"open","ping_status":"open","template":"","meta":[],"product_brand":[2651],"product_cat":[1207,1248,1206],"product_tag":[2278],"class_list":{"0":"post-137350","1":"product","2":"type-product","3":"status-publish","4":"has-post-thumbnail","6":"product_brand-yaycommerce","7":"product_cat-comercio-electronico-plugins","8":"product_cat-personalizacion-comercio-electronico-plugins","9":"product_cat-plugins","10":"product_tag-yaycommerce","11":"member-discount","12":"discount-restricted","14":"first","15":"instock","16":"sale","17":"downloadable","18":"virtual","19":"sold-individually","20":"purchasable","21":"product-type-simple"},"_links":{"self":[{"href":"https:\/\/gpl-love.com\/es\/wp-json\/wp\/v2\/product\/137350","targetHints":{"allow":["GET"]}}],"collection":[{"href":"https:\/\/gpl-love.com\/es\/wp-json\/wp\/v2\/product"}],"about":[{"href":"https:\/\/gpl-love.com\/es\/wp-json\/wp\/v2\/types\/product"}],"replies":[{"embeddable":true,"href":"https:\/\/gpl-love.com\/es\/wp-json\/wp\/v2\/comments?post=137350"}],"wp:featuredmedia":[{"embeddable":true,"href":"https:\/\/gpl-love.com\/es\/wp-json\/wp\/v2\/media\/168780"}],"wp:attachment":[{"href":"https:\/\/gpl-love.com\/es\/wp-json\/wp\/v2\/media?parent=137350"}],"wp:term":[{"taxonomy":"product_brand","embeddable":true,"href":"https:\/\/gpl-love.com\/es\/wp-json\/wp\/v2\/product_brand?post=137350"},{"taxonomy":"product_cat","embeddable":true,"href":"https:\/\/gpl-love.com\/es\/wp-json\/wp\/v2\/product_cat?post=137350"},{"taxonomy":"product_tag","embeddable":true,"href":"https:\/\/gpl-love.com\/es\/wp-json\/wp\/v2\/product_tag?post=137350"}],"curies":[{"name":"wp","href":"https:\/\/api.w.org\/{rel}","templated":true}]}}