{"id":137348,"date":"2025-06-05T00:00:00","date_gmt":"2025-06-05T05:00:00","guid":{"rendered":"https:\/\/gpl-love.com\/es\/producto\/yaymail-sumo-subscritption\/"},"modified":"2026-03-09T08:37:15","modified_gmt":"2026-03-09T13:37:15","slug":"yaymail-sumo-subscritption","status":"publish","type":"product","link":"https:\/\/gpl-love.com\/es\/producto\/yaymail-sumo-subscritption\/","title":{"rendered":"YayMail Sumo Subscritption 4.0"},"content":{"rendered":"<h3>YayMail Sumo Subscritption Caracteristicas<\/h3>\n<p>La suscripci\u00f3n SUMO de Yaymail, una herramienta de marketing por correo electr\u00f3nico incre\u00edblemente robusta y adaptable, sirve como un recurso vital para las empresas, independientemente de su tama\u00f1o, buscando optimizar sus campa\u00f1as de correo electr\u00f3nico y mejorar su retorno de la inversi\u00f3n. Con una variedad de caracter\u00edsticas impresionantes, incluida la segmentaci\u00f3n de listas, pruebas A\/B, automatizaci\u00f3n y an\u00e1lisis en tiempo real, la suscripci\u00f3n de sumo de Yaymail otorga a los usuarios la capacidad de crear campa\u00f1as de correo electr\u00f3nico personalizadas e impactantes que resuenen efectivamente con su audiencia prevista. Ya sea que su objetivo implique introducir un producto nuevo, promover una venta lucrativa o simplemente mantener la comunicaci\u00f3n con sus valiosos clientes, la suscripci\u00f3n de sumo yaymail posee todos los componentes esenciales necesarios para lograr un \u00e9xito incomparable. Entonces, \u00bfpor qu\u00e9 retrasar m\u00e1s? \u00a1Aproveche esta oportunidad hoy y comience a presenciar los resultados tangibles que ha imaginado durante mucho tiempo!<\/p>\n<ul>\n<li>Acceso ilimitado al servicio de suscripci\u00f3n SUMO de Yaymail<\/li>\n<li>Acceso a m\u00e1s de 100 plantillas de correo electr\u00f3nico personalizables y receptivas<\/li>\n<li>Caracter\u00edsticas avanzadas de dise\u00f1o de correo electr\u00f3nico, incluido el editor de arrastre y drop y editor de im\u00e1genes<\/li>\n<li>Capacidad para conectarse e integrarse con las principales plataformas de marketing por correo electr\u00f3nico<\/li>\n<li>Capacidades de automatizaci\u00f3n robustas para campa\u00f1as activadas y de goteo<\/li>\n<li>Funcionalidad de prueba A\/B para optimizar el rendimiento del correo electr\u00f3nico<\/li>\n<li>An\u00e1lisis avanzado e informes para medir y mejorar el \u00e9xito del marketing por correo electr\u00f3nico<\/li>\n<li>Apoyo prioritario y acceso a materiales y recursos de capacitaci\u00f3n exclusivos<\/li>\n<\/ul>\n","protected":false},"excerpt":{"rendered":"<p>Prep\u00e1rese para una mejora significativa en sus esfuerzos de marketing por correo electr\u00f3nico a medida que adopta la suscripci\u00f3n SUMO de Yaymail. Esta notable herramienta le permite revolucionar sus campa\u00f1as de correo electr\u00f3nico incorporando funcionalidades avanzadas como pruebas A\/B, seguimiento de participaci\u00f3n y segmentaci\u00f3n de cuentas. Adem\u00e1s, con el acceso exclusivo a la vasta colecci\u00f3n de plantillas validadas y orientaci\u00f3n experta de Yaymail, ahora puede crear mensajes de correo electr\u00f3nico visualmente atractivos y muy impactantes que resuenen profundamente con su estimada base de clientes. Por lo tanto, si posee la buena determinaci\u00f3n de expandir su negocio a trav\u00e9s del notable potencial del marketing por correo electr\u00f3nico, aproveche la oportunidad de experimentar la suscripci\u00f3n de Yaymail SUMO hoy.<\/p>\n","protected":false},"featured_media":168778,"comment_status":"open","ping_status":"open","template":"","meta":[],"product_brand":[2651],"product_cat":[1207,1248,1206],"product_tag":[2278],"class_list":{"0":"post-137348","1":"product","2":"type-product","3":"status-publish","4":"has-post-thumbnail","6":"product_brand-yaycommerce","7":"product_cat-comercio-electronico-plugins","8":"product_cat-personalizacion-comercio-electronico-plugins","9":"product_cat-plugins","10":"product_tag-yaycommerce","11":"member-discount","12":"discount-restricted","14":"first","15":"instock","16":"sale","17":"downloadable","18":"virtual","19":"sold-individually","20":"purchasable","21":"product-type-simple"},"_links":{"self":[{"href":"https:\/\/gpl-love.com\/es\/wp-json\/wp\/v2\/product\/137348","targetHints":{"allow":["GET"]}}],"collection":[{"href":"https:\/\/gpl-love.com\/es\/wp-json\/wp\/v2\/product"}],"about":[{"href":"https:\/\/gpl-love.com\/es\/wp-json\/wp\/v2\/types\/product"}],"replies":[{"embeddable":true,"href":"https:\/\/gpl-love.com\/es\/wp-json\/wp\/v2\/comments?post=137348"}],"wp:featuredmedia":[{"embeddable":true,"href":"https:\/\/gpl-love.com\/es\/wp-json\/wp\/v2\/media\/168778"}],"wp:attachment":[{"href":"https:\/\/gpl-love.com\/es\/wp-json\/wp\/v2\/media?parent=137348"}],"wp:term":[{"taxonomy":"product_brand","embeddable":true,"href":"https:\/\/gpl-love.com\/es\/wp-json\/wp\/v2\/product_brand?post=137348"},{"taxonomy":"product_cat","embeddable":true,"href":"https:\/\/gpl-love.com\/es\/wp-json\/wp\/v2\/product_cat?post=137348"},{"taxonomy":"product_tag","embeddable":true,"href":"https:\/\/gpl-love.com\/es\/wp-json\/wp\/v2\/product_tag?post=137348"}],"curies":[{"name":"wp","href":"https:\/\/api.w.org\/{rel}","templated":true}]}}