{"id":137347,"date":"2022-12-25T00:00:00","date_gmt":"2022-12-25T05:00:00","guid":{"rendered":"https:\/\/gpl-love.com\/es\/producto\/yaymail-woocommerce-deposits\/"},"modified":"2026-03-09T08:37:14","modified_gmt":"2026-03-09T13:37:14","slug":"yaymail-woocommerce-deposits","status":"publish","type":"product","link":"https:\/\/gpl-love.com\/es\/producto\/yaymail-woocommerce-deposits\/","title":{"rendered":"YayMail WooCommerce Deposits 1.5"},"content":{"rendered":"<h3>YayMail WooCommerce Deposits Caracteristicas<\/h3>\n<p>Los dep\u00f3sitos de Yaymail WooCommerce, una herramienta incre\u00edblemente robusta y eficiente, se ha creado meticulosamente para satisfacer las necesidades de los propietarios de las tiendas de WooCommerce, ayud\u00e1ndoles a aceptar dep\u00f3sitos para su amplia gama de productos. Este ingenioso complemento, YayMail WooCommerce Deposits, no solo simplifica el proceso de configuraci\u00f3n de alternativas de dep\u00f3sito para sus productos, sino que tambi\u00e9n otorga a sus clientes estimados la conveniencia de realizar un pago inicial, lo que les permite adquirir mercanc\u00edas de alto precio o servicios valiosos de alto precio. En \u00faltima instancia, esta herramienta excepcional garantiza un flujo de caja consistente y confiable para los esfuerzos de su negocio. Adem\u00e1s, los dep\u00f3sitos de Yaymail WooCommerce cuenta con una impresionante variedad de caracter\u00edsticas personalizables, que abarca la capacidad de definir los montos de dep\u00f3sito precisos, establecer plazos de dep\u00f3sitos e implementar pol\u00edticas de reembolso de dep\u00f3sitos. Si se encuentra en busca de un enfoque f\u00e1cil de usar y simplificado para administrar de manera efectiva los dep\u00f3sitos para su estimada tienda de WooCommerce, la soluci\u00f3n definitiva se encuentra dentro de las capacidades incomparables de los dep\u00f3sitos de Yaymail WooCommerce.<\/p>\n<ul>\n<li>Permite a los clientes colocar dep\u00f3sitos en productos dentro de WooCommerce<\/li>\n<li>Proporciona una opci\u00f3n de pago flexible para los clientes que pueden no tener el costo total de un producto por adelantado<\/li>\n<li>F\u00e1cil de configurar e integra perfectamente con la plataforma WooCommerce<\/li>\n<li>Rastrea y administra autom\u00e1ticamente dep\u00f3sitos y pagos dentro del sistema de pedidos de WooCommerce<\/li>\n<li>Opci\u00f3n para que los clientes realicen el pago completo despu\u00e9s de colocar un dep\u00f3sito o establezcan un plan de pago para el saldo restante<\/li>\n<li>Aumenta el potencial de ventas al hacer que los productos sean m\u00e1s accesibles para una gama m\u00e1s amplia de clientes.<\/li>\n<li>Compatible con la mayor\u00eda de las opciones de pasarela de pago aceptadas por WooCommerce<\/li>\n<li>Proporciona un proceso de pago suave y seguro para clientes y comerciantes.<\/li>\n<\/ul>\n","protected":false},"excerpt":{"rendered":"<p>Estamos encantados de presentar dep\u00f3sitos de WooCommerce de Yaymail, una soluci\u00f3n incomparable dise\u00f1ada espec\u00edficamente para satisfacer las necesidades de las empresas que requieren dep\u00f3sitos y pagos parciales por sus \u00f3rdenes de WooCommerce. Al incorporar este notable complemento en sus operaciones, establecer\u00e1 y supervisar\u00e1 sin esfuerzo dep\u00f3sitos para sus productos, garantizando as\u00ed pagos seguros y una experiencia de pago sin problemas para su estimada clientela. Independientemente de si se especializa en la venta de productos personalizados, brindar servicios de reserva o ofrecer mercanc\u00edas de primer nivel, los dep\u00f3sitos de Yaymail WooCommerce le permiten extender alternativas de pago flexibles y amplificar su potencial de ventas. \u00a1No pierda el tiempo en adoptar esta herramienta transformadora hoy y revolucionar la gesti\u00f3n de sus procedimientos de dep\u00f3sito!<\/p>\n","protected":false},"featured_media":168777,"comment_status":"open","ping_status":"open","template":"","meta":[],"product_brand":[2651],"product_cat":[1207,1248,1206],"product_tag":[2278],"class_list":{"0":"post-137347","1":"product","2":"type-product","3":"status-publish","4":"has-post-thumbnail","6":"product_brand-yaycommerce","7":"product_cat-comercio-electronico-plugins","8":"product_cat-personalizacion-comercio-electronico-plugins","9":"product_cat-plugins","10":"product_tag-yaycommerce","11":"member-discount","12":"discount-restricted","14":"first","15":"instock","16":"sale","17":"downloadable","18":"virtual","19":"sold-individually","20":"purchasable","21":"product-type-simple"},"_links":{"self":[{"href":"https:\/\/gpl-love.com\/es\/wp-json\/wp\/v2\/product\/137347","targetHints":{"allow":["GET"]}}],"collection":[{"href":"https:\/\/gpl-love.com\/es\/wp-json\/wp\/v2\/product"}],"about":[{"href":"https:\/\/gpl-love.com\/es\/wp-json\/wp\/v2\/types\/product"}],"replies":[{"embeddable":true,"href":"https:\/\/gpl-love.com\/es\/wp-json\/wp\/v2\/comments?post=137347"}],"wp:featuredmedia":[{"embeddable":true,"href":"https:\/\/gpl-love.com\/es\/wp-json\/wp\/v2\/media\/168777"}],"wp:attachment":[{"href":"https:\/\/gpl-love.com\/es\/wp-json\/wp\/v2\/media?parent=137347"}],"wp:term":[{"taxonomy":"product_brand","embeddable":true,"href":"https:\/\/gpl-love.com\/es\/wp-json\/wp\/v2\/product_brand?post=137347"},{"taxonomy":"product_cat","embeddable":true,"href":"https:\/\/gpl-love.com\/es\/wp-json\/wp\/v2\/product_cat?post=137347"},{"taxonomy":"product_tag","embeddable":true,"href":"https:\/\/gpl-love.com\/es\/wp-json\/wp\/v2\/product_tag?post=137347"}],"curies":[{"name":"wp","href":"https:\/\/api.w.org\/{rel}","templated":true}]}}