{"id":137346,"date":"2023-01-20T00:00:00","date_gmt":"2023-01-20T05:00:00","guid":{"rendered":"https:\/\/gpl-love.com\/es\/producto\/yaymail-pw-woocommerce-gift-cards\/"},"modified":"2026-03-09T08:37:12","modified_gmt":"2026-03-09T13:37:12","slug":"yaymail-pw-woocommerce-gift-cards","status":"publish","type":"product","link":"https:\/\/gpl-love.com\/es\/producto\/yaymail-pw-woocommerce-gift-cards\/","title":{"rendered":"YayMail PW WooCommerce Gift Cards 1.425"},"content":{"rendered":"<h3>YayMail PW WooCommerce Gift Cards Caracteristicas<\/h3>\n<p>Las tarjetas de regalo de Yaymail PW WooCommerce han sido ingeniosamente elaboradas para servir como un instrumento formidable, ayudando a las empresas en su b\u00fasqueda a aumentar las cifras de ventas y atraer a la novela clientela. Este producto excepcional permite a los usuarios forjar tarjetas de regalo a medida, que los clientes pueden canjear posteriormente en la plataforma digital del establecimiento. Al desplegar las notables tarjetas de regalo de Yaymail PW WooCommerce, las empresas pueden extender una variedad de campa\u00f1as y incentivos promocionales a su estimada clientela, proporcion\u00e1ndolas con tarjetas de regalo que se pueden utilizar para obtener una variedad de bienes o servicios. Adem\u00e1s, este producto cuenta con una gran cantidad de atributos incorporados y opciones personalizables, como plantillas hechas a medida, una extensa gama de denominaciones y la capacidad invaluable para estipular fechas de vencimiento para dichas tarjetas de regalo. Cuando se examina de manera integral, es inconfundible que las tarjetas de regalo de Yaymail PW WooCommerce se representen como una herramienta indispensable, una verdadera alimentaci\u00f3n vital para las empresas que anhelan expandir su base de clientes y vigorizar su entrada financiera.<\/p>\n<ul>\n<li>Permite a los clientes comprar y enviar tarjetas de regalo con mensajes personalizados directamente desde su tienda WooCommerce<\/li>\n<li>F\u00e1cil de instalar e integrar con su tienda en l\u00ednea existente<\/li>\n<li>Ofrece m\u00faltiples opciones de dise\u00f1o para elegir para que coincida con la marca de su tienda<\/li>\n<li>Proporciona una interfaz f\u00e1cil de usar tanto a los clientes como a los propietarios de tiendas para administrar las transacciones de la tarjeta de regalo<\/li>\n<li>Permite recordatorios autom\u00e1ticos para que los clientes usen sus tarjetas de regalo antes de expirar<\/li>\n<li>Ofrece opciones de canje flexibles para los clientes, incluido el uso del saldo de la tarjeta de regalo para pagos parciales<\/li>\n<li>Proporciona informes detallados y an\u00e1lisis de ventas de tarjetas de regalo y transacciones para los propietarios de tiendas<\/li>\n<li>Utiliza fuertes medidas de seguridad para proteger la informaci\u00f3n del cliente y prevenir el fraude.<\/li>\n<\/ul>\n","protected":false},"excerpt":{"rendered":"<p>El complemento de tarjetas de regalo de YayMail PW WooCommerce se presenta como una soluci\u00f3n \u00f3ptima para las empresas en l\u00ednea que buscan extender la opci\u00f3n de tarjetas de regalo a su valiosa clientela. Al emplear este ingenioso complemento, las empresas pueden generar sin esfuerzo tarjetas de regalo personalizadas que pueden ser adquiridas y redimidas sin esfuerzo sin problemas dentro de sus tiendas de WooCommerce designadas. Ya sea que el objetivo sea proporcionar tarjetas de regalo para productos exclusivos o un valor monetario espec\u00edfico, el complemento YayMail PW optimiza todo el proceso de establecer y supervisar el sistema de tarjetas de regalo. Adem\u00e1s, los clientes pueden disfrutar de la oportunidad de agregar un mensaje m\u00e1s sincero y personalizado a su tarjeta de regalo y seleccionar entre una mir\u00edada de plantillas de dise\u00f1o cautivadoras. En consecuencia, la adquisici\u00f3n y utilizaci\u00f3n de tarjetas de regalo nunca ha sido m\u00e1s placentera o conveniente para sus estimados clientes.<\/p>\n","protected":false},"featured_media":168775,"comment_status":"open","ping_status":"open","template":"","meta":[],"product_brand":[2651],"product_cat":[1207,1248,1206],"product_tag":[2278],"class_list":{"0":"post-137346","1":"product","2":"type-product","3":"status-publish","4":"has-post-thumbnail","6":"product_brand-yaycommerce","7":"product_cat-comercio-electronico-plugins","8":"product_cat-personalizacion-comercio-electronico-plugins","9":"product_cat-plugins","10":"product_tag-yaycommerce","11":"member-discount","12":"discount-restricted","14":"first","15":"instock","16":"sale","17":"downloadable","18":"virtual","19":"sold-individually","20":"purchasable","21":"product-type-simple"},"_links":{"self":[{"href":"https:\/\/gpl-love.com\/es\/wp-json\/wp\/v2\/product\/137346","targetHints":{"allow":["GET"]}}],"collection":[{"href":"https:\/\/gpl-love.com\/es\/wp-json\/wp\/v2\/product"}],"about":[{"href":"https:\/\/gpl-love.com\/es\/wp-json\/wp\/v2\/types\/product"}],"replies":[{"embeddable":true,"href":"https:\/\/gpl-love.com\/es\/wp-json\/wp\/v2\/comments?post=137346"}],"wp:featuredmedia":[{"embeddable":true,"href":"https:\/\/gpl-love.com\/es\/wp-json\/wp\/v2\/media\/168775"}],"wp:attachment":[{"href":"https:\/\/gpl-love.com\/es\/wp-json\/wp\/v2\/media?parent=137346"}],"wp:term":[{"taxonomy":"product_brand","embeddable":true,"href":"https:\/\/gpl-love.com\/es\/wp-json\/wp\/v2\/product_brand?post=137346"},{"taxonomy":"product_cat","embeddable":true,"href":"https:\/\/gpl-love.com\/es\/wp-json\/wp\/v2\/product_cat?post=137346"},{"taxonomy":"product_tag","embeddable":true,"href":"https:\/\/gpl-love.com\/es\/wp-json\/wp\/v2\/product_tag?post=137346"}],"curies":[{"name":"wp","href":"https:\/\/api.w.org\/{rel}","templated":true}]}}