{"id":137345,"date":"2025-06-05T00:00:00","date_gmt":"2025-06-05T05:00:00","guid":{"rendered":"https:\/\/gpl-love.com\/es\/producto\/yaymail-wc-vendors\/"},"modified":"2026-03-09T08:37:10","modified_gmt":"2026-03-09T13:37:10","slug":"yaymail-wc-vendors","status":"publish","type":"product","link":"https:\/\/gpl-love.com\/es\/producto\/yaymail-wc-vendors\/","title":{"rendered":"YayMail WC Vendors 4.0"},"content":{"rendered":"<h3>YayMail WC Vendors Caracteristicas<\/h3>\n<p>Los proveedores de YayMail WC, una herramienta de marketing por correo electr\u00f3nico que abarca todo el hecho de que los proveedores que utilicen WooCommerce, proporcionan una amplia gama de funcionalidades destinadas a reforzar sus ventas y mejorar la participaci\u00f3n del cliente. Equipada con capacidades formidables, esta plataforma robusta potencia a los proveedores con la capacidad de fabricar correos electr\u00f3nicos que exudan profesionalismo, segmentan sus listas de correo electr\u00f3nico para la comunicaci\u00f3n espec\u00edfica y automatizaron sus campa\u00f1as de correo electr\u00f3nico para una eficiencia inigualable. Adem\u00e1s, esta plataforma ofrece informes y an\u00e1lisis en tiempo real, proporcionando a los proveedores con ideas valiosas para discernir la efectividad de sus esfuerzos de correo electr\u00f3nico y estrategias de manera efectiva para futuras campa\u00f1as. Independientemente de si uno se encuentra a s\u00ed mismo como un proveedor incipiente o una empresa bien establecida, los proveedores de WC de Yaymail se destacan como la herramienta por excelencia para facilitar el crecimiento del negocio y optimizar la generaci\u00f3n de ingresos.<\/p>\n<ul>\n<li>Los proveedores de YayMail WC es un complemento poderoso que transforma su sitio web de comercio electr\u00f3nico en un centro de comunicaci\u00f3n<\/li>\n<li>Se integra perfectamente con su tablero de proveedores de WooCommerce para una comunicaci\u00f3n mejorada entre proveedores y clientes<\/li>\n<li>Enviar actualizaciones importantes, notificaciones y ofertas promocionales directamente a sus clientes<\/li>\n<li>Comun\u00edquese con sus proveedores y comerciantes en tiempo real para optimizar sus operaciones<\/li>\n<li>Mantenga a sus clientes y proveedores comprometidos con campa\u00f1as y boletines de correo electr\u00f3nico personalizados<\/li>\n<li>Obtenga informes avanzados e informaci\u00f3n sobre sus campa\u00f1as de correo electr\u00f3nico para optimizar sus esfuerzos de marketing<\/li>\n<li>Diga adi\u00f3s a los correos electr\u00f3nicos gen\u00e9ricos y en masa y hola a la comunicaci\u00f3n espec\u00edfica y efectiva con los proveedores de Yaymail WC.<\/li>\n<\/ul>\n","protected":false},"excerpt":{"rendered":"<p>Los proveedores de Yaymail WC son una herramienta incre\u00edblemente robusta y eficiente meticulosamente dise\u00f1ada para ayudar a los proveedores de WooCommerce a mejorar la eficacia general y el alcance de su campa\u00f1a de marketing por correo electr\u00f3nico. Al aprovechar este invaluable recurso, los proveedores est\u00e1n facultados para dise\u00f1ar y fabricar sin esfuerzo plantillas de correo electr\u00f3nico cautivadoras que est\u00e1n hechas a medida para cautivar y renunciar a su estimada clientela, precipitando as\u00ed un aumento sustancial en las cifras de ventas. Adem\u00e1s, esta herramienta de vanguardia est\u00e1 adornada con una interfaz de usuario intuitivamente estructurada que es asombrosamente f\u00e1cil de usar, lo que la hace accesible incluso para novatos y ne\u00f3fitos. Adem\u00e1s, los proveedores de WC de Yaymail ofrecen una variedad de herramientas anal\u00edticas de vanguardia y mecanismos integrales de informes para proporcionar a los proveedores ideas precisas e intrincadas relacionadas con el rendimiento y la eficacia de sus esfuerzos de marketing por correo electr\u00f3nico, lo que les permite hacer determinaciones juiciosas y impulsadas por datos. En consecuencia, al integrar a los proveedores de Yaymail WC en sus operaciones, los proveedores pueden catapultar sus empresas de marketing por correo electr\u00f3nico a alturas incomparables y realizar con \u00e9xito sus aspiraciones y objetivos comerciales.<\/p>\n","protected":false},"featured_media":168774,"comment_status":"open","ping_status":"open","template":"","meta":[],"product_brand":[2651],"product_cat":[1207,1248,1206],"product_tag":[2278],"class_list":{"0":"post-137345","1":"product","2":"type-product","3":"status-publish","4":"has-post-thumbnail","6":"product_brand-yaycommerce","7":"product_cat-comercio-electronico-plugins","8":"product_cat-personalizacion-comercio-electronico-plugins","9":"product_cat-plugins","10":"product_tag-yaycommerce","11":"member-discount","12":"discount-restricted","14":"first","15":"instock","16":"sale","17":"downloadable","18":"virtual","19":"sold-individually","20":"purchasable","21":"product-type-simple"},"_links":{"self":[{"href":"https:\/\/gpl-love.com\/es\/wp-json\/wp\/v2\/product\/137345","targetHints":{"allow":["GET"]}}],"collection":[{"href":"https:\/\/gpl-love.com\/es\/wp-json\/wp\/v2\/product"}],"about":[{"href":"https:\/\/gpl-love.com\/es\/wp-json\/wp\/v2\/types\/product"}],"replies":[{"embeddable":true,"href":"https:\/\/gpl-love.com\/es\/wp-json\/wp\/v2\/comments?post=137345"}],"wp:featuredmedia":[{"embeddable":true,"href":"https:\/\/gpl-love.com\/es\/wp-json\/wp\/v2\/media\/168774"}],"wp:attachment":[{"href":"https:\/\/gpl-love.com\/es\/wp-json\/wp\/v2\/media?parent=137345"}],"wp:term":[{"taxonomy":"product_brand","embeddable":true,"href":"https:\/\/gpl-love.com\/es\/wp-json\/wp\/v2\/product_brand?post=137345"},{"taxonomy":"product_cat","embeddable":true,"href":"https:\/\/gpl-love.com\/es\/wp-json\/wp\/v2\/product_cat?post=137345"},{"taxonomy":"product_tag","embeddable":true,"href":"https:\/\/gpl-love.com\/es\/wp-json\/wp\/v2\/product_tag?post=137345"}],"curies":[{"name":"wp","href":"https:\/\/api.w.org\/{rel}","templated":true}]}}