{"id":137344,"date":"2025-06-05T00:00:00","date_gmt":"2025-06-05T05:00:00","guid":{"rendered":"https:\/\/gpl-love.com\/es\/producto\/yaymail-woocommerce-waitlist\/"},"modified":"2026-03-09T08:37:08","modified_gmt":"2026-03-09T13:37:08","slug":"yaymail-woocommerce-waitlist","status":"publish","type":"product","link":"https:\/\/gpl-love.com\/es\/producto\/yaymail-woocommerce-waitlist\/","title":{"rendered":"YayMail WooCommerce Waitlist 4.0"},"content":{"rendered":"<h3>YayMail WooCommerce Waitlist Caracteristicas<\/h3>\n<p>La lista de espera de Yaymail WooCommerce es una herramienta incre\u00edblemente robusta y efectiva que ha sido meticulosamente elaborada para ayudar y ayudar a los propietarios de tiendas en l\u00ednea a aumentar sus ventas y mejorar la satisfacci\u00f3n del cliente. Este complemento extraordinario otorga a los clientes la oportunidad de inscribirse en una lista de espera siempre que un producto en particular desafortunadamente est\u00e9 agotado, y posteriormente, se notificar\u00e1 de manera r\u00e1pida y amplia por correo electr\u00f3nico tan pronto como dicho producto est\u00e9 disponible una vez m\u00e1s una vez m\u00e1s. Adem\u00e1s, este complemento se ha integrado h\u00e1bilmente con WooCommerce, lo que facilita la gesti\u00f3n perfecta de las listas de espera y el monitoreo de la disponibilidad del producto. Al incorporar las notables capacidades de la lista de espera de Yaymail WooCommerce en su tienda en l\u00ednea, puede mejorar de manera efectiva y significativa la tasa de abandono del carrito, amplificar la cantidad de conversiones exitosas y, en \u00faltima instancia, ofrecer una experiencia de compra sin paralelo y superlativa a su clientela estimada. Independientemente de si su empresa es un esfuerzo modesto y incipiente o un emporio de comercio electr\u00f3nico colosal y pr\u00f3spero, este complemento excepcional posee la capacidad incomparable de vigorizar y nutrir su negocio, al tiempo que le permite superar y superar a sus competidores en el mercado en l\u00ednea cada vez m\u00e1s antiguo en l\u00ednea. .<\/p>\n<ul>\n<li>Permite a los clientes registrarse para obtener una lista de espera para productos de existencia en su tienda WooCommerce<\/li>\n<li>Env\u00eda notificaciones autom\u00e1ticas por correo electr\u00f3nico a los clientes cuando un producto est\u00e1 de vuelta en stock<\/li>\n<li>Ayuda a retener a los clientes y a reducir el abandono del carrito de compras ofreciendo una opci\u00f3n alternativa para esperar a que un producto vuelva a estar en stock<\/li>\n<li>F\u00e1cil de usar y f\u00e1cil de configurar sin necesidad de codificaci\u00f3n<\/li>\n<li>Compatibilidad con la mayor\u00eda de los temas y complementos de WooCommerce<\/li>\n<li>Plantillas de correo electr\u00f3nico y mensajes personalizables para que coincidan con la marca y el tono de su tienda<\/li>\n<li>Proporciona informaci\u00f3n valiosa sobre la demanda del cliente de productos espec\u00edficos y permite decisiones de gesti\u00f3n de inventario<\/li>\n<li>Planes de precios asequibles, incluida una opci\u00f3n gratuita para tiendas m\u00e1s peque\u00f1as o per\u00edodos de prueba.<\/li>\n<\/ul>\n","protected":false},"excerpt":{"rendered":"<p>La lista de espera de YayMail WooCommerce, siendo un complemento de vanguardia, ofrece a los propietarios de tiendas en l\u00ednea la capacidad de establecer un registro de clientes potenciales esperando ansiosamente la disponibilidad de sus productos. Este instrumento notablemente potente facilita la colecci\u00f3n de direcciones de correo electr\u00f3nico que pertenecen a compradores intrigados, que posteriormente facilitan la notificaci\u00f3n oportuna de dichos compradores una vez que el art\u00edculo vuelve a ingresar al stock. La implementaci\u00f3n de esta soluci\u00f3n inmaculada demuestra ser particularmente ventajosa cuando se esfuerza por generar emoci\u00f3n en torno a la introducci\u00f3n de nuevas ofertas de productos, as\u00ed como durante casos de niveles de inventario disminuidos. Con la lista de espera de YayMail WooCommerce a su disposici\u00f3n, administrar y monitorear eficazmente su lista de espera se convierte en una tarea sin problemas, contribuyendo efectivamente a una tasa aumentada de conversiones y un aumento en las ventas.<\/p>\n","protected":false},"featured_media":168772,"comment_status":"open","ping_status":"open","template":"","meta":[],"product_brand":[2651],"product_cat":[1207,1248,1206],"product_tag":[2278],"class_list":{"0":"post-137344","1":"product","2":"type-product","3":"status-publish","4":"has-post-thumbnail","6":"product_brand-yaycommerce","7":"product_cat-comercio-electronico-plugins","8":"product_cat-personalizacion-comercio-electronico-plugins","9":"product_cat-plugins","10":"product_tag-yaycommerce","11":"member-discount","12":"discount-restricted","14":"first","15":"instock","16":"sale","17":"downloadable","18":"virtual","19":"sold-individually","20":"purchasable","21":"product-type-simple"},"_links":{"self":[{"href":"https:\/\/gpl-love.com\/es\/wp-json\/wp\/v2\/product\/137344","targetHints":{"allow":["GET"]}}],"collection":[{"href":"https:\/\/gpl-love.com\/es\/wp-json\/wp\/v2\/product"}],"about":[{"href":"https:\/\/gpl-love.com\/es\/wp-json\/wp\/v2\/types\/product"}],"replies":[{"embeddable":true,"href":"https:\/\/gpl-love.com\/es\/wp-json\/wp\/v2\/comments?post=137344"}],"wp:featuredmedia":[{"embeddable":true,"href":"https:\/\/gpl-love.com\/es\/wp-json\/wp\/v2\/media\/168772"}],"wp:attachment":[{"href":"https:\/\/gpl-love.com\/es\/wp-json\/wp\/v2\/media?parent=137344"}],"wp:term":[{"taxonomy":"product_brand","embeddable":true,"href":"https:\/\/gpl-love.com\/es\/wp-json\/wp\/v2\/product_brand?post=137344"},{"taxonomy":"product_cat","embeddable":true,"href":"https:\/\/gpl-love.com\/es\/wp-json\/wp\/v2\/product_cat?post=137344"},{"taxonomy":"product_tag","embeddable":true,"href":"https:\/\/gpl-love.com\/es\/wp-json\/wp\/v2\/product_tag?post=137344"}],"curies":[{"name":"wp","href":"https:\/\/api.w.org\/{rel}","templated":true}]}}