{"id":137343,"date":"2025-06-05T00:00:00","date_gmt":"2025-06-05T05:00:00","guid":{"rendered":"https:\/\/gpl-love.com\/es\/producto\/yaymail-woocommmerce-print-invoice-y-packing-lists\/"},"modified":"2026-03-09T08:37:06","modified_gmt":"2026-03-09T13:37:06","slug":"yaymail-woocommmerce-print-invoice-y-packing-lists","status":"publish","type":"product","link":"https:\/\/gpl-love.com\/es\/producto\/yaymail-woocommmerce-print-invoice-y-packing-lists\/","title":{"rendered":"YayMail WooCommmerce Print Invoice y Packing Lists 4.0"},"content":{"rendered":"<h3>YayMail WooCommmerce Print Invoice y Packing Lists Caracteristicas<\/h3>\n<p>La factura de impresi\u00f3n y las listas de embalaje de YayMail WooCommerce surge como un complemento extraordinario que demuestra instrumental para facilitar la generaci\u00f3n de facturas personalizadas y listas de embalaje con la mayor facilidad. La interfaz, dise\u00f1ada para ser f\u00e1cil de usar, permite una integraci\u00f3n perfecta en el sitio de WordPress y la plataforma WooCommerce. Por lo tanto, este complemento en particular se convierte en un activo indispensable para tiendas en l\u00ednea que se esfuerzan por optimizar su proceso de creaci\u00f3n de la lista de facturas y empaquetado. La factura de impresi\u00f3n y las listas de embalaje de YayMail WooCommerce representa una soluci\u00f3n econ\u00f3mica y eficiente en el tiempo que garantiza la producci\u00f3n de facturas de primer nivel y listas de embalaje. La disponibilidad de formatos y plantillas personalizables agrega adem\u00e1s un toque de profesionalismo a las facturas y listas de embalaje, aumentando as\u00ed la experiencia general del cliente. Tomando todo en cuenta, la factura de impresi\u00f3n y las listas de embalaje de Yaymail WooCommerce demuestra su val\u00eda como una herramienta altamente eficiente que simplifica el proceso de facturaci\u00f3n y empaque, lo que lo convierte en una inversi\u00f3n excepcional para cualquier tienda en l\u00ednea.<\/p>\n<ul>\n<li>Capacidad para imprimir facturas y listas de embalaje directamente desde WooCommerce<\/li>\n<li>Plantillas personalizables para documentos impresos<\/li>\n<li>Actualizaci\u00f3n autom\u00e1tica del pedido y la informaci\u00f3n del producto en documentos impresos<\/li>\n<li>Simplifica el proceso de cumplimiento del pedido<\/li>\n<li>Precisi\u00f3n mejorada y organizaci\u00f3n de la informaci\u00f3n del pedido<\/li>\n<li>Ahorra tiempo y reduce los errores en el procesamiento de pedidos manuales<\/li>\n<li>Integraci\u00f3n con portadores de env\u00edo l\u00edderes para una f\u00e1cil impresi\u00f3n de etiquetas<\/li>\n<li>Compatible con las principales extensiones y temas de WooCommerce<\/li>\n<li>Planes de precios asequibles para satisfacer diversas necesidades comerciales<\/li>\n<\/ul>\n","protected":false},"excerpt":{"rendered":"<p>La factura de impresi\u00f3n y las listas de embalaje de YayMail WooCommerce es una aplicaci\u00f3n de software extremadamente robusta y eficaz que le otorga la capacidad incomparable para generar y producir facturas y listas de embalaje de la mejor profesionalidad para su escaparate virtual. Esta herramienta excepcionalmente innovadora sirve para optimizar y mejorar el flujo de procedimiento involucrado en el procesamiento de sus innumerables pedidos, lo que le brinda el invaluable lujo de comodidad que ahorra tiempo y una experiencia de cliente mejorada. Independientemente de si se le conf\u00eda la responsabilidad de enviar un mero paquete solitario o una amplia multitud de parcelas, la factura de impresi\u00f3n de WooCommerce de Yaymail y las listas de embalaje lo equipan a la perfecci\u00f3n con la capacidad indispensable de administrar sus \u00f3rdenes e imprimen con expedici\u00f3n todos los documentos esenciales , todo dentro del mero clic de un bot\u00f3n.<\/p>\n","protected":false},"featured_media":168771,"comment_status":"open","ping_status":"open","template":"","meta":[],"product_brand":[2651],"product_cat":[1207,1248,1206],"product_tag":[2278],"class_list":{"0":"post-137343","1":"product","2":"type-product","3":"status-publish","4":"has-post-thumbnail","6":"product_brand-yaycommerce","7":"product_cat-comercio-electronico-plugins","8":"product_cat-personalizacion-comercio-electronico-plugins","9":"product_cat-plugins","10":"product_tag-yaycommerce","11":"member-discount","12":"discount-restricted","14":"first","15":"instock","16":"sale","17":"downloadable","18":"virtual","19":"sold-individually","20":"purchasable","21":"product-type-simple"},"_links":{"self":[{"href":"https:\/\/gpl-love.com\/es\/wp-json\/wp\/v2\/product\/137343","targetHints":{"allow":["GET"]}}],"collection":[{"href":"https:\/\/gpl-love.com\/es\/wp-json\/wp\/v2\/product"}],"about":[{"href":"https:\/\/gpl-love.com\/es\/wp-json\/wp\/v2\/types\/product"}],"replies":[{"embeddable":true,"href":"https:\/\/gpl-love.com\/es\/wp-json\/wp\/v2\/comments?post=137343"}],"wp:featuredmedia":[{"embeddable":true,"href":"https:\/\/gpl-love.com\/es\/wp-json\/wp\/v2\/media\/168771"}],"wp:attachment":[{"href":"https:\/\/gpl-love.com\/es\/wp-json\/wp\/v2\/media?parent=137343"}],"wp:term":[{"taxonomy":"product_brand","embeddable":true,"href":"https:\/\/gpl-love.com\/es\/wp-json\/wp\/v2\/product_brand?post=137343"},{"taxonomy":"product_cat","embeddable":true,"href":"https:\/\/gpl-love.com\/es\/wp-json\/wp\/v2\/product_cat?post=137343"},{"taxonomy":"product_tag","embeddable":true,"href":"https:\/\/gpl-love.com\/es\/wp-json\/wp\/v2\/product_tag?post=137343"}],"curies":[{"name":"wp","href":"https:\/\/api.w.org\/{rel}","templated":true}]}}