{"id":137342,"date":"2025-06-05T00:00:00","date_gmt":"2025-06-05T05:00:00","guid":{"rendered":"https:\/\/gpl-love.com\/es\/producto\/yaymail-yith-gift-cards\/"},"modified":"2026-03-09T08:37:04","modified_gmt":"2026-03-09T13:37:04","slug":"yaymail-yith-gift-cards","status":"publish","type":"product","link":"https:\/\/gpl-love.com\/es\/producto\/yaymail-yith-gift-cards\/","title":{"rendered":"YayMail Yith Gift Cards 1.5"},"content":{"rendered":"<h3>YayMail Yith Gift Cards Caracteristicas<\/h3>\n<p>Yaymail Yith Tarjetas de regalo se presenta como una soluci\u00f3n que lo abarca todo el mundo que atiende a las empresas que desean ofrecer tarjetas de regalo para su estimada clientela. Al aprovechar esta plataforma de vanguardia, las empresas est\u00e1n facultadas para curar tarjetas de regalo a medida que se pueden canjear tanto en l\u00ednea como en tiendas f\u00edsicas. La plataforma cuenta con una experiencia de usuario perfecta, que ofrece una gran cantidad de plantillas y dise\u00f1os meticulosamente elaborados para satisfacer diversas preferencias. Adem\u00e1s, la plataforma ofrece an\u00e1lisis intrincados, proporcionando a las empresas con ideas invaluables para monitorear y evaluar la eficacia de sus iniciativas de tarjeta de regalo. En esencia, Yaymail Yith Tarjetas de regalo es un instrumento indiscutiblemente potente, listo para empoderar a las empresas para aumentar sus flujos de ingresos y cultivar lealtad de los clientes inquebrantable a trav\u00e9s de la implementaci\u00f3n estrat\u00e9gica de programas de tarjetas de regalo.<\/p>\n<ul>\n<li>Soluci\u00f3n de tarjeta de regalo conveniente y f\u00e1cil de usar<\/li>\n<li>Permite a los clientes comprar f\u00e1cilmente tarjetas de regalo para sus seres queridos.<\/li>\n<li>Les da a los destinatarios la libertad de elegir el regalo perfecto para ellos mismos<\/li>\n<li>Ofrece una amplia gama de denominaciones de tarjetas de regalo para adaptarse a cualquier presupuesto<\/li>\n<li>Se puede utilizar para compras en l\u00ednea o transacciones en la tienda<\/li>\n<li>Proporciona un proceso de pago sin interrupciones y seguras<\/li>\n<li>Compatible con las plataformas de comercio electr\u00f3nico m\u00e1s populares<\/li>\n<li>Ayuda a aumentar la lealtad y la satisfacci\u00f3n del cliente<\/li>\n<li>Permite a las empresas generar ingresos y ventas adicionales<\/li>\n<li>Proporciona informes detallados y an\u00e1lisis para rastrear el uso de la tarjeta de regalo y las tendencias de ventas.<\/li>\n<\/ul>\n","protected":false},"excerpt":{"rendered":"<p>Presentando las notables tarjetas de regalo yaymail, una soluci\u00f3n exquisita e ingeniosa que atiende a aquellos que buscan una alternativa de regalo contemplativa y adaptable. Estas exquisitas tarjetas de regalo otorgan el poder de adquirir una amplia variedad de mercanc\u00edas y comodidades de una gran cantidad de proveedores participantes, lo que les convierte en la oferta por excelencia para cualquier evento concebible. Al aprovechar las extraordinarias tarjetas de regalo yaymail, uno tiene la capacidad de otorgar a sus preciados el regalo de la autonom\u00eda y la facilidad. Por lo tanto, \u00bfpor qu\u00e9 retrasar m\u00e1s? Emb\u00e1rcate en tu expedici\u00f3n de compras sin m\u00e1s pre\u00e1mbulos e ilumina el d\u00eda de alguien con el esplendor incomparable de una tarjeta de regalo Yaymail.<\/p>\n","protected":false},"featured_media":168769,"comment_status":"open","ping_status":"open","template":"","meta":[],"product_brand":[2651],"product_cat":[1207,1248,1206],"product_tag":[2278],"class_list":{"0":"post-137342","1":"product","2":"type-product","3":"status-publish","4":"has-post-thumbnail","6":"product_brand-yaycommerce","7":"product_cat-comercio-electronico-plugins","8":"product_cat-personalizacion-comercio-electronico-plugins","9":"product_cat-plugins","10":"product_tag-yaycommerce","11":"member-discount","12":"discount-restricted","14":"first","15":"instock","16":"sale","17":"downloadable","18":"virtual","19":"sold-individually","20":"purchasable","21":"product-type-simple"},"_links":{"self":[{"href":"https:\/\/gpl-love.com\/es\/wp-json\/wp\/v2\/product\/137342","targetHints":{"allow":["GET"]}}],"collection":[{"href":"https:\/\/gpl-love.com\/es\/wp-json\/wp\/v2\/product"}],"about":[{"href":"https:\/\/gpl-love.com\/es\/wp-json\/wp\/v2\/types\/product"}],"replies":[{"embeddable":true,"href":"https:\/\/gpl-love.com\/es\/wp-json\/wp\/v2\/comments?post=137342"}],"wp:featuredmedia":[{"embeddable":true,"href":"https:\/\/gpl-love.com\/es\/wp-json\/wp\/v2\/media\/168769"}],"wp:attachment":[{"href":"https:\/\/gpl-love.com\/es\/wp-json\/wp\/v2\/media?parent=137342"}],"wp:term":[{"taxonomy":"product_brand","embeddable":true,"href":"https:\/\/gpl-love.com\/es\/wp-json\/wp\/v2\/product_brand?post=137342"},{"taxonomy":"product_cat","embeddable":true,"href":"https:\/\/gpl-love.com\/es\/wp-json\/wp\/v2\/product_cat?post=137342"},{"taxonomy":"product_tag","embeddable":true,"href":"https:\/\/gpl-love.com\/es\/wp-json\/wp\/v2\/product_tag?post=137342"}],"curies":[{"name":"wp","href":"https:\/\/api.w.org\/{rel}","templated":true}]}}