{"id":137341,"date":"2025-06-05T00:00:00","date_gmt":"2025-06-05T05:00:00","guid":{"rendered":"https:\/\/gpl-love.com\/es\/producto\/yaymail-sg-woocommerce-order-approval\/"},"modified":"2026-03-09T08:37:03","modified_gmt":"2026-03-09T13:37:03","slug":"yaymail-sg-woocommerce-order-approval","status":"publish","type":"product","link":"https:\/\/gpl-love.com\/es\/producto\/yaymail-sg-woocommerce-order-approval\/","title":{"rendered":"YayMail SG WooCommerce Order Approval 4.0"},"content":{"rendered":"<h3>YayMail SG WooCommerce Order Approval Caracteristicas<\/h3>\n<p>La aprobaci\u00f3n del pedido de YayMail SG WooCommerce, un complemento incre\u00edblemente robusto, ofrece una multitud de capacidades que le permiten automatizar sin esfuerzo el intrincado proceso de aprobaci\u00f3n de pedidos para su estimada tienda de WooCommerce. Este complemento fenomenal le otorga la notable capacidad de configurar y establecer flujos de trabajo de aprobaci\u00f3n para diversas categor\u00edas de pedidos, que van desde pedidos de alto valor hasta pedidos realizados por clientes reci\u00e9n conocidos. Adem\u00e1s, este complemento se integra perfectamente con su tienda WooCommerce, asegurando una experiencia armoniosa y simplificada. Adem\u00e1s, el complemento le otorga la maravillosa oportunidad de personalizar sus correos electr\u00f3nicos de aprobaci\u00f3n para alinearse impecablemente con su marca distintiva. Adem\u00e1s, le otorga caracter\u00edsticas completas de informes y an\u00e1lisis, lo que le permite monitorear y evaluar meticulosamente su proceso de aprobaci\u00f3n, facilitando en \u00faltima instancia el descubrimiento de \u00e1reas que justifican la mejora. Adoptar la aprobaci\u00f3n del pedido de Yaymail SG WooCommerce le permitir\u00e1 acelerar y optimizar el proceso de aprobaci\u00f3n de su pedido, mitigando los errores y los retrasos, al tiempo que eleva la experiencia del cliente a alturas sin precedentes.<\/p>\n<ul>\n<li>Proceso de aprobaci\u00f3n de pedido optimizado para usuarios de WooCommerce<\/li>\n<li>Instalaci\u00f3n y configuraci\u00f3n f\u00e1ciles<\/li>\n<li>Personalizar qui\u00e9n puede aprobar pedidos y a qu\u00e9 cantidad<\/li>\n<li>Estado de aprobaci\u00f3n visible en la p\u00e1gina Descripci\u00f3n general del pedido<\/li>\n<li>Notificaciones por correo electr\u00f3nico enviadas a aprobadores y clientes<\/li>\n<li>Opci\u00f3n para agregar notas o comentarios durante el proceso de aprobaci\u00f3n<\/li>\n<li>Compatible con otros complementos de Yaymail SG para WooCommerce<\/li>\n<li>Ahorra tiempo y reduce los errores mediante la implementaci\u00f3n de un proceso de aprobaci\u00f3n de pedido formal<\/li>\n<li>Atenci\u00f3n al cliente receptiva y actualizaciones regulares<\/li>\n<li>Precios asequibles y opciones de licencia flexible<\/li>\n<\/ul>\n","protected":false},"excerpt":{"rendered":"<p>Introducci\u00f3n de la aprobaci\u00f3n de la orden de yaymail SG WooCommerce, una soluci\u00f3n altamente eficiente dise\u00f1ada para facilitar y mejorar el proceso de aprobaci\u00f3n de su pedido. Empleando este complemento notablemente robusto, puede otorgar sin esfuerzo o negar la aprobaci\u00f3n de los pedidos directamente a trav\u00e9s de su bandeja de entrada de correo electr\u00f3nico, economizando significativamente su valioso tiempo y racionalizaci\u00f3n de su flujo de trabajo general. Adem\u00e1s, benefici\u00e1ndose de su notable versatilidad en t\u00e9rminos de plantillas de correo electr\u00f3nico personalizables e integraci\u00f3n perfecta con WooCommerce, Yaymail SG simplifica inequ\u00edvocamente la gesti\u00f3n de sus pedidos en un grado sin precedentes. Por lo tanto, \u00bfpor qu\u00e9 demorarse? \u00a1Abrace hoy el potencial de vanguardia de la aprobaci\u00f3n de la orden de yaymail SG WooCommerce para impulsar los esfuerzos de gesti\u00f3n de su pedido a alturas incomparables de competencia!<\/p>\n","protected":false},"featured_media":168768,"comment_status":"open","ping_status":"open","template":"","meta":[],"product_brand":[2651],"product_cat":[1207,1248,1206],"product_tag":[2278],"class_list":{"0":"post-137341","1":"product","2":"type-product","3":"status-publish","4":"has-post-thumbnail","6":"product_brand-yaycommerce","7":"product_cat-comercio-electronico-plugins","8":"product_cat-personalizacion-comercio-electronico-plugins","9":"product_cat-plugins","10":"product_tag-yaycommerce","11":"member-discount","12":"discount-restricted","14":"first","15":"instock","16":"sale","17":"downloadable","18":"virtual","19":"sold-individually","20":"purchasable","21":"product-type-simple"},"_links":{"self":[{"href":"https:\/\/gpl-love.com\/es\/wp-json\/wp\/v2\/product\/137341","targetHints":{"allow":["GET"]}}],"collection":[{"href":"https:\/\/gpl-love.com\/es\/wp-json\/wp\/v2\/product"}],"about":[{"href":"https:\/\/gpl-love.com\/es\/wp-json\/wp\/v2\/types\/product"}],"replies":[{"embeddable":true,"href":"https:\/\/gpl-love.com\/es\/wp-json\/wp\/v2\/comments?post=137341"}],"wp:featuredmedia":[{"embeddable":true,"href":"https:\/\/gpl-love.com\/es\/wp-json\/wp\/v2\/media\/168768"}],"wp:attachment":[{"href":"https:\/\/gpl-love.com\/es\/wp-json\/wp\/v2\/media?parent=137341"}],"wp:term":[{"taxonomy":"product_brand","embeddable":true,"href":"https:\/\/gpl-love.com\/es\/wp-json\/wp\/v2\/product_brand?post=137341"},{"taxonomy":"product_cat","embeddable":true,"href":"https:\/\/gpl-love.com\/es\/wp-json\/wp\/v2\/product_cat?post=137341"},{"taxonomy":"product_tag","embeddable":true,"href":"https:\/\/gpl-love.com\/es\/wp-json\/wp\/v2\/product_tag?post=137341"}],"curies":[{"name":"wp","href":"https:\/\/api.w.org\/{rel}","templated":true}]}}