{"id":137340,"date":"2025-06-05T00:00:00","date_gmt":"2025-06-05T05:00:00","guid":{"rendered":"https:\/\/gpl-love.com\/es\/producto\/yaymail-woocommerce-memberships\/"},"modified":"2026-03-09T08:37:01","modified_gmt":"2026-03-09T13:37:01","slug":"yaymail-woocommerce-memberships","status":"publish","type":"product","link":"https:\/\/gpl-love.com\/es\/producto\/yaymail-woocommerce-memberships\/","title":{"rendered":"YayMail Woocommerce Memberships 4.0"},"content":{"rendered":"<h3>YayMail Woocommerce Memberships Caracteristicas<\/h3>\n<p>YayMail WooCommerce Memberships es una herramienta incre\u00edblemente robusta que ofrece una inmensa asistencia a las empresas para racionalizar su proceso de gesti\u00f3n de membres\u00eda. Al incorporar este complemento, las empresas pueden generar, supervisar y vender membres\u00edas para su tienda virtual. El complemento est\u00e1 equipado con una extensa variedad de caracter\u00edsticas que otorgan a las empresas la capacidad de regular la accesibilidad del contenido, estipular los precios y los planes de suscripci\u00f3n, as\u00ed como monitorear la actividad de los miembros. Adem\u00e1s, este complemento se integra perfectamente con WooCommerce, facilitando as\u00ed la gesti\u00f3n sin esfuerzo de las membres\u00edas y el procesamiento de pagos para las empresas. Yaymail WooCommerce Memberships cuenta con una interfaz que es notablemente f\u00e1cil de usar, lo que permite a las empresas configurar r\u00e1pidamente y comenzar la venta de membres\u00edas sin demora. Independientemente del tama\u00f1o de la empresa, esta soluci\u00f3n demuestra ser el ep\u00edtome de las empresas que buscan monetizar su contenido y servicios al tiempo que ofrece simult\u00e1neamente a sus estimados miembros una experiencia incomparable.<\/p>\n<ul>\n<li>Una herramienta poderosa para administrar membres\u00edas de WooCommerce<\/li>\n<li>Totalmente integrado con la plataforma de marketing por correo electr\u00f3nico de Yaymail<\/li>\n<li>Ofrece una f\u00e1cil personalizaci\u00f3n de los planes de membres\u00eda y las opciones de suscripci\u00f3n<\/li>\n<li>Relimina el proceso de registro y renovaci\u00f3n de la membres\u00eda para los clientes<\/li>\n<li>Proporciona a los administradores herramientas poderosas para administrar y comunicarse con los miembros.<\/li>\n<li>Puede ayudar a aumentar los ingresos y la participaci\u00f3n del cliente a trav\u00e9s de correos electr\u00f3nicos y promociones espec\u00edficos<\/li>\n<li>Compatible con una amplia gama de temas y complementos de WooCommerce<\/li>\n<li>Ofrece informes detallados y an\u00e1lisis para ayudar a monitorear la actividad y el rendimiento de la membres\u00eda<\/li>\n<li>Proporciona una interfaz f\u00e1cil de usar para administrar membres\u00edas y suscripciones<\/li>\n<li>Viene con atenci\u00f3n al cliente excepcional y actualizaciones y actualizaciones regulares.<\/li>\n<\/ul>\n","protected":false},"excerpt":{"rendered":"<p>Yaymail WooCommerce Memberships, una soluci\u00f3n robusta y eficiente, empodera a las empresas en l\u00ednea con su capacidad para manejar sin problemas la gesti\u00f3n de membres\u00eda y suscripci\u00f3n. Esta herramienta ofrece una mir\u00edada de funcionalidades avanzadas, como facturaci\u00f3n de suscripci\u00f3n automatizada, niveles de membres\u00eda personalizados con fechas de vencimiento y contenido exclusivo y accesibilidad al producto. Al utilizar las membres\u00edas de Yaymail WooCommerce, se alivia la carga de supervisar las membres\u00edas en l\u00ednea, por lo que es un activo invaluable para las empresas de todas las escalas, ya sea una peque\u00f1a empresa empresarial o una entidad corporativa extensa. Al optimizar la gesti\u00f3n de usuarios y cultivar un cliente dedicado a los clientes, esta herramienta excepcional sirve como catalizador para la eficiencia operativa y el crecimiento sostenible. \u00a1Experimente sus capacidades transformadoras al abrazarlo hoy!<\/p>\n","protected":false},"featured_media":168767,"comment_status":"open","ping_status":"open","template":"","meta":[],"product_brand":[2651],"product_cat":[1207,1248,1206],"product_tag":[2278],"class_list":{"0":"post-137340","1":"product","2":"type-product","3":"status-publish","4":"has-post-thumbnail","6":"product_brand-yaycommerce","7":"product_cat-comercio-electronico-plugins","8":"product_cat-personalizacion-comercio-electronico-plugins","9":"product_cat-plugins","10":"product_tag-yaycommerce","11":"member-discount","12":"discount-restricted","14":"first","15":"instock","16":"sale","17":"downloadable","18":"virtual","19":"sold-individually","20":"purchasable","21":"product-type-simple"},"_links":{"self":[{"href":"https:\/\/gpl-love.com\/es\/wp-json\/wp\/v2\/product\/137340","targetHints":{"allow":["GET"]}}],"collection":[{"href":"https:\/\/gpl-love.com\/es\/wp-json\/wp\/v2\/product"}],"about":[{"href":"https:\/\/gpl-love.com\/es\/wp-json\/wp\/v2\/types\/product"}],"replies":[{"embeddable":true,"href":"https:\/\/gpl-love.com\/es\/wp-json\/wp\/v2\/comments?post=137340"}],"wp:featuredmedia":[{"embeddable":true,"href":"https:\/\/gpl-love.com\/es\/wp-json\/wp\/v2\/media\/168767"}],"wp:attachment":[{"href":"https:\/\/gpl-love.com\/es\/wp-json\/wp\/v2\/media?parent=137340"}],"wp:term":[{"taxonomy":"product_brand","embeddable":true,"href":"https:\/\/gpl-love.com\/es\/wp-json\/wp\/v2\/product_brand?post=137340"},{"taxonomy":"product_cat","embeddable":true,"href":"https:\/\/gpl-love.com\/es\/wp-json\/wp\/v2\/product_cat?post=137340"},{"taxonomy":"product_tag","embeddable":true,"href":"https:\/\/gpl-love.com\/es\/wp-json\/wp\/v2\/product_tag?post=137340"}],"curies":[{"name":"wp","href":"https:\/\/api.w.org\/{rel}","templated":true}]}}