{"id":137339,"date":"2025-06-05T00:00:00","date_gmt":"2025-06-05T05:00:00","guid":{"rendered":"https:\/\/gpl-love.com\/es\/producto\/yaymail-follow-up-emails\/"},"modified":"2026-03-09T08:37:00","modified_gmt":"2026-03-09T13:37:00","slug":"yaymail-follow-up-emails","status":"publish","type":"product","link":"https:\/\/gpl-love.com\/es\/producto\/yaymail-follow-up-emails\/","title":{"rendered":"YayMail Follow-up Emails 4.0"},"content":{"rendered":"<h3>YayMail Follow-up Emails Caracteristicas<\/h3>\n<p>Los correos electr\u00f3nicos de seguimiento de Yaymail, una herramienta incre\u00edblemente poderosa, ha sido meticulosamente dise\u00f1ado para ofrecer una asistencia inmensa a las empresas para mantener una conexi\u00f3n s\u00f3lida con sus valiosos clientes. Este software innovador tiene la notable capacidad de racionalizar todo el proceso de enviar correos electr\u00f3nicos de seguimiento a los clientes, asegurando as\u00ed que reciban comunicaciones r\u00e1pidas y pertinentes que mantienen efectivamente su inter\u00e9s y participaci\u00f3n con su estimada marca. Con las caracter\u00edsticas extraordinarias de los correos electr\u00f3nicos de seguimiento de Yaymail a su disposici\u00f3n, puede crear mensajes a medida sin esfuerzo que resuenen profundamente con su audiencia prevista, ya sea que su objetivo es promover productos novedosos o simplemente extender una investigaci\u00f3n genuina sobre su bienestar . Al automatizar expertamente esta faceta absolutamente crucial de la participaci\u00f3n del cliente, los correos electr\u00f3nicos de seguimiento de YayMail ayudan diligentemente a las empresas a ahorrar un tiempo valioso y mejorar significativamente la eficacia de sus campa\u00f1as de marketing, lo que finalmente lleva a la satisfacci\u00f3n amplificada del cliente, los negocios repetidos y el crecimiento sustancial de los ingresos.<\/p>\n<ul>\n<li>Plantillas de correo electr\u00f3nico de seguimiento profesionales y efectivas<\/li>\n<li>Opciones de personalizaci\u00f3n, incluido el nombre del destinatario y la direcci\u00f3n de correo electr\u00f3nico<\/li>\n<li>Proceso de env\u00edo automatizado para seguimientos oportunos<\/li>\n<li>Integraci\u00f3n de CRM para flujo de trabajo simplificado<\/li>\n<li>An\u00e1lisis e informes para el seguimiento de las tasas de respuesta y de respuesta<\/li>\n<li>Interfaz f\u00e1cil de usar para una personalizaci\u00f3n r\u00e1pida y env\u00edo de correos electr\u00f3nicos<\/li>\n<li>Opci\u00f3n para programar seguimientos por adelantado para una comunicaci\u00f3n eficiente<\/li>\n<li>Dise\u00f1o receptivo para una visualizaci\u00f3n \u00f3ptima en todos los dispositivos<\/li>\n<li>Planes de precios asequibles para empresas de todos los tama\u00f1os<\/li>\n<li>Atenci\u00f3n al cliente excepcional del equipo de Yaymail.<\/li>\n<\/ul>\n","protected":false},"excerpt":{"rendered":"<p>Los correos electr\u00f3nicos de seguimiento de Yaymail, una herramienta de marketing por correo electr\u00f3nico incre\u00edblemente potente y eficiente, se ha creado meticulosamente para ayudar a las empresas a mantener la comunicaci\u00f3n regular con sus clientes apreciados, aumentando as\u00ed la lealtad del cliente. Al aprovechar las capacidades impresionantes de Yaymail, los usuarios pueden generar y automatizar correos electr\u00f3nicos de seguimiento que no solo cautivan y absorben a su p\u00fablico objetivo, sino que tambi\u00e9n estimulan el crecimiento de las ventas y establecen relaciones duraderas. Independientemente del tama\u00f1o y la escala de su negocio, Yaymail ofrece con orgullo una variedad de caracter\u00edsticas avanzadas y un notable nivel de adaptabilidad, asegurando la entrega perfecta de correos electr\u00f3nicos personalizados y altamente centrados que dejan una impresi\u00f3n duradera. Entonces, \u00bfpor qu\u00e9 retrasar m\u00e1s? Emb\u00e1rcate en tu viaje con los correos electr\u00f3nicos de seguimiento de Yaymail hoy y impulse tus resultados deseados a buen t\u00e9rmino.<\/p>\n","protected":false},"featured_media":168766,"comment_status":"open","ping_status":"open","template":"","meta":[],"product_brand":[2651],"product_cat":[1207,1248,1206],"product_tag":[2278],"class_list":{"0":"post-137339","1":"product","2":"type-product","3":"status-publish","4":"has-post-thumbnail","6":"product_brand-yaycommerce","7":"product_cat-comercio-electronico-plugins","8":"product_cat-personalizacion-comercio-electronico-plugins","9":"product_cat-plugins","10":"product_tag-yaycommerce","11":"member-discount","12":"discount-restricted","14":"first","15":"instock","16":"sale","17":"downloadable","18":"virtual","19":"sold-individually","20":"purchasable","21":"product-type-simple"},"_links":{"self":[{"href":"https:\/\/gpl-love.com\/es\/wp-json\/wp\/v2\/product\/137339","targetHints":{"allow":["GET"]}}],"collection":[{"href":"https:\/\/gpl-love.com\/es\/wp-json\/wp\/v2\/product"}],"about":[{"href":"https:\/\/gpl-love.com\/es\/wp-json\/wp\/v2\/types\/product"}],"replies":[{"embeddable":true,"href":"https:\/\/gpl-love.com\/es\/wp-json\/wp\/v2\/comments?post=137339"}],"wp:featuredmedia":[{"embeddable":true,"href":"https:\/\/gpl-love.com\/es\/wp-json\/wp\/v2\/media\/168766"}],"wp:attachment":[{"href":"https:\/\/gpl-love.com\/es\/wp-json\/wp\/v2\/media?parent=137339"}],"wp:term":[{"taxonomy":"product_brand","embeddable":true,"href":"https:\/\/gpl-love.com\/es\/wp-json\/wp\/v2\/product_brand?post=137339"},{"taxonomy":"product_cat","embeddable":true,"href":"https:\/\/gpl-love.com\/es\/wp-json\/wp\/v2\/product_cat?post=137339"},{"taxonomy":"product_tag","embeddable":true,"href":"https:\/\/gpl-love.com\/es\/wp-json\/wp\/v2\/product_tag?post=137339"}],"curies":[{"name":"wp","href":"https:\/\/api.w.org\/{rel}","templated":true}]}}