{"id":137337,"date":"2025-06-05T00:00:00","date_gmt":"2025-06-05T05:00:00","guid":{"rendered":"https:\/\/gpl-love.com\/es\/producto\/yaymail-smart-coupons\/"},"modified":"2026-03-09T08:36:56","modified_gmt":"2026-03-09T13:36:56","slug":"yaymail-smart-coupons","status":"publish","type":"product","link":"https:\/\/gpl-love.com\/es\/producto\/yaymail-smart-coupons\/","title":{"rendered":"YayMail Smart Coupons 4.0"},"content":{"rendered":"<h3>YayMail Smart Coupons Caracteristicas<\/h3>\n<p>Yaymail Smart Coupons se erige como una herramienta inmensamente poderosa e innovadora, lo que permite a las empresas crear y difundir cupones personalizados a sus valiosos clientes. Esta soluci\u00f3n de vanguardia ofrece una interfaz navegable sin esfuerzo y una gran cantidad de opciones de orientaci\u00f3n avanzada, lo que permite a las empresas alcanzar efectivamente su base de clientes con ofertas con precisi\u00f3n en el momento oportuno. Ya sea que su objetivo sea incentivar las compras repetidas, promover productos novedosos o amplificar el tr\u00e1fico a su sitio web, Yaymail Smart Coupons proporciona la m\u00e1xima flexibilidad y control necesarios para obtener sus objetivos de marketing. Adem\u00e1s, con sus an\u00e1lisis integrales de an\u00e1lisis y informes en tiempo real, puede monitorear meticulosamente el rendimiento de sus campa\u00f1as y optimizar estrat\u00e9gicamente sus enfoques para obtener resultados a\u00fan m\u00e1s impresionantes. No pierda tiempo y se embarque en el viaje de aprovechar el potencial de los cupones inteligentes de Yaymail hoy, presenciando de primera mano c\u00f3mo puede impulsar sus ventas y fomentar el crecimiento exponencial dentro de su negocio.<\/p>\n<ul>\n<li>Creaci\u00f3n f\u00e1cil de cupones personalizados<\/li>\n<li>Dise\u00f1os y texto personalizables<\/li>\n<li>Integraci\u00f3n con campa\u00f1as de marketing por correo electr\u00f3nico existentes<\/li>\n<li>Seguimiento e informes del uso y efectividad del cup\u00f3n<\/li>\n<li>Automatizaci\u00f3n de fechas de entrega y vencimiento de cupones<\/li>\n<li>Distribuci\u00f3n de cup\u00f3n dirigida basada en el comportamiento del cliente y la demograf\u00eda<\/li>\n<li>Aumento de la participaci\u00f3n y lealtad del cliente<\/li>\n<li>Aument\u00f3 las ventas y los ingresos a trav\u00e9s del uso de cupones<\/li>\n<\/ul>\n","protected":false},"excerpt":{"rendered":"<p>Yaymail Smart Coupons sirve como la soluci\u00f3n definitiva y que lo abarca para las empresas que buscan reforzar la lealtad del cliente y las ventas de reforzar. Aprovechando una plataforma f\u00e1cil de usar, Yaymail ofrece a las empresas la capacidad de personalizar y personalizar las plantillas de cupones, que son totalmente compatibles con plataformas de comercio electr\u00f3nico ampliamente utilizados. Adem\u00e1s, este sistema monitorea y analiza meticulosamente la participaci\u00f3n del cliente, posteriormente entregando promociones dirigidas con precisi\u00f3n directamente a la bandeja de entrada del destinatario. Al integrarse sin esfuerzo con su estrategia de marketing existente, Yaymail est\u00e1 listo para ayudar a atraer, cautivar y retener a su valiosa clientela.<\/p>\n","protected":false},"featured_media":168763,"comment_status":"open","ping_status":"open","template":"","meta":[],"product_brand":[2651],"product_cat":[1207,1248,1206],"product_tag":[2278],"class_list":{"0":"post-137337","1":"product","2":"type-product","3":"status-publish","4":"has-post-thumbnail","6":"product_brand-yaycommerce","7":"product_cat-comercio-electronico-plugins","8":"product_cat-personalizacion-comercio-electronico-plugins","9":"product_cat-plugins","10":"product_tag-yaycommerce","11":"member-discount","12":"discount-restricted","14":"first","15":"instock","16":"sale","17":"downloadable","18":"virtual","19":"sold-individually","20":"purchasable","21":"product-type-simple"},"_links":{"self":[{"href":"https:\/\/gpl-love.com\/es\/wp-json\/wp\/v2\/product\/137337","targetHints":{"allow":["GET"]}}],"collection":[{"href":"https:\/\/gpl-love.com\/es\/wp-json\/wp\/v2\/product"}],"about":[{"href":"https:\/\/gpl-love.com\/es\/wp-json\/wp\/v2\/types\/product"}],"replies":[{"embeddable":true,"href":"https:\/\/gpl-love.com\/es\/wp-json\/wp\/v2\/comments?post=137337"}],"wp:featuredmedia":[{"embeddable":true,"href":"https:\/\/gpl-love.com\/es\/wp-json\/wp\/v2\/media\/168763"}],"wp:attachment":[{"href":"https:\/\/gpl-love.com\/es\/wp-json\/wp\/v2\/media?parent=137337"}],"wp:term":[{"taxonomy":"product_brand","embeddable":true,"href":"https:\/\/gpl-love.com\/es\/wp-json\/wp\/v2\/product_brand?post=137337"},{"taxonomy":"product_cat","embeddable":true,"href":"https:\/\/gpl-love.com\/es\/wp-json\/wp\/v2\/product_cat?post=137337"},{"taxonomy":"product_tag","embeddable":true,"href":"https:\/\/gpl-love.com\/es\/wp-json\/wp\/v2\/product_tag?post=137337"}],"curies":[{"name":"wp","href":"https:\/\/api.w.org\/{rel}","templated":true}]}}