{"id":137336,"date":"2025-06-05T00:00:00","date_gmt":"2025-06-05T05:00:00","guid":{"rendered":"https:\/\/gpl-love.com\/es\/producto\/yaymail-woocommerce-gift-cards\/"},"modified":"2026-03-09T08:36:55","modified_gmt":"2026-03-09T13:36:55","slug":"yaymail-woocommerce-gift-cards","status":"publish","type":"product","link":"https:\/\/gpl-love.com\/es\/producto\/yaymail-woocommerce-gift-cards\/","title":{"rendered":"YayMail Woocommerce Gift Cards 4.0"},"content":{"rendered":"<h3>YayMail Woocommerce Gift Cards Caracteristicas<\/h3>\n<p>Las tarjetas de regalo de Yaymail WooCommerce sirven como una respuesta impecable para tiendas y empresas en l\u00ednea que buscan ofrecer a sus clientes con la mayor comodidad en la compra y la transmisi\u00f3n de tarjetas de regalo. Este producto en particular ofrece un medio sin esfuerzo y altamente eficiente para elaborar, expender y administrar tarjetas de regalo en un sitio web alimentado por la plataforma din\u00e1mica de WooCommerce. Por medio de dise\u00f1os personalizados y opciones de precios flexibles, las tarjetas de regalo de Yaymail WooCommerce facultan a los clientes adaptar sus tarjetas de regalo con mensajes sinceros y una extensa gama de dise\u00f1os cautivadores. El proceso de adquisici\u00f3n y difusi\u00f3n de tarjetas de regalo es notablemente sencillo e instintivo, lo que lo convierte en una soluci\u00f3n \u00f3ptima para las empresas que anhelan mejorar la experiencia de su cliente y aumentar las ventas. En general, las tarjetas de regalo de Yaymail WooCommerce personifican un instrumento invaluable para cualquier empresa en l\u00ednea que se esfuerce por proporcionar a sus clientes el regalo de las tarjetas de regalo.<\/p>\n<ul>\n<li>Las tarjetas de regalo de Yaymail WooCommerce son el regalo perfecto para cualquier ocasi\u00f3n.<\/li>\n<li>Estas tarjetas de regalo se pueden usar para comprar cualquier producto en su tienda en l\u00ednea.<\/li>\n<li>Disponible en varias denominaciones para adaptarse a cualquier presupuesto.<\/li>\n<li>F\u00e1cil de comprar y enviar electr\u00f3nicamente por correo electr\u00f3nico o impresi\u00f3n.<\/li>\n<li>Se puede canjear en l\u00ednea con un c\u00f3digo \u00fanico proporcionado con la tarjeta de regalo.<\/li>\n<li>Hace regalos que dan problemas sin problemas y convenientes.<\/li>\n<li>Ofrece al destinatario la libertad de elegir el producto que desean comprar.<\/li>\n<li>Un regalo reflexivo para cumplea\u00f1os, vacaciones o cualquier ocasi\u00f3n especial.<\/li>\n<li>Agrega un toque personal a su experiencia de regalos.<\/li>\n<li>Ayuda a aumentar las ventas y la lealtad del cliente para su negocio en l\u00ednea.<\/li>\n<\/ul>\n","protected":false},"excerpt":{"rendered":"<p>Las tarjetas de regalo de Yaymail WooCommerce proporcionan una soluci\u00f3n \u00f3ptima para las personas que buscan otorgar un regalo distintivo y personalizado sobre sus preciados conocidos. Estas tarjetas de regalo poseen la flexibilidad que se utilizar\u00e1 para la compra de cualquier art\u00edculo que se pueda obtener dentro del amplio mercado de WooCommerce. Adem\u00e1s, ofrecen una extensa variedad de alternativas de dise\u00f1o cautivadoras, lo que le brinda al dador de regalos abundantes opciones. En virtud de su practicidad y conveniencia, las tarjetas de regalo de WooCommerce de Yaymail sirven como un medio ideal a trav\u00e9s del cual se puede expresar gratitud y capacitar a su receptor con el invaluable don de selecci\u00f3n.<\/p>\n","protected":false},"featured_media":168762,"comment_status":"open","ping_status":"open","template":"","meta":[],"product_brand":[2651],"product_cat":[1207,1248,1206],"product_tag":[2278],"class_list":{"0":"post-137336","1":"product","2":"type-product","3":"status-publish","4":"has-post-thumbnail","6":"product_brand-yaycommerce","7":"product_cat-comercio-electronico-plugins","8":"product_cat-personalizacion-comercio-electronico-plugins","9":"product_cat-plugins","10":"product_tag-yaycommerce","11":"member-discount","12":"discount-restricted","14":"first","15":"instock","16":"sale","17":"downloadable","18":"virtual","19":"sold-individually","20":"purchasable","21":"product-type-simple"},"_links":{"self":[{"href":"https:\/\/gpl-love.com\/es\/wp-json\/wp\/v2\/product\/137336","targetHints":{"allow":["GET"]}}],"collection":[{"href":"https:\/\/gpl-love.com\/es\/wp-json\/wp\/v2\/product"}],"about":[{"href":"https:\/\/gpl-love.com\/es\/wp-json\/wp\/v2\/types\/product"}],"replies":[{"embeddable":true,"href":"https:\/\/gpl-love.com\/es\/wp-json\/wp\/v2\/comments?post=137336"}],"wp:featuredmedia":[{"embeddable":true,"href":"https:\/\/gpl-love.com\/es\/wp-json\/wp\/v2\/media\/168762"}],"wp:attachment":[{"href":"https:\/\/gpl-love.com\/es\/wp-json\/wp\/v2\/media?parent=137336"}],"wp:term":[{"taxonomy":"product_brand","embeddable":true,"href":"https:\/\/gpl-love.com\/es\/wp-json\/wp\/v2\/product_brand?post=137336"},{"taxonomy":"product_cat","embeddable":true,"href":"https:\/\/gpl-love.com\/es\/wp-json\/wp\/v2\/product_cat?post=137336"},{"taxonomy":"product_tag","embeddable":true,"href":"https:\/\/gpl-love.com\/es\/wp-json\/wp\/v2\/product_tag?post=137336"}],"curies":[{"name":"wp","href":"https:\/\/api.w.org\/{rel}","templated":true}]}}